{"id":73787,"date":"2024-04-06T15:44:05","date_gmt":"2024-04-06T13:44:05","guid":{"rendered":"https:\/\/staging5.peach-pump.com\/?post_type=product&#038;p=73787"},"modified":"2025-06-04T15:13:10","modified_gmt":"2025-06-04T13:13:10","slug":"krotka-biala-sportowa-bluza-z-haftem","status":"publish","type":"product","link":"https:\/\/staging5.peach-pump.com\/pl\/products\/krotka-biala-sportowa-bluza-z-haftem\/","title":{"rendered":"Kr\u00f3tka, bia\u0142a, sportowa bluza z haftem Peach Pump"},"content":{"rendered":"<p>Kr\u00f3tka, bia\u0142a, sportowa bluza, nowoczesny kr\u00f3j i efektowny szary haft 3D Peach Pump. Ten Crop Top jest bawe\u0142niany, przyjemny w dotyku i idealny na cieplejsze dni. Nadaje si\u0119 zar\u00f3wno na spacer rekreacyjny, jak i trening na si\u0142owni, poczujesz si\u0119 w nim komfortowo i seksownie. Wz\u00f3r idealnie komponuje si\u0119 z szortami lub legginsami marki, aby dope\u0142ni\u0107 idealny wygl\u0105d.<\/p>\n<ul>\n<li>Crop Top<\/li>\n<li>Efektowny kr\u00f3j<\/li>\n<li>Haftowany napis 3D i logo Peach Pump z przodu<\/li>\n<li>Tkanina bawe\u0142niana<\/li>\n<\/ul>\n<p>95% bawe\u0142na, 5% elastan<\/p>\n<p>Bluze mo\u017cna pra\u0107 w temperaturze do 30 stopni. Nie wybiela\u0107. Nie czy\u015bci\u0107 chemicznie.<\/p>\n<p>Modelka na zdj\u0119ciu ma 170 wzrostu, wa\u017cy 49 kg i nosi rozmiar S.<\/p>\n<p>Aby wybra\u0107 dok\u0142adny rozmiar, skorzystaj z tabel rozmiarowych.<\/p>\n","protected":false},"excerpt":{"rendered":"<p>Kr\u00f3tka, bia\u0142a, sportowa bluza, nowoczesny kr\u00f3j i efektowny szary haft 3D Peach Pump. Ten Crop Top jest bawe\u0142niany, przyjemny w dotyku i idealny na cieplejsze dni. Nadaje si\u0119 zar\u00f3wno na spacer rekreacyjny, jak i trening na si\u0142owni, poczujesz si\u0119 w nim komfortowo i seksownie. Wz\u00f3r idealnie komponuje si\u0119 z szortami lub legginsami marki, aby dope\u0142ni\u0107 [&hellip;]<\/p>\n","protected":false},"featured_media":74041,"comment_status":"open","ping_status":"closed","template":"","meta":[],"product_brand":[],"product_cat":[360],"product_tag":[],"class_list":{"0":"post-73787","1":"product","2":"type-product","3":"status-publish","4":"has-post-thumbnail","6":"product_cat-bluzki-koszulki-fitness-sportowe","7":"pa_cviat-bialy-pl","8":"pa_razmer-m-pl-2","9":"pa_razmer-s-pl-2","10":"inventories-world","11":"inventories-uk","13":"first","14":"instock","15":"taxable","16":"shipping-taxable","17":"purchasable","18":"product-type-variable"},"_links":{"self":[{"href":"https:\/\/staging5.peach-pump.com\/pl\/wp-json\/wp\/v2\/product\/73787","targetHints":{"allow":["GET"]}}],"collection":[{"href":"https:\/\/staging5.peach-pump.com\/pl\/wp-json\/wp\/v2\/product"}],"about":[{"href":"https:\/\/staging5.peach-pump.com\/pl\/wp-json\/wp\/v2\/types\/product"}],"replies":[{"embeddable":true,"href":"https:\/\/staging5.peach-pump.com\/pl\/wp-json\/wp\/v2\/comments?post=73787"}],"version-history":[{"count":1,"href":"https:\/\/staging5.peach-pump.com\/pl\/wp-json\/wp\/v2\/product\/73787\/revisions"}],"predecessor-version":[{"id":111438,"href":"https:\/\/staging5.peach-pump.com\/pl\/wp-json\/wp\/v2\/product\/73787\/revisions\/111438"}],"wp:featuredmedia":[{"embeddable":true,"href":"https:\/\/staging5.peach-pump.com\/pl\/wp-json\/wp\/v2\/media\/74041"}],"wp:attachment":[{"href":"https:\/\/staging5.peach-pump.com\/pl\/wp-json\/wp\/v2\/media?parent=73787"}],"wp:term":[{"taxonomy":"product_brand","embeddable":true,"href":"https:\/\/staging5.peach-pump.com\/pl\/wp-json\/wp\/v2\/product_brand?post=73787"},{"taxonomy":"product_cat","embeddable":true,"href":"https:\/\/staging5.peach-pump.com\/pl\/wp-json\/wp\/v2\/product_cat?post=73787"},{"taxonomy":"product_tag","embeddable":true,"href":"https:\/\/staging5.peach-pump.com\/pl\/wp-json\/wp\/v2\/product_tag?post=73787"}],"curies":[{"name":"wp","href":"https:\/\/api.w.org\/{rel}","templated":true}]}}