{"id":73678,"date":"2024-04-01T00:40:38","date_gmt":"2024-03-31T22:40:38","guid":{"rendered":"https:\/\/staging5.peach-pump.com\/products\/jasnoszare-krotkie-legginsy-z-talia-w-ksztalcie-litery-v\/"},"modified":"2025-07-31T12:54:37","modified_gmt":"2025-07-31T10:54:37","slug":"jasnoszare-krotkie-legginsy-z-talia-w-ksztalcie-litery-v","status":"publish","type":"product","link":"https:\/\/staging5.peach-pump.com\/pl\/products\/jasnoszare-krotkie-legginsy-z-talia-w-ksztalcie-litery-v\/","title":{"rendered":"Bezszwowe, jasnoszare, kr\u00f3tkie legginsy z tali\u0105 w kszta\u0142cie litery V"},"content":{"rendered":"<p>Sportowe, bezszwowe, jasnoszare kr\u00f3tkie legginsy z tali\u0105 w kszta\u0142cie litery V, kt\u00f3re delikatnie \u015bci\u0105gaj\u0105 i rze\u017abi\u0105 sylwetk\u0119. Idealny do treningu aerobowego lub si\u0142owego, a tak\u017ce do spacer\u00f3w po parku w wolnym czasie. Dzi\u0119ki temu modelowi leggins\u00f3w poczujesz si\u0119 komfortowo i seksownie, materia\u0142 jest bezszwowy, elastyczny i idealnie dopasowuje si\u0119 do cia\u0142a. Jasnoszary kolor jest modny na lato i mo\u017cna go \u0142atwo po\u0142\u0105czy\u0107 ze sportow\u0105 koszulk\u0105, sportowym stanikiem lub akcesoriami z kolekcji Peach Pump, aby idealnie uzupe\u0142ni\u0107 sportowy zestaw.<\/p>\n<ul>\n<li>Wysoka talia w kszta\u0142cie V<\/li>\n<li>Tkanina bez szw\u00f3w<\/li>\n<li>Podnosz\u0105, modeluj\u0105, ukrywaj\u0105 problematyczne obszary<\/li>\n<li>Pr\u0105\u017ckowany pas obejmuj\u0105cy talie<\/li>\n<li>Peachy efekt<\/li>\n<li>Bez szwu z przodu<\/li>\n<li>Termicznie naklejone logo Peach Pump z ty\u0142u leggins\u00f3w<\/li>\n<li>Logo Peach Pump z przodu leggins\u00f3w<\/li>\n<li>Tkanina odprowadzaj\u0105ca wilgo\u0107 z cia\u0142a<\/li>\n<\/ul>\n<p>&nbsp;<\/p>\n<p>Sk\u0142ad: 80% poliester 20% elastan<\/p>\n<p>Legginsy mo\u017cna pra\u0107 w temperaturze do 30 stopni. Nie wybiela\u0107 i nie czy\u015bci\u0107 chemicznie.<\/p>\n<p>Modelka na zdj\u0119ciu ma 165 cm wzrostu, wa\u017cy 52 kg i nosi rozmiar M.<\/p>\n<p>Aby wybra\u0107 dok\u0142adny rozmiar, skorzystaj z tabel rozmiarowych.<\/p>\n<p><a href=\"https:\/\/staging5.peach-pump.com\/wp-content\/uploads\/2024\/04\/C274427E-CD99-455E-B65B-E536C277DEAA.png\"><img class=\"alignnone wp-image-72322 \" src=\"https:\/\/staging5.peach-pump.com\/wp-content\/uploads\/2024\/04\/C274427E-CD99-455E-B65B-E536C277DEAA.png\" alt=\"\" width=\"759\" height=\"569\" srcset=\"https:\/\/staging5.peach-pump.com\/wp-content\/uploads\/2024\/04\/C274427E-CD99-455E-B65B-E536C277DEAA.png 1024w, https:\/\/staging5.peach-pump.com\/wp-content\/uploads\/2024\/04\/C274427E-CD99-455E-B65B-E536C277DEAA-430x323.png 430w, https:\/\/staging5.peach-pump.com\/wp-content\/uploads\/2024\/04\/C274427E-CD99-455E-B65B-E536C277DEAA-150x113.png 150w, https:\/\/staging5.peach-pump.com\/wp-content\/uploads\/2024\/04\/C274427E-CD99-455E-B65B-E536C277DEAA-700x525.png 700w, https:\/\/staging5.peach-pump.com\/wp-content\/uploads\/2024\/04\/C274427E-CD99-455E-B65B-E536C277DEAA-64x48.png 64w, https:\/\/staging5.peach-pump.com\/wp-content\/uploads\/2024\/04\/C274427E-CD99-455E-B65B-E536C277DEAA-400x300.png 400w, https:\/\/staging5.peach-pump.com\/wp-content\/uploads\/2024\/04\/C274427E-CD99-455E-B65B-E536C277DEAA-768x576.png 768w, https:\/\/staging5.peach-pump.com\/wp-content\/uploads\/2024\/04\/C274427E-CD99-455E-B65B-E536C277DEAA-860x645.png 860w\" sizes=\"(max-width: 759px) 100vw, 759px\" \/><\/a><\/p>\n","protected":false},"excerpt":{"rendered":"<p>Sportowe, bezszwowe, jasnoszare kr\u00f3tkie legginsy z tali\u0105 w kszta\u0142cie litery V, kt\u00f3re delikatnie \u015bci\u0105gaj\u0105 i rze\u017abi\u0105 sylwetk\u0119. Idealny do treningu aerobowego lub si\u0142owego, a tak\u017ce do spacer\u00f3w po parku w wolnym czasie. Dzi\u0119ki temu modelowi leggins\u00f3w poczujesz si\u0119 komfortowo i seksownie, materia\u0142 jest bezszwowy, elastyczny i idealnie dopasowuje si\u0119 do cia\u0142a. Jasnoszary kolor jest modny [&hellip;]<\/p>\n","protected":false},"featured_media":72573,"comment_status":"open","ping_status":"closed","template":"","meta":[],"product_brand":[],"product_cat":[144,201],"product_tag":[],"class_list":{"0":"post-73678","1":"product","2":"type-product","3":"status-publish","4":"has-post-thumbnail","6":"product_cat-legginsy-sportowe-damskie","7":"product_cat-krotkie-legginsy","8":"pa_cviat-szary","9":"pa_razmer-l-pl","10":"pa_razmer-m-pl-2","11":"pa_razmer-s-pl-2","12":"inventories-world","13":"inventories-uk","15":"first","16":"instock","17":"sale","18":"taxable","19":"shipping-taxable","20":"purchasable","21":"product-type-variable"},"_links":{"self":[{"href":"https:\/\/staging5.peach-pump.com\/pl\/wp-json\/wp\/v2\/product\/73678","targetHints":{"allow":["GET"]}}],"collection":[{"href":"https:\/\/staging5.peach-pump.com\/pl\/wp-json\/wp\/v2\/product"}],"about":[{"href":"https:\/\/staging5.peach-pump.com\/pl\/wp-json\/wp\/v2\/types\/product"}],"replies":[{"embeddable":true,"href":"https:\/\/staging5.peach-pump.com\/pl\/wp-json\/wp\/v2\/comments?post=73678"}],"version-history":[{"count":0,"href":"https:\/\/staging5.peach-pump.com\/pl\/wp-json\/wp\/v2\/product\/73678\/revisions"}],"wp:featuredmedia":[{"embeddable":true,"href":"https:\/\/staging5.peach-pump.com\/pl\/wp-json\/wp\/v2\/media\/72573"}],"wp:attachment":[{"href":"https:\/\/staging5.peach-pump.com\/pl\/wp-json\/wp\/v2\/media?parent=73678"}],"wp:term":[{"taxonomy":"product_brand","embeddable":true,"href":"https:\/\/staging5.peach-pump.com\/pl\/wp-json\/wp\/v2\/product_brand?post=73678"},{"taxonomy":"product_cat","embeddable":true,"href":"https:\/\/staging5.peach-pump.com\/pl\/wp-json\/wp\/v2\/product_cat?post=73678"},{"taxonomy":"product_tag","embeddable":true,"href":"https:\/\/staging5.peach-pump.com\/pl\/wp-json\/wp\/v2\/product_tag?post=73678"}],"curies":[{"name":"wp","href":"https:\/\/api.w.org\/{rel}","templated":true}]}}