{"id":60509,"date":"2023-10-12T14:26:05","date_gmt":"2023-10-12T12:26:05","guid":{"rendered":"https:\/\/staging5.peach-pump.com\/products\/damska-kurtka-sportowa-z-zamkiem-blyskawicznym-i-kieszeniami-w-kolorze-bezowym\/"},"modified":"2025-06-02T10:30:06","modified_gmt":"2025-06-02T08:30:06","slug":"damska-sportowa-kurtka-bezow-kolor","status":"publish","type":"product","link":"https:\/\/staging5.peach-pump.com\/pl\/products\/damska-sportowa-kurtka-bezow-kolor\/","title":{"rendered":"Damska kurtka sportowa z zamkiem b\u0142yskawicznym i kieszeniami w kolorze be\u017cowym"},"content":{"rendered":"<p>Damska kurtka sportowa z kieszeniami w jesiennym kolorze be\u017cowym, posiada zamek b\u0142yskawiczny i otwory na kciuki na r\u0119kawach, dzi\u0119ki czemu r\u0119kawy nie podwijaj\u0105 si\u0119 podczas treningu, biegania lub jazdy na rowerze. Kr\u00f3j kurtki jest bardzo pi\u0119kny, rze\u017abi sylwetk\u0119 i idealnie uk\u0142ada si\u0119 na ciele. Mo\u017cna j\u0105 \u0142\u0105czy\u0107 z legginsami lub stanikami w r\u00f3\u017cnych kolorach pastelowych z kolekcji Peach Pump.<\/p>\n<ul>\n<li>Elastyczny, szybkoschn\u0105cy materia\u0142<\/li>\n<li>Zgrzewane logo Peach Pump na ramieniu<\/li>\n<li>Zapi\u0119cie na zamek b\u0142yskawiczny<\/li>\n<li>Kieszenie z przodu kurtki<\/li>\n<li>Otwory na kciuki<\/li>\n<li>Model modeluj\u0105cy sylwetk\u0119<\/li>\n<\/ul>\n<p>Sk\u0142ad: 80% poliester 20% elastan<\/p>\n<p>Legginsy mo\u017cna pra\u0107 w temperaturze do 30 stopni. Nie wybiela\u0107. Nie czy\u015bci\u0107 chemicznie.<\/p>\n<p>Model na zdj\u0119ciu ma 168 cm wzrostu, wa\u017cy 52 kg i prezentuje legginsy w rozmiarze S.<\/p>\n<p>Obw\u00f3d klatki piersiowej: S: 85-90 cm \/ M: 90-95 cm \/ L: 95-100 cm<\/p>\n<p>&nbsp;<\/p>\n","protected":false},"excerpt":{"rendered":"<p>Damska kurtka sportowa z kieszeniami w jesiennym kolorze be\u017cowym, posiada zamek b\u0142yskawiczny i otwory na kciuki na r\u0119kawach, dzi\u0119ki czemu r\u0119kawy nie podwijaj\u0105 si\u0119 podczas treningu, biegania lub jazdy na rowerze. Kr\u00f3j kurtki jest bardzo pi\u0119kny, rze\u017abi sylwetk\u0119 i idealnie uk\u0142ada si\u0119 na ciele. Mo\u017cna j\u0105 \u0142\u0105czy\u0107 z legginsami lub stanikami w r\u00f3\u017cnych kolorach pastelowych [&hellip;]<\/p>\n","protected":false},"featured_media":52765,"comment_status":"open","ping_status":"closed","template":"","meta":[],"product_brand":[],"product_cat":[923,360],"product_tag":[],"class_list":{"0":"post-60509","1":"product","2":"type-product","3":"status-publish","4":"has-post-thumbnail","6":"product_cat-damskie-kurtki","7":"product_cat-bluzki-koszulki-fitness-sportowe","8":"pa_cviat-bezowy","9":"pa_razmer-l-pl","10":"pa_razmer-m-pl-2","11":"pa_razmer-s-pl-2","12":"inventories-world","13":"inventories-uk","15":"first","16":"instock","17":"taxable","18":"shipping-taxable","19":"purchasable","20":"product-type-variable"},"_links":{"self":[{"href":"https:\/\/staging5.peach-pump.com\/pl\/wp-json\/wp\/v2\/product\/60509","targetHints":{"allow":["GET"]}}],"collection":[{"href":"https:\/\/staging5.peach-pump.com\/pl\/wp-json\/wp\/v2\/product"}],"about":[{"href":"https:\/\/staging5.peach-pump.com\/pl\/wp-json\/wp\/v2\/types\/product"}],"replies":[{"embeddable":true,"href":"https:\/\/staging5.peach-pump.com\/pl\/wp-json\/wp\/v2\/comments?post=60509"}],"version-history":[{"count":0,"href":"https:\/\/staging5.peach-pump.com\/pl\/wp-json\/wp\/v2\/product\/60509\/revisions"}],"wp:featuredmedia":[{"embeddable":true,"href":"https:\/\/staging5.peach-pump.com\/pl\/wp-json\/wp\/v2\/media\/52765"}],"wp:attachment":[{"href":"https:\/\/staging5.peach-pump.com\/pl\/wp-json\/wp\/v2\/media?parent=60509"}],"wp:term":[{"taxonomy":"product_brand","embeddable":true,"href":"https:\/\/staging5.peach-pump.com\/pl\/wp-json\/wp\/v2\/product_brand?post=60509"},{"taxonomy":"product_cat","embeddable":true,"href":"https:\/\/staging5.peach-pump.com\/pl\/wp-json\/wp\/v2\/product_cat?post=60509"},{"taxonomy":"product_tag","embeddable":true,"href":"https:\/\/staging5.peach-pump.com\/pl\/wp-json\/wp\/v2\/product_tag?post=60509"}],"curies":[{"name":"wp","href":"https:\/\/api.w.org\/{rel}","templated":true}]}}