{"id":60326,"date":"2022-06-19T09:01:06","date_gmt":"2022-06-19T07:01:06","guid":{"rendered":"https:\/\/staging5.peach-pump.com\/products\/krotkie-biale-legginsy-do-fitnessu-i-biegania-z-prazkowanego-materialu\/"},"modified":"2025-07-31T10:14:06","modified_gmt":"2025-07-31T08:14:06","slug":"krotkie-biale-legginsy-do-fitnessu-material-prazkowany","status":"publish","type":"product","link":"https:\/\/staging5.peach-pump.com\/pl\/products\/krotkie-biale-legginsy-do-fitnessu-material-prazkowany\/","title":{"rendered":"Kr\u00f3tkie bia\u0142e legginsy do fitnessu i biegania z pr\u0105\u017ckowanego materia\u0142u"},"content":{"rendered":"<p>Kr\u00f3tkie bia\u0142e legginsy do fitnessu i innych sport\u00f3w z pr\u0105\u017ckowanego materia\u0142u. Legginsy s\u0105 bardziej wyci\u0119te, z grubszego materia\u0142u, nieprzezroczyste, pi\u0119knie uk\u0142adaj\u0105 si\u0119 na ciele. Model jest z wysokim stanem i mo\u017cna go po\u0142\u0105czy\u0107 z bia\u0142\u0105 koszulk\u0105 lub stanikiem na jedno rami\u0119, kt\u00f3re wykonane s\u0105 z tego samego materia\u0142u. Patrz na naszej stronie w zak\u0142adce Koszulki i staniki.<\/p>\n<ul>\n<li>Wysoki stan<\/li>\n<li>Pr\u0105\u017ckowany materia\u0142u<\/li>\n<li>Obejmuj\u0105cy tali\u0119 pr\u0105\u017ckowany pas<\/li>\n<li>Bez szwu z przodu<\/li>\n<li>Zgrzewane logo Peach Pump z ty\u0142u leggins\u00f3w<\/li>\n<\/ul>\n<p>Sk\u0142ad: 80% poliester 20% elastan<\/p>\n<p>Legginsy mo\u017cna pra\u0107 w temperaturze do 30 stopni. Nie wybiela\u0107. Nie czy\u015bci\u0107 chemicznie.<\/p>\n<p>Model na zdj\u0119ciu ma 178 cm wzrostu, wa\u017cy 54 kg i prezentuje legginsy w rozmiarze S.<\/p>\n<p>Aby wybra\u0107 dok\u0142adny rozmiar, skorzystaj z tabel rozmiarowych.<\/p>\n","protected":false},"excerpt":{"rendered":"<p>Kr\u00f3tkie bia\u0142e legginsy do fitnessu i innych sport\u00f3w z pr\u0105\u017ckowanego materia\u0142u. Legginsy s\u0105 bardziej wyci\u0119te, z grubszego materia\u0142u, nieprzezroczyste, pi\u0119knie uk\u0142adaj\u0105 si\u0119 na ciele. Model jest z wysokim stanem i mo\u017cna go po\u0142\u0105czy\u0107 z bia\u0142\u0105 koszulk\u0105 lub stanikiem na jedno rami\u0119, kt\u00f3re wykonane s\u0105 z tego samego materia\u0142u. Patrz na naszej stronie w zak\u0142adce Koszulki [&hellip;]<\/p>\n","protected":false},"featured_media":12939,"comment_status":"open","ping_status":"closed","template":"","meta":[],"product_brand":[],"product_cat":[144,201],"product_tag":[],"class_list":{"0":"post-60326","1":"product","2":"type-product","3":"status-publish","4":"has-post-thumbnail","6":"product_cat-legginsy-sportowe-damskie","7":"product_cat-krotkie-legginsy","8":"pa_cviat-bialy-pl","9":"pa_razmer-m-pl-2","10":"pa_razmer-s-pl-2","11":"inventories-world","13":"first","14":"instock","15":"sale","16":"taxable","17":"shipping-taxable","18":"purchasable","19":"product-type-variable"},"_links":{"self":[{"href":"https:\/\/staging5.peach-pump.com\/pl\/wp-json\/wp\/v2\/product\/60326","targetHints":{"allow":["GET"]}}],"collection":[{"href":"https:\/\/staging5.peach-pump.com\/pl\/wp-json\/wp\/v2\/product"}],"about":[{"href":"https:\/\/staging5.peach-pump.com\/pl\/wp-json\/wp\/v2\/types\/product"}],"replies":[{"embeddable":true,"href":"https:\/\/staging5.peach-pump.com\/pl\/wp-json\/wp\/v2\/comments?post=60326"}],"version-history":[{"count":0,"href":"https:\/\/staging5.peach-pump.com\/pl\/wp-json\/wp\/v2\/product\/60326\/revisions"}],"wp:featuredmedia":[{"embeddable":true,"href":"https:\/\/staging5.peach-pump.com\/pl\/wp-json\/wp\/v2\/media\/12939"}],"wp:attachment":[{"href":"https:\/\/staging5.peach-pump.com\/pl\/wp-json\/wp\/v2\/media?parent=60326"}],"wp:term":[{"taxonomy":"product_brand","embeddable":true,"href":"https:\/\/staging5.peach-pump.com\/pl\/wp-json\/wp\/v2\/product_brand?post=60326"},{"taxonomy":"product_cat","embeddable":true,"href":"https:\/\/staging5.peach-pump.com\/pl\/wp-json\/wp\/v2\/product_cat?post=60326"},{"taxonomy":"product_tag","embeddable":true,"href":"https:\/\/staging5.peach-pump.com\/pl\/wp-json\/wp\/v2\/product_tag?post=60326"}],"curies":[{"name":"wp","href":"https:\/\/api.w.org\/{rel}","templated":true}]}}