{"id":59864,"date":"2022-06-29T15:21:25","date_gmt":"2022-06-29T13:21:25","guid":{"rendered":"https:\/\/staging5.peach-pump.com\/products\/bezszwowe-legginsy-sportowe-w-opalizujacych-niebieskich-kolorach\/"},"modified":"2025-12-07T11:31:43","modified_gmt":"2025-12-07T09:31:43","slug":"bezszwowe-sportowe-legginsy-opalizujace-niebieskie","status":"publish","type":"product","link":"https:\/\/staging5.peach-pump.com\/pl\/products\/bezszwowe-sportowe-legginsy-opalizujace-niebieskie\/","title":{"rendered":"Bezszwowe legginsy sportowe w opalizuj\u0105cych niebieskich kolorach"},"content":{"rendered":"<p>Damskie bezszwowe legginsy sportowe w opalizuj\u0105cych niebieskich kolorach. Legginsy wykonane s\u0105 z bezszwowej tkaniny, posiadaj\u0105 laserowo pocienione elementy, kt\u00f3re zapobiegaj\u0105 poceniu si\u0119 podczas treningu lub biegu. Legginsy posiadaj\u0105 pi\u0119kny efekt Peach Pump, kolory p\u0142ynnie przechodz\u0105 jeden w drugi, model z wysokim stanem i obcis\u0142ym pasem, kt\u00f3ry wyszczupla i modeluje. Przy wyborze rozmiaru nale\u017cy pami\u0119ta\u0107, \u017ce legginsy wykonane s\u0105 z materia\u0142u bardziej obcis\u0142ego, nasz model ma na sobie rozmiar M.<\/p>\n<ul>\n<li>Wysoki stan<\/li>\n<li>Tkanina bez szw\u00f3w<\/li>\n<li>Podnosz\u0105 i modeluj\u0105<\/li>\n<li>Obejmuj\u0105cy tali\u0119 pr\u0105\u017ckowany pas<\/li>\n<li>Peachy efekt<\/li>\n<li>Bez szwu z przodu<\/li>\n<li>Termicznie naklejone logo Peach Pump z ty\u0142u leggins\u00f3w<\/li>\n<li>Technologia odprowadzania potu<\/li>\n<\/ul>\n<p>Sk\u0142ad: 80% poliester 20% elastan<\/p>\n<p>Legginsy mo\u017cna pra\u0107 w temperaturze nie wy\u017cszej ni\u017c 30 stopni, nie wybiela\u0107, nie czy\u015bci\u0107 chemicznie.<\/p>\n<p>Model na zdj\u0119ciu ma 178 cm wzrostu, wa\u017cy 54 kg i prezentuje legginsy w rozmiarze M (legginsy wykonane s\u0105 z materia\u0142u bardziej obcis\u0142ego).<\/p>\n<p>Aby wybra\u0107 dok\u0142adny rozmiar, skorzystaj z tabel rozmiarowych.<\/p>\n","protected":false},"excerpt":{"rendered":"<p>Damskie bezszwowe legginsy sportowe w opalizuj\u0105cych niebieskich kolorach. Legginsy wykonane s\u0105 z bezszwowej tkaniny, posiadaj\u0105 laserowo pocienione elementy, kt\u00f3re zapobiegaj\u0105 poceniu si\u0119 podczas treningu lub biegu. Legginsy posiadaj\u0105 pi\u0119kny efekt Peach Pump, kolory p\u0142ynnie przechodz\u0105 jeden w drugi, model z wysokim stanem i obcis\u0142ym pasem, kt\u00f3ry wyszczupla i modeluje. Przy wyborze rozmiaru nale\u017cy pami\u0119ta\u0107, \u017ce [&hellip;]<\/p>\n","protected":false},"featured_media":17829,"comment_status":"open","ping_status":"closed","template":"","meta":[],"product_brand":[],"product_cat":[144,307],"product_tag":[],"class_list":{"0":"post-59864","1":"product","2":"type-product","3":"status-publish","4":"has-post-thumbnail","6":"product_cat-legginsy-sportowe-damskie","7":"product_cat-legginsy-damskie-dlugie","8":"pa_cviat-niebieski","9":"pa_razmer-l-pl","10":"pa_razmer-m-pl-2","11":"pa_razmer-s-pl-2","12":"inventories-world","13":"inventories-uk","15":"first","16":"instock","17":"sale","18":"taxable","19":"shipping-taxable","20":"purchasable","21":"product-type-variable"},"_links":{"self":[{"href":"https:\/\/staging5.peach-pump.com\/pl\/wp-json\/wp\/v2\/product\/59864","targetHints":{"allow":["GET"]}}],"collection":[{"href":"https:\/\/staging5.peach-pump.com\/pl\/wp-json\/wp\/v2\/product"}],"about":[{"href":"https:\/\/staging5.peach-pump.com\/pl\/wp-json\/wp\/v2\/types\/product"}],"replies":[{"embeddable":true,"href":"https:\/\/staging5.peach-pump.com\/pl\/wp-json\/wp\/v2\/comments?post=59864"}],"version-history":[{"count":0,"href":"https:\/\/staging5.peach-pump.com\/pl\/wp-json\/wp\/v2\/product\/59864\/revisions"}],"wp:featuredmedia":[{"embeddable":true,"href":"https:\/\/staging5.peach-pump.com\/pl\/wp-json\/wp\/v2\/media\/17829"}],"wp:attachment":[{"href":"https:\/\/staging5.peach-pump.com\/pl\/wp-json\/wp\/v2\/media?parent=59864"}],"wp:term":[{"taxonomy":"product_brand","embeddable":true,"href":"https:\/\/staging5.peach-pump.com\/pl\/wp-json\/wp\/v2\/product_brand?post=59864"},{"taxonomy":"product_cat","embeddable":true,"href":"https:\/\/staging5.peach-pump.com\/pl\/wp-json\/wp\/v2\/product_cat?post=59864"},{"taxonomy":"product_tag","embeddable":true,"href":"https:\/\/staging5.peach-pump.com\/pl\/wp-json\/wp\/v2\/product_tag?post=59864"}],"curies":[{"name":"wp","href":"https:\/\/api.w.org\/{rel}","templated":true}]}}