{"id":59540,"date":"2022-07-04T18:32:56","date_gmt":"2022-07-04T16:32:56","guid":{"rendered":"https:\/\/staging5.peach-pump.com\/products\/rozowa-bluza-sportowa-z-zamkiem-blyskawicznym-do-fitnessu\/"},"modified":"2025-07-19T05:39:54","modified_gmt":"2025-07-19T03:39:54","slug":"rozowa-sportowa-bluza-z-zamkiem-do-fitnessu","status":"publish","type":"product","link":"https:\/\/staging5.peach-pump.com\/pl\/products\/rozowa-sportowa-bluza-z-zamkiem-do-fitnessu\/","title":{"rendered":"R\u00f3\u017cowa bluza sportowa z zamkiem b\u0142yskawicznym do fitnessu"},"content":{"rendered":"<p>Damska r\u00f3\u017cowa bluza sportowa z zamkiem do fitnessu i sportu wykonana z mi\u0119kkiego pr\u0105\u017ckowanego materia\u0142u. Bluza posiada podw\u00f3jny zamek b\u0142yskawiczny, dzi\u0119ki czemu wygl\u0105da ciekawie i wyr\u00f3\u017cnia si\u0119. Nadaje si\u0119 do fitnessu, jogi, tenisa i spacer\u00f3w. Wykonana jest z materia\u0142u oddychaj\u0105cego, kt\u00f3ry nie pozostawia \u015blad\u00f3w potu. W modelu tym poczujesz si\u0119 komfortowo i pewnie.<\/p>\n<ul>\n<li>Pr\u0105\u017ckowany materia\u0142<\/li>\n<li>Podw\u00f3jny zamek b\u0142yskawiczny<\/li>\n<li>Du\u017ca elastyczno\u015b\u0107<\/li>\n<li>Zgrzewane logo Peach Pump z przodu bluzki<\/li>\n<li>Technologia odprowadzania potu<\/li>\n<\/ul>\n<p>Sk\u0142ad: 80% poliester 20% elastan<\/p>\n<p>Bluze mo\u017cna pra\u0107 w temperaturze do 30 stopni. Nie wybiela\u0107. Nie czy\u015bci\u0107 chemicznie.<\/p>\n<p>Model na zdj\u0119ciu ma 178 cm wzrostu, wa\u017cy 54 kg i nosi rozmiar M.<\/p>\n<p>Aby wybra\u0107 dok\u0142adny rozmiar, skorzystaj z tabel rozmiarowych.<\/p>\n","protected":false},"excerpt":{"rendered":"<p>Damska r\u00f3\u017cowa bluza sportowa z zamkiem do fitnessu i sportu wykonana z mi\u0119kkiego pr\u0105\u017ckowanego materia\u0142u. Bluza posiada podw\u00f3jny zamek b\u0142yskawiczny, dzi\u0119ki czemu wygl\u0105da ciekawie i wyr\u00f3\u017cnia si\u0119. Nadaje si\u0119 do fitnessu, jogi, tenisa i spacer\u00f3w. Wykonana jest z materia\u0142u oddychaj\u0105cego, kt\u00f3ry nie pozostawia \u015blad\u00f3w potu. W modelu tym poczujesz si\u0119 komfortowo i pewnie. Pr\u0105\u017ckowany materia\u0142 [&hellip;]<\/p>\n","protected":false},"featured_media":18516,"comment_status":"open","ping_status":"closed","template":"","meta":[],"product_brand":[],"product_cat":[360],"product_tag":[],"class_list":{"0":"post-59540","1":"product","2":"type-product","3":"status-publish","4":"has-post-thumbnail","6":"product_cat-bluzki-koszulki-fitness-sportowe","7":"pa_cviat-rozowy","8":"pa_razmer-m-pl-2","9":"pa_razmer-s-pl-2","10":"inventories-world","11":"inventories-uk","13":"first","14":"instock","15":"sale","16":"taxable","17":"shipping-taxable","18":"purchasable","19":"product-type-variable"},"_links":{"self":[{"href":"https:\/\/staging5.peach-pump.com\/pl\/wp-json\/wp\/v2\/product\/59540","targetHints":{"allow":["GET"]}}],"collection":[{"href":"https:\/\/staging5.peach-pump.com\/pl\/wp-json\/wp\/v2\/product"}],"about":[{"href":"https:\/\/staging5.peach-pump.com\/pl\/wp-json\/wp\/v2\/types\/product"}],"replies":[{"embeddable":true,"href":"https:\/\/staging5.peach-pump.com\/pl\/wp-json\/wp\/v2\/comments?post=59540"}],"version-history":[{"count":0,"href":"https:\/\/staging5.peach-pump.com\/pl\/wp-json\/wp\/v2\/product\/59540\/revisions"}],"wp:featuredmedia":[{"embeddable":true,"href":"https:\/\/staging5.peach-pump.com\/pl\/wp-json\/wp\/v2\/media\/18516"}],"wp:attachment":[{"href":"https:\/\/staging5.peach-pump.com\/pl\/wp-json\/wp\/v2\/media?parent=59540"}],"wp:term":[{"taxonomy":"product_brand","embeddable":true,"href":"https:\/\/staging5.peach-pump.com\/pl\/wp-json\/wp\/v2\/product_brand?post=59540"},{"taxonomy":"product_cat","embeddable":true,"href":"https:\/\/staging5.peach-pump.com\/pl\/wp-json\/wp\/v2\/product_cat?post=59540"},{"taxonomy":"product_tag","embeddable":true,"href":"https:\/\/staging5.peach-pump.com\/pl\/wp-json\/wp\/v2\/product_tag?post=59540"}],"curies":[{"name":"wp","href":"https:\/\/api.w.org\/{rel}","templated":true}]}}