{"id":58845,"date":"2023-10-14T09:36:12","date_gmt":"2023-10-14T07:36:12","guid":{"rendered":"https:\/\/staging5.peach-pump.com\/products\/szara-koszulka-sportowa-z-dlugim-rekawem\/"},"modified":"2025-03-16T15:22:20","modified_gmt":"2025-03-16T13:22:20","slug":"szara-sportowa-koszulka-z-dlugim-rekawem","status":"publish","type":"product","link":"https:\/\/staging5.peach-pump.com\/pl\/products\/szara-sportowa-koszulka-z-dlugim-rekawem\/","title":{"rendered":"Szara koszulka sportowa z d\u0142ugim r\u0119kawem"},"content":{"rendered":"<p>Jasnoszara koszulka sportowa z d\u0142ugim r\u0119kawem z grubszego materia\u0142u. Ten ciekawy model wykonany jest z materia\u0142u w pr\u0105\u017cki, pi\u0119knie uk\u0142ada si\u0119 na ciele i ma wyci\u0119ty dekolt. Mo\u017cna j\u0105 \u0142\u0105czy\u0107 z legginsami w tym samym kolorze lub z g\u0142adkimi legginsami w innym kolorze. Koszulka sprawdzi si\u0119 na ch\u0142odniejsz\u0105 jesienno-zimow\u0105 pogod\u0119, pokochasz jej mi\u0119kko\u015b\u0107, ciep\u0142o i spos\u00f3b, w jaki pie\u015bci Twoje cia\u0142o.<\/p>\n<ul>\n<li>Pr\u0105\u017ckowany materia\u0142<\/li>\n<li>Zgrzewane logo &#8220;Peach Pump&#8221; na ramieniu<\/li>\n<li>Du\u017ca elastyczno\u015b\u0107<\/li>\n<li>Ciekawy kr\u00f3j<\/li>\n<\/ul>\n<p>Sk\u0142ad: 80% poliester 20% elastan<\/p>\n<p>Legginsy mo\u017cna pra\u0107 w temperaturze do 30 stopni. Nie wybiela\u0107. Nie czy\u015bci\u0107 chemicznie.<\/p>\n<p>Model na zdj\u0119ciu ma 169 cm wzrostu, wa\u017cy 52 kg i prezentuje koszulk\u0119 w rozmiarze M.<\/p>\n<p>Obw\u00f3d klatki piersiowej: S: 85-90 cm \/ M: 90-95 cm \/ L: 95-100 cm<\/p>\n","protected":false},"excerpt":{"rendered":"<p>Jasnoszara koszulka sportowa z d\u0142ugim r\u0119kawem z grubszego materia\u0142u. Ten ciekawy model wykonany jest z materia\u0142u w pr\u0105\u017cki, pi\u0119knie uk\u0142ada si\u0119 na ciele i ma wyci\u0119ty dekolt. Mo\u017cna j\u0105 \u0142\u0105czy\u0107 z legginsami w tym samym kolorze lub z g\u0142adkimi legginsami w innym kolorze. Koszulka sprawdzi si\u0119 na ch\u0142odniejsz\u0105 jesienno-zimow\u0105 pogod\u0119, pokochasz jej mi\u0119kko\u015b\u0107, ciep\u0142o i [&hellip;]<\/p>\n","protected":false},"featured_media":54810,"comment_status":"open","ping_status":"closed","template":"","meta":[],"product_brand":[],"product_cat":[360],"product_tag":[],"class_list":{"0":"post-58845","1":"product","2":"type-product","3":"status-publish","4":"has-post-thumbnail","6":"product_cat-bluzki-koszulki-fitness-sportowe","7":"pa_cviat-szary","8":"pa_razmer-l-pl","9":"pa_razmer-m-pl-2","10":"pa_razmer-s-pl-2","11":"inventories-world","12":"inventories-uk","14":"first","15":"instock","16":"taxable","17":"shipping-taxable","18":"purchasable","19":"product-type-variable"},"_links":{"self":[{"href":"https:\/\/staging5.peach-pump.com\/pl\/wp-json\/wp\/v2\/product\/58845","targetHints":{"allow":["GET"]}}],"collection":[{"href":"https:\/\/staging5.peach-pump.com\/pl\/wp-json\/wp\/v2\/product"}],"about":[{"href":"https:\/\/staging5.peach-pump.com\/pl\/wp-json\/wp\/v2\/types\/product"}],"replies":[{"embeddable":true,"href":"https:\/\/staging5.peach-pump.com\/pl\/wp-json\/wp\/v2\/comments?post=58845"}],"version-history":[{"count":0,"href":"https:\/\/staging5.peach-pump.com\/pl\/wp-json\/wp\/v2\/product\/58845\/revisions"}],"wp:featuredmedia":[{"embeddable":true,"href":"https:\/\/staging5.peach-pump.com\/pl\/wp-json\/wp\/v2\/media\/54810"}],"wp:attachment":[{"href":"https:\/\/staging5.peach-pump.com\/pl\/wp-json\/wp\/v2\/media?parent=58845"}],"wp:term":[{"taxonomy":"product_brand","embeddable":true,"href":"https:\/\/staging5.peach-pump.com\/pl\/wp-json\/wp\/v2\/product_brand?post=58845"},{"taxonomy":"product_cat","embeddable":true,"href":"https:\/\/staging5.peach-pump.com\/pl\/wp-json\/wp\/v2\/product_cat?post=58845"},{"taxonomy":"product_tag","embeddable":true,"href":"https:\/\/staging5.peach-pump.com\/pl\/wp-json\/wp\/v2\/product_tag?post=58845"}],"curies":[{"name":"wp","href":"https:\/\/api.w.org\/{rel}","templated":true}]}}