{"id":58754,"date":"2022-09-25T11:18:57","date_gmt":"2022-09-25T09:18:57","guid":{"rendered":"https:\/\/staging5.peach-pump.com\/products\/bezszwowy-stanik-sportowy-z-wbudowanymi-wkladkami-w-kolorze-zoltym\/"},"modified":"2025-07-29T07:35:20","modified_gmt":"2025-07-29T05:35:20","slug":"bezszwowy-stanik-sportowy-zolty-wkladki","status":"publish","type":"product","link":"https:\/\/staging5.peach-pump.com\/pl\/products\/bezszwowy-stanik-sportowy-zolty-wkladki\/","title":{"rendered":"Bezszwowy stanik sportowy z wbudowanymi wk\u0142adkami w kolorze \u017c\u00f3\u0142tym"},"content":{"rendered":"<p>Bezszwowy biustonosz sportowy w kolorze musztardowym, zwanym r\u00f3wnie\u017c Khaki, z niewyjmowanymi wbudowanymi wk\u0142adkami. Model wykonany jest z elastycznej, oddychaj\u0105cej tkaniny, kt\u00f3ra odprowadza pot od cia\u0142a i nie pozostawia plam. Stanik mo\u017cna nosi\u0107 r\u00f3wnie\u017c pod ubraniem, bluzk\u0105, swetrem lub kurtk\u0105, posiada niewidoczny kr\u00f3j, a Ty poczujesz pe\u0142en komfort i swobod\u0119 ruch\u00f3w. Rozmiar jest uniwersalny, z 4-poziomowym zapi\u0119ciem typu biustonosz i szerokim \u015bci\u0105gaczem. Model jest dost\u0119pny w r\u00f3\u017cnych kolorach, mo\u017cna go \u0142\u0105czy\u0107 z legginsami w tym samym lub innym kolorze. Szukaj pod nag\u0142\u00f3wkiem &#8220;Dru\u017cyny sportowe&#8221;. <\/p>\n<ul>\n<li> Wbudowane wk\u0142adki<\/li>\n<li> Efekt Push-Up<\/li>\n<li> G\u0142\u0119boko wyci\u0119ty ty\u0142<\/li>\n<li> Du\u017ca elastyczno\u015b\u0107<\/li>\n<li> Czterostopniowe zapi\u0119cie<\/li>\n<li> Termicznie naklejone logo Peach Pump z boku biustonosza<\/li>\n<li> Technologia odprowadzania potu<\/li>\n<\/ul>\n<p> Sk\u0142ad: 80% poliester, 20% elastan. Stanik mo\u017cna pra\u0107 w temperaturze do 30 stopni. Nie wybiela\u0107. Nie czy\u015bci\u0107 chemicznie. Modelka na zdj\u0119ciu ma 178 cm wzrostu, wa\u017cy 54 kg i pozuje w rozmiarze M. Prosimy o skorzystanie z tabel, aby wybra\u0107 dok\u0142adny rozmiar.<\/p>\n","protected":false},"excerpt":{"rendered":"<p>Bezszwowy biustonosz sportowy w kolorze musztardowym, zwanym r\u00f3wnie\u017c Khaki, z niewyjmowanymi wbudowanymi wk\u0142adkami. Model wykonany jest z elastycznej, oddychaj\u0105cej tkaniny, kt\u00f3ra odprowadza pot od cia\u0142a i nie pozostawia plam. Stanik mo\u017cna nosi\u0107 r\u00f3wnie\u017c pod ubraniem, bluzk\u0105, swetrem lub kurtk\u0105, posiada niewidoczny kr\u00f3j, a Ty poczujesz pe\u0142en komfort i swobod\u0119 ruch\u00f3w. Rozmiar jest uniwersalny, z 4-poziomowym [&hellip;]<\/p>\n","protected":false},"featured_media":20683,"comment_status":"open","ping_status":"closed","template":"","meta":[],"product_brand":[],"product_cat":[361],"product_tag":[],"class_list":{"0":"post-58754","1":"product","2":"type-product","3":"status-publish","4":"has-post-thumbnail","6":"product_cat-biustonosz-staniki-sportove","7":"pa_cviat-zolty","8":"pa_razmer-m-pl-2","9":"pa_razmer-s-pl-2","10":"inventories-world","11":"inventories-uk","13":"first","14":"instock","15":"sale","16":"taxable","17":"shipping-taxable","18":"purchasable","19":"product-type-variable"},"_links":{"self":[{"href":"https:\/\/staging5.peach-pump.com\/pl\/wp-json\/wp\/v2\/product\/58754","targetHints":{"allow":["GET"]}}],"collection":[{"href":"https:\/\/staging5.peach-pump.com\/pl\/wp-json\/wp\/v2\/product"}],"about":[{"href":"https:\/\/staging5.peach-pump.com\/pl\/wp-json\/wp\/v2\/types\/product"}],"replies":[{"embeddable":true,"href":"https:\/\/staging5.peach-pump.com\/pl\/wp-json\/wp\/v2\/comments?post=58754"}],"version-history":[{"count":0,"href":"https:\/\/staging5.peach-pump.com\/pl\/wp-json\/wp\/v2\/product\/58754\/revisions"}],"wp:featuredmedia":[{"embeddable":true,"href":"https:\/\/staging5.peach-pump.com\/pl\/wp-json\/wp\/v2\/media\/20683"}],"wp:attachment":[{"href":"https:\/\/staging5.peach-pump.com\/pl\/wp-json\/wp\/v2\/media?parent=58754"}],"wp:term":[{"taxonomy":"product_brand","embeddable":true,"href":"https:\/\/staging5.peach-pump.com\/pl\/wp-json\/wp\/v2\/product_brand?post=58754"},{"taxonomy":"product_cat","embeddable":true,"href":"https:\/\/staging5.peach-pump.com\/pl\/wp-json\/wp\/v2\/product_cat?post=58754"},{"taxonomy":"product_tag","embeddable":true,"href":"https:\/\/staging5.peach-pump.com\/pl\/wp-json\/wp\/v2\/product_tag?post=58754"}],"curies":[{"name":"wp","href":"https:\/\/api.w.org\/{rel}","templated":true}]}}