{"id":58735,"date":"2022-09-27T10:14:54","date_gmt":"2022-09-27T08:14:54","guid":{"rendered":"https:\/\/staging5.peach-pump.com\/products\/grubsze-modelujace-legginsy-w-prazki-w-kolorze-zielonym\/"},"modified":"2025-03-21T22:25:11","modified_gmt":"2025-03-21T20:25:11","slug":"modelujace-grubsze-prazkowane-legginsy-zielony-kolor","status":"publish","type":"product","link":"https:\/\/staging5.peach-pump.com\/pl\/products\/modelujace-grubsze-prazkowane-legginsy-zielony-kolor\/","title":{"rendered":"Grubsze modeluj\u0105ce legginsy w kolorze zielonym"},"content":{"rendered":"<p>Bezszwowe pr\u0105\u017ckowane legginsy wykonane z grubszego, oddychaj\u0105cego materia\u0142u w kolorze limonkowej zieleni. Legginsy wykonane s\u0105 z pr\u0105\u017ckowanego materia\u0142u, posiadaj\u0105 wysoki stan, s\u0105 grubsze, sprawdz\u0105 si\u0119 idealnie na ch\u0142odniejsze jesienne i zimowe dni. Model posiada szeroki pas i charakterystyczny dla naszej marki modeluj\u0105cy efekt push-up. Zakochasz si\u0119 w tych legginsach, w ich mi\u0119kko\u015bci, cieple i sposobie, w jaki rze\u017abi\u0105 Twoj\u0105 sylwetk\u0119. Model mo\u017cna po\u0142\u0105czy\u0107 z bluzk\u0105 lub gorsetem, sprawd\u017a nasze propozycje.  <\/p>\n<ul>\n<li> Wysoki stan<\/li>\n<li> Bezszwowa tkanina w pr\u0105\u017cki<\/li>\n<li> Podnosz\u0105, modeluj\u0105, ukrywaj\u0105 problematyczne obszary<\/li>\n<li> Grubszy materia\u0142<\/li>\n<li> Obejmuj\u0105cy tali\u0119 pr\u0105\u017ckowany pas<\/li>\n<li> Efekt Peachy<\/li>\n<li> Bez szwu z przodu<\/li>\n<li> Termicznie naklejone logo Peach Pump z ty\u0142u leggins\u00f3w<\/li>\n<li> Tkanina odprowadzaj\u0105ca pot<\/li>\n<\/ul>\n<p> Sk\u0142ad: 80% poliester, 20% elastan. Legginsy mo\u017cna pra\u0107 w temperaturze do 30 stopni. Nie wybiela\u0107, Nie czy\u015bci\u0107 chemicznie. Modelka na zdj\u0119ciu ma 178 cm wzrostu, wa\u017cy 54 kg i pozuje w rozmiarze M. Prosimy o skorzystanie z tabel, aby wybra\u0107 dok\u0142adny rozmiar.<\/p>\n","protected":false},"excerpt":{"rendered":"<p>Bezszwowe pr\u0105\u017ckowane legginsy wykonane z grubszego, oddychaj\u0105cego materia\u0142u w kolorze limonkowej zieleni. Legginsy wykonane s\u0105 z pr\u0105\u017ckowanego materia\u0142u, posiadaj\u0105 wysoki stan, s\u0105 grubsze, sprawdz\u0105 si\u0119 idealnie na ch\u0142odniejsze jesienne i zimowe dni. Model posiada szeroki pas i charakterystyczny dla naszej marki modeluj\u0105cy efekt push-up. Zakochasz si\u0119 w tych legginsach, w ich mi\u0119kko\u015bci, cieple i sposobie, [&hellip;]<\/p>\n","protected":false},"featured_media":20910,"comment_status":"open","ping_status":"closed","template":"","meta":[],"product_brand":[],"product_cat":[144,307],"product_tag":[],"class_list":{"0":"post-58735","1":"product","2":"type-product","3":"status-publish","4":"has-post-thumbnail","6":"product_cat-legginsy-sportowe-damskie","7":"product_cat-legginsy-damskie-dlugie","8":"pa_cviat-zielony","9":"pa_razmer-l-pl","10":"pa_razmer-m-pl-2","11":"pa_razmer-s-pl-2","12":"inventories-world","13":"inventories-uk","15":"first","16":"instock","17":"taxable","18":"shipping-taxable","19":"purchasable","20":"product-type-variable"},"_links":{"self":[{"href":"https:\/\/staging5.peach-pump.com\/pl\/wp-json\/wp\/v2\/product\/58735","targetHints":{"allow":["GET"]}}],"collection":[{"href":"https:\/\/staging5.peach-pump.com\/pl\/wp-json\/wp\/v2\/product"}],"about":[{"href":"https:\/\/staging5.peach-pump.com\/pl\/wp-json\/wp\/v2\/types\/product"}],"replies":[{"embeddable":true,"href":"https:\/\/staging5.peach-pump.com\/pl\/wp-json\/wp\/v2\/comments?post=58735"}],"version-history":[{"count":0,"href":"https:\/\/staging5.peach-pump.com\/pl\/wp-json\/wp\/v2\/product\/58735\/revisions"}],"wp:featuredmedia":[{"embeddable":true,"href":"https:\/\/staging5.peach-pump.com\/pl\/wp-json\/wp\/v2\/media\/20910"}],"wp:attachment":[{"href":"https:\/\/staging5.peach-pump.com\/pl\/wp-json\/wp\/v2\/media?parent=58735"}],"wp:term":[{"taxonomy":"product_brand","embeddable":true,"href":"https:\/\/staging5.peach-pump.com\/pl\/wp-json\/wp\/v2\/product_brand?post=58735"},{"taxonomy":"product_cat","embeddable":true,"href":"https:\/\/staging5.peach-pump.com\/pl\/wp-json\/wp\/v2\/product_cat?post=58735"},{"taxonomy":"product_tag","embeddable":true,"href":"https:\/\/staging5.peach-pump.com\/pl\/wp-json\/wp\/v2\/product_tag?post=58735"}],"curies":[{"name":"wp","href":"https:\/\/api.w.org\/{rel}","templated":true}]}}