{"id":58609,"date":"2022-10-11T19:24:22","date_gmt":"2022-10-11T17:24:22","guid":{"rendered":"https:\/\/staging5.peach-pump.com\/products\/damska-kurtka-sportowa-z-zamkiem-blyskawicznym-w-kolorze-bialym\/"},"modified":"2025-07-30T10:04:28","modified_gmt":"2025-07-30T08:04:28","slug":"damska-kurtka-sportowa-z-zamkiem-blyskawicznym-w-kolorze-bialym","status":"publish","type":"product","link":"https:\/\/staging5.peach-pump.com\/pl\/products\/damska-kurtka-sportowa-z-zamkiem-blyskawicznym-w-kolorze-bialym\/","title":{"rendered":"Damska kurtka sportowa z zamkiem b\u0142yskawicznym w kolorze bia\u0142ym"},"content":{"rendered":"<p>Damska kurtka sportowa w subtelnym \u015bnie\u017cnobia\u0142ym kolorze z zamkiem b\u0142yskawicznym i otworami na kciuki, dzi\u0119ki czemu r\u0119kawy nie podwijaj\u0105 si\u0119 podczas treningu, biegania lub jazdy na rowerze. Kr\u00f3j kurtki jest bardzo \u0142adny, rze\u017abi sylwetk\u0119 i pi\u0119knie uk\u0142ada si\u0119 na ciele. Dzi\u0119ki uniwersalnemu bia\u0142emu kolorowi mo\u017cna go dopasowa\u0107 do r\u00f3\u017cnych kolor\u00f3w leggins\u00f3w lub stanik\u00f3w.  <\/p>\n<ul>\n<li> Elastyczny, szybkoschn\u0105cy materia\u0142<\/li>\n<li> Zgrzewane logo Peach Pump na ramieniu<\/li>\n<li> Zapi\u0119cie na zamek b\u0142yskawiczny<\/li>\n<li> Otwory na kciuki<\/li>\n<\/ul>\n<p>  Sk\u0142ad: 80% poliester 20% spandex. Legginsy mo\u017cna pra\u0107 w temperaturze do 30 stopni. Nie wybiela\u0107. Nie czy\u015bci\u0107 chemicznie. Modelka na zdj\u0119ciu ma 178 cm wzrostu, wa\u017cy 54 kg i pozuje w rozmiarze S. Prosimy o skorzystanie z tabeli rozmiar\u00f3w, aby wybra\u0107 dok\u0142adny rozmiar.<\/p>\n","protected":false},"excerpt":{"rendered":"<p>Damska kurtka sportowa w subtelnym \u015bnie\u017cnobia\u0142ym kolorze z zamkiem b\u0142yskawicznym i otworami na kciuki, dzi\u0119ki czemu r\u0119kawy nie podwijaj\u0105 si\u0119 podczas treningu, biegania lub jazdy na rowerze. Kr\u00f3j kurtki jest bardzo \u0142adny, rze\u017abi sylwetk\u0119 i pi\u0119knie uk\u0142ada si\u0119 na ciele. Dzi\u0119ki uniwersalnemu bia\u0142emu kolorowi mo\u017cna go dopasowa\u0107 do r\u00f3\u017cnych kolor\u00f3w leggins\u00f3w lub stanik\u00f3w. Elastyczny, szybkoschn\u0105cy [&hellip;]<\/p>\n","protected":false},"featured_media":111248,"comment_status":"open","ping_status":"closed","template":"","meta":[],"product_brand":[],"product_cat":[923,360],"product_tag":[],"class_list":{"0":"post-58609","1":"product","2":"type-product","3":"status-publish","4":"has-post-thumbnail","6":"product_cat-damskie-kurtki","7":"product_cat-bluzki-koszulki-fitness-sportowe","8":"pa_cviat-bialy-pl","9":"pa_razmer-l-pl","10":"pa_razmer-m-pl-2","11":"pa_razmer-s-pl-2","12":"inventories-world","13":"inventories-uk","15":"first","16":"instock","17":"sale","18":"taxable","19":"shipping-taxable","20":"purchasable","21":"product-type-variable"},"_links":{"self":[{"href":"https:\/\/staging5.peach-pump.com\/pl\/wp-json\/wp\/v2\/product\/58609","targetHints":{"allow":["GET"]}}],"collection":[{"href":"https:\/\/staging5.peach-pump.com\/pl\/wp-json\/wp\/v2\/product"}],"about":[{"href":"https:\/\/staging5.peach-pump.com\/pl\/wp-json\/wp\/v2\/types\/product"}],"replies":[{"embeddable":true,"href":"https:\/\/staging5.peach-pump.com\/pl\/wp-json\/wp\/v2\/comments?post=58609"}],"version-history":[{"count":0,"href":"https:\/\/staging5.peach-pump.com\/pl\/wp-json\/wp\/v2\/product\/58609\/revisions"}],"wp:featuredmedia":[{"embeddable":true,"href":"https:\/\/staging5.peach-pump.com\/pl\/wp-json\/wp\/v2\/media\/111248"}],"wp:attachment":[{"href":"https:\/\/staging5.peach-pump.com\/pl\/wp-json\/wp\/v2\/media?parent=58609"}],"wp:term":[{"taxonomy":"product_brand","embeddable":true,"href":"https:\/\/staging5.peach-pump.com\/pl\/wp-json\/wp\/v2\/product_brand?post=58609"},{"taxonomy":"product_cat","embeddable":true,"href":"https:\/\/staging5.peach-pump.com\/pl\/wp-json\/wp\/v2\/product_cat?post=58609"},{"taxonomy":"product_tag","embeddable":true,"href":"https:\/\/staging5.peach-pump.com\/pl\/wp-json\/wp\/v2\/product_tag?post=58609"}],"curies":[{"name":"wp","href":"https:\/\/api.w.org\/{rel}","templated":true}]}}