{"id":58566,"date":"2022-12-07T13:05:57","date_gmt":"2022-12-07T11:05:57","guid":{"rendered":"https:\/\/staging5.peach-pump.com\/products\/grubsze-modelujace-legginsy-w-kolorze-jasnoniebieskim\/"},"modified":"2025-07-14T14:26:36","modified_gmt":"2025-07-14T12:26:36","slug":"modelujace-grubsze-legginsy-w-kolorze-jasnoniebieskim","status":"publish","type":"product","link":"https:\/\/staging5.peach-pump.com\/pl\/products\/modelujace-grubsze-legginsy-w-kolorze-jasnoniebieskim\/","title":{"rendered":"Grubsze modeluj\u0105ce legginsy w kolorze jasnoniebieskim"},"content":{"rendered":"<p>Grubsze modeluj\u0105ce legginsy damskie w kolorze jasnoniebieskim. Model wykonany jesz z pr\u0105\u017ckowanego materia\u0142u, ma wysoki stan, jest grubszy, idealny na ch\u0142odne jesienno-zimowe dni. Legginsy maj\u0105 szeroki pr\u0105\u017ckowany pas i tak charakterystyczny dla naszej marki modeluj\u0105cy efekt push-up Ten model leggins\u00f3w jest niezwykle mi\u0119kki, ciep\u0142y i doskonale rze\u017abi sylwetk\u0119, mo\u017cna go \u0142\u0105czy\u0107 z bluzk\u0105 lub gorsetem, sprawd\u017a wi\u0119cej naszych ofert.  <\/p>\n<ul>\n<li> Wysoki stan<\/li>\n<li> Bezszwowa tkanina w pr\u0105\u017cki<\/li>\n<li> Podnosz\u0105, modeluj\u0105, ukrywaj\u0105 problematyczne obszary<\/li>\n<li> Grubsze<\/li>\n<li> Obejmuj\u0105cy tali\u0119 pr\u0105\u017ckowany pas<\/li>\n<li> Efekt Peachy<\/li>\n<li> Bez szwu z przodu<\/li>\n<li> Termicznie naklejone logo Peach Pump z ty\u0142u leggins\u00f3w<\/li>\n<li> Tkanina odprowadzaj\u0105ca pot<\/li>\n<\/ul>\n<p> Sk\u0142ad: 80% poliester, 20% elastan. Legginsy mo\u017cna pra\u0107 w temperaturze do 30 stopni. Nie wybiela\u0107, Nie czy\u015bci\u0107 chemicznie. Modelka na zdj\u0119ciu ma 178 cm wzrostu, wa\u017cy 54 kg i pozuje w rozmiarze S. Prosimy o skorzystanie z tabeli rozmiar\u00f3w, aby wybra\u0107 dok\u0142adny rozmiar.<\/p>\n","protected":false},"excerpt":{"rendered":"<p>Grubsze modeluj\u0105ce legginsy damskie w kolorze jasnoniebieskim. Model wykonany jesz z pr\u0105\u017ckowanego materia\u0142u, ma wysoki stan, jest grubszy, idealny na ch\u0142odne jesienno-zimowe dni. Legginsy maj\u0105 szeroki pr\u0105\u017ckowany pas i tak charakterystyczny dla naszej marki modeluj\u0105cy efekt push-up Ten model leggins\u00f3w jest niezwykle mi\u0119kki, ciep\u0142y i doskonale rze\u017abi sylwetk\u0119, mo\u017cna go \u0142\u0105czy\u0107 z bluzk\u0105 lub gorsetem, [&hellip;]<\/p>\n","protected":false},"featured_media":24671,"comment_status":"open","ping_status":"closed","template":"","meta":[],"product_brand":[],"product_cat":[144,307],"product_tag":[],"class_list":{"0":"post-58566","1":"product","2":"type-product","3":"status-publish","4":"has-post-thumbnail","6":"product_cat-legginsy-sportowe-damskie","7":"product_cat-legginsy-damskie-dlugie","8":"pa_cviat-niebieski","9":"pa_razmer-l-pl","10":"pa_razmer-m-pl-2","11":"pa_razmer-s-pl-2","12":"inventories-world","13":"inventories-uk","15":"first","16":"instock","17":"taxable","18":"shipping-taxable","19":"purchasable","20":"product-type-variable"},"_links":{"self":[{"href":"https:\/\/staging5.peach-pump.com\/pl\/wp-json\/wp\/v2\/product\/58566","targetHints":{"allow":["GET"]}}],"collection":[{"href":"https:\/\/staging5.peach-pump.com\/pl\/wp-json\/wp\/v2\/product"}],"about":[{"href":"https:\/\/staging5.peach-pump.com\/pl\/wp-json\/wp\/v2\/types\/product"}],"replies":[{"embeddable":true,"href":"https:\/\/staging5.peach-pump.com\/pl\/wp-json\/wp\/v2\/comments?post=58566"}],"version-history":[{"count":0,"href":"https:\/\/staging5.peach-pump.com\/pl\/wp-json\/wp\/v2\/product\/58566\/revisions"}],"wp:featuredmedia":[{"embeddable":true,"href":"https:\/\/staging5.peach-pump.com\/pl\/wp-json\/wp\/v2\/media\/24671"}],"wp:attachment":[{"href":"https:\/\/staging5.peach-pump.com\/pl\/wp-json\/wp\/v2\/media?parent=58566"}],"wp:term":[{"taxonomy":"product_brand","embeddable":true,"href":"https:\/\/staging5.peach-pump.com\/pl\/wp-json\/wp\/v2\/product_brand?post=58566"},{"taxonomy":"product_cat","embeddable":true,"href":"https:\/\/staging5.peach-pump.com\/pl\/wp-json\/wp\/v2\/product_cat?post=58566"},{"taxonomy":"product_tag","embeddable":true,"href":"https:\/\/staging5.peach-pump.com\/pl\/wp-json\/wp\/v2\/product_tag?post=58566"}],"curies":[{"name":"wp","href":"https:\/\/api.w.org\/{rel}","templated":true}]}}