{"id":58318,"date":"2023-10-14T09:58:07","date_gmt":"2023-10-14T07:58:07","guid":{"rendered":"https:\/\/staging5.peach-pump.com\/products\/szary-bezszwowy-zestaw-sportowy-wykonany-z-grubszego-materialu\/"},"modified":"2025-03-03T14:31:04","modified_gmt":"2025-03-03T12:31:04","slug":"szary-bezszwowy-sportowy-zestaw-grubszy","status":"publish","type":"product","link":"https:\/\/staging5.peach-pump.com\/pl\/products\/szary-bezszwowy-sportowy-zestaw-grubszy\/","title":{"rendered":"Szary bezszwowy zestaw sportowy wykonany z grubszego materia\u0142u"},"content":{"rendered":"<p>Jasnoszary bezszwowy zestaw sportowy, legginsy i koszulka na si\u0142owni\u0119 z d\u0142ugim r\u0119kawem. Ten ciekawy model wykonany jest z grubszego materia\u0142u pr\u0105\u017ckowanego i pi\u0119knie uk\u0142ada si\u0119 na ciele. Koszulka z wyci\u0119tym dekoltem nadaje si\u0119 na ch\u0142odniejsz\u0105 jesienno-zimow\u0105 pogod\u0119, pokochasz jej mi\u0119kko\u015b\u0107 i spos\u00f3b, w jaki pie\u015bci Twoje cia\u0142o. Legginsy wykonane s\u0105 z grubszego elastycznego materia\u0142u i maj\u0105 szeroki pas i tak ulubiony przez nasz\u0105 mark\u0119 modeluj\u0105cy efekt push-up. Szeroka gama kolor\u00f3w.<\/p>\n<p>Koszulka:<\/p>\n<ul>\n<li>Pr\u0105\u017ckowany materia\u0142<\/li>\n<li>Zgrzewane logo &#8220;Peach Pump&#8221; na ramieniu<\/li>\n<li>Du\u017ca elastyczno\u015b\u0107<\/li>\n<li> Bezszwowa tkanina w pr\u0105\u017cki<\/li>\n<\/ul>\n<p>Obw\u00f3d klatki piersiowej: S: 85-90cm \/ \u041c: 90-95cm \/ L: 95 \u2013 100cm<\/p>\n<p>Legginsy:<\/p>\n<ul>\n<li> Podnosz\u0105, modeluj\u0105, ukrywaj\u0105 problematyczne obszary<\/li>\n<li> Grubsze<\/li>\n<li> Obejmuj\u0105cy tali\u0119 pr\u0105\u017ckowany pas<\/li>\n<li> Peachy efekt<\/li>\n<li> Bez szwu z przodu<\/li>\n<li> Zgrzewane logo Peach Pump z ty\u0142u leggins\u00f3w<\/li>\n<li> Tkanina odprowadzaj\u0105ca pot<\/li>\n<li> Ciekawy kr\u00f3j<\/li>\n<li> Wysoki stan<\/li>\n<\/ul>\n<p>Sk\u0142ad: 80% poliester 20% elastan<\/p>\n<p>Aby wybra\u0107 dok\u0142adny rozmiar leggins\u00f3w, skorzystaj z tabel rozmiarowych.<\/p>\n<p>Model na zdj\u0119ciu ma 169 cm wzrostu, wa\u017cy 52 kg i prezentuje str\u00f3j w rozmiarze M.<\/p>\n<p>Legginsy i koszulk\u0119 mo\u017cna pra\u0107 w temperaturze do 30 stopni. Nie wybiela\u0107. Nie czy\u015bci\u0107 chemicznie.<\/p>\n","protected":false},"excerpt":{"rendered":"<p>Jasnoszary bezszwowy zestaw sportowy, legginsy i koszulka na si\u0142owni\u0119 z d\u0142ugim r\u0119kawem. Ten ciekawy model wykonany jest z grubszego materia\u0142u pr\u0105\u017ckowanego i pi\u0119knie uk\u0142ada si\u0119 na ciele. Koszulka z wyci\u0119tym dekoltem nadaje si\u0119 na ch\u0142odniejsz\u0105 jesienno-zimow\u0105 pogod\u0119, pokochasz jej mi\u0119kko\u015b\u0107 i spos\u00f3b, w jaki pie\u015bci Twoje cia\u0142o. Legginsy wykonane s\u0105 z grubszego elastycznego materia\u0142u i [&hellip;]<\/p>\n","protected":false},"featured_media":54830,"comment_status":"open","ping_status":"closed","template":"","meta":[],"product_brand":[],"product_cat":[362,364],"product_tag":[],"class_list":{"0":"post-58318","1":"product","2":"type-product","3":"status-publish","4":"has-post-thumbnail","6":"product_cat-komplety-sportowe-damskie","7":"product_cat-omplet-sportowy-top-legginsy","8":"pa_cviat-szary","9":"inventories-world","10":"inventories-uk","12":"first","13":"instock","14":"virtual","15":"taxable","16":"purchasable","17":"product-type-yith_bundle"},"_links":{"self":[{"href":"https:\/\/staging5.peach-pump.com\/pl\/wp-json\/wp\/v2\/product\/58318","targetHints":{"allow":["GET"]}}],"collection":[{"href":"https:\/\/staging5.peach-pump.com\/pl\/wp-json\/wp\/v2\/product"}],"about":[{"href":"https:\/\/staging5.peach-pump.com\/pl\/wp-json\/wp\/v2\/types\/product"}],"replies":[{"embeddable":true,"href":"https:\/\/staging5.peach-pump.com\/pl\/wp-json\/wp\/v2\/comments?post=58318"}],"version-history":[{"count":0,"href":"https:\/\/staging5.peach-pump.com\/pl\/wp-json\/wp\/v2\/product\/58318\/revisions"}],"wp:featuredmedia":[{"embeddable":true,"href":"https:\/\/staging5.peach-pump.com\/pl\/wp-json\/wp\/v2\/media\/54830"}],"wp:attachment":[{"href":"https:\/\/staging5.peach-pump.com\/pl\/wp-json\/wp\/v2\/media?parent=58318"}],"wp:term":[{"taxonomy":"product_brand","embeddable":true,"href":"https:\/\/staging5.peach-pump.com\/pl\/wp-json\/wp\/v2\/product_brand?post=58318"},{"taxonomy":"product_cat","embeddable":true,"href":"https:\/\/staging5.peach-pump.com\/pl\/wp-json\/wp\/v2\/product_cat?post=58318"},{"taxonomy":"product_tag","embeddable":true,"href":"https:\/\/staging5.peach-pump.com\/pl\/wp-json\/wp\/v2\/product_tag?post=58318"}],"curies":[{"name":"wp","href":"https:\/\/api.w.org\/{rel}","templated":true}]}}