{"id":58166,"date":"2023-04-11T09:03:28","date_gmt":"2023-04-11T07:03:28","guid":{"rendered":"https:\/\/staging5.peach-pump.com\/products\/rozowy-bezszwowy-zestaw-sportowy-wykonany-z-grubszego-materialu-prazkowanego\/"},"modified":"2024-12-02T15:43:43","modified_gmt":"2024-12-02T13:43:43","slug":"bezszwowy-sportowy-zestaw-rozowy","status":"publish","type":"product","link":"https:\/\/staging5.peach-pump.com\/pl\/products\/bezszwowy-sportowy-zestaw-rozowy\/","title":{"rendered":"R\u00f3\u017cowy bezszwowy zestaw sportowy wykonany z grubszego materia\u0142u pr\u0105\u017ckowanego"},"content":{"rendered":"<p>R\u00f3\u017cowy bezszwowy zestaw sportowy, legginsy i koszulka na si\u0142owni\u0119 z d\u0142ugim r\u0119kawem z grubego bezszwowego materia\u0142u w pr\u0105\u017cki. Ten ciekawy model wykonany jest z materia\u0142u w pr\u0105\u017cki, pi\u0119knie uk\u0142ada si\u0119 na ciele i ma wyci\u0119ty dekolt. Koszulka nadaje si\u0119 na ch\u0142odniejsz\u0105 jesienno-zimow\u0105 pogod\u0119, pokochasz jej mi\u0119kko\u015b\u0107 i spos\u00f3b, w jaki pie\u015bci Twoje cia\u0142o. Legginsy wykonane s\u0105 z grubszego elastycznego materia\u0142u. Model jest z wysokim stanem, jest grubszy, idealny na ch\u0142odniejsze jesienne i zimowe dni. Legginsy posiadaj\u0105 szeroki pas, charakteryzuj\u0105 si\u0119 tak ukochanym przez nasz\u0105 mark\u0119 modeluj\u0105cym efektem push-up. B\u0119dziesz zachwycona tymi legginsami, ich mi\u0119kko\u015bci\u0105, ciep\u0142em i sposobem, w jaki modeluj\u0105 sylwetk\u0119. Model ten mo\u017cna po\u0142\u0105czy\u0107 z bluzk\u0105 lub stanikiem, sprawd\u017a nasze propozycje. dla bluzki:  <\/p>\n<ul>\n<li>Pr\u0105\u017ckowany materia\u0142<\/li>\n<li>Zgrzewane logo Peach Pump na ramieniu<\/li>\n<li>Du\u017ca elastyczno\u015b\u0107<\/li>\n<li> Bezszwowa tkanina w pr\u0105\u017cki<\/li>\n<\/ul>\n<p>  dla Cline:  <\/p>\n<ul>\n<li> Podnosz\u0105, modeluj\u0105, ukrywaj\u0105 problematyczne obszary<\/li>\n<li> Grubsze<\/li>\n<li> Obejmuj\u0105cy tali\u0119 pr\u0105\u017ckowany pas<\/li>\n<li> Efekt Peachy<\/li>\n<li> Bez szwu z przodu<\/li>\n<li> Termicznie naklejone logo Peach Pump z ty\u0142u leggins\u00f3w<\/li>\n<li> Tkanina odprowadzaj\u0105ca pot<\/li>\n<li> Ciekawy kr\u00f3j<\/li>\n<li> Wysoki stan<\/li>\n<\/ul>\n<p>  Sk\u0142ad: 80% poliester 20% spandex Modelka na zdj\u0119ciu ma 178 cm wzrostu, wa\u017cy 54 kg i pozuje w rozmiarze M dla bluzki i klina Klin i bluzk\u0119 mo\u017cna pra\u0107 w temperaturze do 30 stopni, nie wybiela\u0107 ani nie czy\u015bci\u0107 chemicznie.  &nbsp;<\/p>\n<p>&nbsp;<\/p>\n","protected":false},"excerpt":{"rendered":"<p>R\u00f3\u017cowy bezszwowy zestaw sportowy, legginsy i koszulka na si\u0142owni\u0119 z d\u0142ugim r\u0119kawem z grubego bezszwowego materia\u0142u w pr\u0105\u017cki. Ten ciekawy model wykonany jest z materia\u0142u w pr\u0105\u017cki, pi\u0119knie uk\u0142ada si\u0119 na ciele i ma wyci\u0119ty dekolt. Koszulka nadaje si\u0119 na ch\u0142odniejsz\u0105 jesienno-zimow\u0105 pogod\u0119, pokochasz jej mi\u0119kko\u015b\u0107 i spos\u00f3b, w jaki pie\u015bci Twoje cia\u0142o. Legginsy wykonane [&hellip;]<\/p>\n","protected":false},"featured_media":26349,"comment_status":"open","ping_status":"closed","template":"","meta":[],"product_brand":[],"product_cat":[362,364],"product_tag":[],"class_list":{"0":"post-58166","1":"product","2":"type-product","3":"status-publish","4":"has-post-thumbnail","6":"product_cat-komplety-sportowe-damskie","7":"product_cat-omplet-sportowy-top-legginsy","8":"pa_cviat-rozowy","9":"pa_razmer-l-pl","10":"pa_razmer-m-pl-2","11":"pa_razmer-s-pl-2","12":"inventories-world","13":"inventories-uk","15":"first","16":"instock","17":"virtual","18":"taxable","19":"purchasable","20":"product-type-yith_bundle"},"_links":{"self":[{"href":"https:\/\/staging5.peach-pump.com\/pl\/wp-json\/wp\/v2\/product\/58166","targetHints":{"allow":["GET"]}}],"collection":[{"href":"https:\/\/staging5.peach-pump.com\/pl\/wp-json\/wp\/v2\/product"}],"about":[{"href":"https:\/\/staging5.peach-pump.com\/pl\/wp-json\/wp\/v2\/types\/product"}],"replies":[{"embeddable":true,"href":"https:\/\/staging5.peach-pump.com\/pl\/wp-json\/wp\/v2\/comments?post=58166"}],"version-history":[{"count":0,"href":"https:\/\/staging5.peach-pump.com\/pl\/wp-json\/wp\/v2\/product\/58166\/revisions"}],"wp:featuredmedia":[{"embeddable":true,"href":"https:\/\/staging5.peach-pump.com\/pl\/wp-json\/wp\/v2\/media\/26349"}],"wp:attachment":[{"href":"https:\/\/staging5.peach-pump.com\/pl\/wp-json\/wp\/v2\/media?parent=58166"}],"wp:term":[{"taxonomy":"product_brand","embeddable":true,"href":"https:\/\/staging5.peach-pump.com\/pl\/wp-json\/wp\/v2\/product_brand?post=58166"},{"taxonomy":"product_cat","embeddable":true,"href":"https:\/\/staging5.peach-pump.com\/pl\/wp-json\/wp\/v2\/product_cat?post=58166"},{"taxonomy":"product_tag","embeddable":true,"href":"https:\/\/staging5.peach-pump.com\/pl\/wp-json\/wp\/v2\/product_tag?post=58166"}],"curies":[{"name":"wp","href":"https:\/\/api.w.org\/{rel}","templated":true}]}}