{"id":58117,"date":"2023-05-20T18:41:53","date_gmt":"2023-05-20T16:41:53","guid":{"rendered":"https:\/\/staging5.peach-pump.com\/products\/dwuczesciowy-komplet-bezowy-legginsy-z-rozszerzana-nogawka-i-stanik\/"},"modified":"2025-06-25T12:45:07","modified_gmt":"2025-06-25T10:45:07","slug":"bezowy-zestaw-dwuczesciowy-legginsy-z-rozszerzana-nogawka","status":"publish","type":"product","link":"https:\/\/staging5.peach-pump.com\/pl\/products\/bezowy-zestaw-dwuczesciowy-legginsy-z-rozszerzana-nogawka\/","title":{"rendered":"Dwucz\u0119\u015bciowy komplet be\u017cowy, legginsy z rozszerzan\u0105 nogawk\u0105 i stanik"},"content":{"rendered":"<p>Be\u017cowy dwucz\u0119\u015bciowy zestaw z legginsami z rozszerzan\u0105 nogawk\u0105 bez szwu z przodu, kt\u00f3re modeluj\u0105 cia\u0142o i rze\u017abi\u0105 sylwetk\u0119, wyd\u0142u\u017caj\u0105c nogi i podkre\u015blaj\u0105c tali\u0119. Bardzo modne i efektowne w tym sezonie. Mo\u017cna je po\u0142\u0105czy\u0107 ze stanikiem w tym samym wzorze. Do wyboru s\u0105 dwie opcje: z jednym rami\u0105czkiem lub z regulowanym wi\u0105zaniem na plecach. Niezale\u017cnie od tego, kt\u00f3ry z tych dw\u00f3ch modeli zostanie wybrany przez Ciebie, nie pozostaniesz niezauwa\u017cona. Zestaw sportowy wykonany jest z bardzo elastycznego i oddychaj\u0105cego materia\u0142u w drobne pr\u0105\u017cki, kt\u00f3ry nie pozwala na pocenie si\u0119. Model ten zapewni Ci pe\u0142n\u0105 swobod\u0119 ruchu. Bustier:  <\/p>\n<ul>\n<li>Pr\u0105\u017ckowany materia\u0142<\/li>\n<li>Zgrzewane logo Peach Pump z przodu po lewej stronie stanika<\/li>\n<li>Du\u017ca elastyczno\u015b\u0107<\/li>\n<li>Bezszwowy materia\u0142 w pr\u0105\u017cki<\/li>\n<li>Wyjmowane wk\u0142adki<\/li>\n<li>Jedno rami\u0105czko<\/li>\n<li>Podw\u00f3jna gumka na plecach<\/li>\n<\/ul>\n<p>  Cline:  <\/p>\n<ul>\n<li>Rozszerzana nogawka (typ Charlestona) z rozci\u0119ciem u do\u0142u.<\/li>\n<li>Bez szwu z przodu<\/li>\n<li>Modeluj\u0105 i ukrywaj\u0105 problematyczne obszary<\/li>\n<li>Elastyczny materia\u0142<\/li>\n<li>Brak efektu Peachy<\/li>\n<li>Zgrzewane logo Peach Pump z ty\u0142u leggins\u00f3w<\/li>\n<li>Tkanina odprowadzaj\u0105ca wilgo\u0107 z cia\u0142a<\/li>\n<li>Ciekawy kr\u00f3j<\/li>\n<li>Wysoki stan<\/li>\n<\/ul>\n<p>  Sk\u0142ad: 80% poliester 20% spandex Modelka na zdj\u0119ciu ma 178 cm wzrostu, wa\u017cy 54 kg i pozuje w rozmiarze M dla biustonosza i klina Kliny i biustonosz mo\u017cna pra\u0107 w temperaturze do 30 stopni, nie wybiela\u0107 ani nie czy\u015bci\u0107 chemicznie.<\/p>\n","protected":false},"excerpt":{"rendered":"<p>Be\u017cowy dwucz\u0119\u015bciowy zestaw z legginsami z rozszerzan\u0105 nogawk\u0105 bez szwu z przodu, kt\u00f3re modeluj\u0105 cia\u0142o i rze\u017abi\u0105 sylwetk\u0119, wyd\u0142u\u017caj\u0105c nogi i podkre\u015blaj\u0105c tali\u0119. Bardzo modne i efektowne w tym sezonie. Mo\u017cna je po\u0142\u0105czy\u0107 ze stanikiem w tym samym wzorze. Do wyboru s\u0105 dwie opcje: z jednym rami\u0105czkiem lub z regulowanym wi\u0105zaniem na plecach. Niezale\u017cnie od [&hellip;]<\/p>\n","protected":false},"featured_media":39296,"comment_status":"open","ping_status":"closed","template":"","meta":[],"product_brand":[],"product_cat":[362,364],"product_tag":[],"class_list":{"0":"post-58117","1":"product","2":"type-product","3":"status-publish","4":"has-post-thumbnail","6":"product_cat-komplety-sportowe-damskie","7":"product_cat-omplet-sportowy-top-legginsy","8":"pa_cviat-bezowy","9":"pa_razmer-m-pl-2","10":"pa_razmer-s-pl-2","11":"inventories-world","12":"inventories-uk","14":"first","15":"instock","16":"sale","17":"virtual","18":"taxable","19":"purchasable","20":"product-type-yith_bundle"},"_links":{"self":[{"href":"https:\/\/staging5.peach-pump.com\/pl\/wp-json\/wp\/v2\/product\/58117","targetHints":{"allow":["GET"]}}],"collection":[{"href":"https:\/\/staging5.peach-pump.com\/pl\/wp-json\/wp\/v2\/product"}],"about":[{"href":"https:\/\/staging5.peach-pump.com\/pl\/wp-json\/wp\/v2\/types\/product"}],"replies":[{"embeddable":true,"href":"https:\/\/staging5.peach-pump.com\/pl\/wp-json\/wp\/v2\/comments?post=58117"}],"version-history":[{"count":0,"href":"https:\/\/staging5.peach-pump.com\/pl\/wp-json\/wp\/v2\/product\/58117\/revisions"}],"wp:featuredmedia":[{"embeddable":true,"href":"https:\/\/staging5.peach-pump.com\/pl\/wp-json\/wp\/v2\/media\/39296"}],"wp:attachment":[{"href":"https:\/\/staging5.peach-pump.com\/pl\/wp-json\/wp\/v2\/media?parent=58117"}],"wp:term":[{"taxonomy":"product_brand","embeddable":true,"href":"https:\/\/staging5.peach-pump.com\/pl\/wp-json\/wp\/v2\/product_brand?post=58117"},{"taxonomy":"product_cat","embeddable":true,"href":"https:\/\/staging5.peach-pump.com\/pl\/wp-json\/wp\/v2\/product_cat?post=58117"},{"taxonomy":"product_tag","embeddable":true,"href":"https:\/\/staging5.peach-pump.com\/pl\/wp-json\/wp\/v2\/product_tag?post=58117"}],"curies":[{"name":"wp","href":"https:\/\/api.w.org\/{rel}","templated":true}]}}