{"id":58014,"date":"2023-05-20T22:33:59","date_gmt":"2023-05-20T20:33:59","guid":{"rendered":"https:\/\/staging5.peach-pump.com\/products\/stanik-sportowy-na-jedno-ramie-w-kolorze-bezowym\/"},"modified":"2025-07-30T03:50:29","modified_gmt":"2025-07-30T01:50:29","slug":"stanik-na-jedno-ramie-kolor-bezowy","status":"publish","type":"product","link":"https:\/\/staging5.peach-pump.com\/pl\/products\/stanik-na-jedno-ramie-kolor-bezowy\/","title":{"rendered":"Stanik sportowy na jedno rami\u0119 w kolorze be\u017cowym"},"content":{"rendered":"<p>Stanik sportowy w kolorze be\u017cowym. Ten model stanika na jedno rami\u0119 z wyjmowanymi wk\u0142adkami wykonany jest z delikatnej tkaniny w pr\u0105\u017cki. Materia\u0142 stanika jest oddychaj\u0105cy i odprowadza wilgo\u0107 od cia\u0142a. Mo\u017cna go dopasowa\u0107 do leggins\u00f3w w tym samym kolorze i z tego samego materia\u0142u. Zapraszamy na zak\u0142adk\u0119 &#8220;Zestawy sportowe z legginsami&#8221;.<\/p>\n<ul>\n<li>Tkanina w pr\u0105\u017cki<\/li>\n<li>Zgrzewane logo &#8220;Peach Pump&#8221; z boku stanika.<\/li>\n<li>Du\u017ca elastyczno\u015b\u0107<\/li>\n<li>Bezszwowy materia\u0142 w pr\u0105\u017cki<\/li>\n<li>Wyjmowane wk\u0142adki<\/li>\n<li>Jedno rami\u0105czko<\/li>\n<li>Podw\u00f3jna gumka na plecach<\/li>\n<\/ul>\n<p>Sk\u0142ad: 80% poliester, 20% elastan.<\/p>\n<p>Model na zdj\u0119ciu ma 178 cm wzrostu, wa\u017cy 54 kg i prezentuje stanik w rozmiarze M.<\/p>\n<p>Stanik mo\u017cna pra\u0107 w temperaturze do 30 stopni. Nie wybiela\u0107. Nie czy\u015bci\u0107 chemicznie.<\/p>\n","protected":false},"excerpt":{"rendered":"<p>Stanik sportowy w kolorze be\u017cowym. Ten model stanika na jedno rami\u0119 z wyjmowanymi wk\u0142adkami wykonany jest z delikatnej tkaniny w pr\u0105\u017cki. Materia\u0142 stanika jest oddychaj\u0105cy i odprowadza wilgo\u0107 od cia\u0142a. Mo\u017cna go dopasowa\u0107 do leggins\u00f3w w tym samym kolorze i z tego samego materia\u0142u. Zapraszamy na zak\u0142adk\u0119 &#8220;Zestawy sportowe z legginsami&#8221;. Tkanina w pr\u0105\u017cki Zgrzewane [&hellip;]<\/p>\n","protected":false},"featured_media":39715,"comment_status":"open","ping_status":"closed","template":"","meta":[],"product_brand":[],"product_cat":[361],"product_tag":[],"class_list":{"0":"post-58014","1":"product","2":"type-product","3":"status-publish","4":"has-post-thumbnail","6":"product_cat-biustonosz-staniki-sportove","7":"pa_cviat-bezowy","8":"pa_razmer-l-pl","9":"pa_razmer-m-pl-2","10":"pa_razmer-s-pl-2","11":"inventories-world","12":"inventories-uk","14":"first","15":"instock","16":"sale","17":"taxable","18":"shipping-taxable","19":"purchasable","20":"product-type-variable"},"_links":{"self":[{"href":"https:\/\/staging5.peach-pump.com\/pl\/wp-json\/wp\/v2\/product\/58014","targetHints":{"allow":["GET"]}}],"collection":[{"href":"https:\/\/staging5.peach-pump.com\/pl\/wp-json\/wp\/v2\/product"}],"about":[{"href":"https:\/\/staging5.peach-pump.com\/pl\/wp-json\/wp\/v2\/types\/product"}],"replies":[{"embeddable":true,"href":"https:\/\/staging5.peach-pump.com\/pl\/wp-json\/wp\/v2\/comments?post=58014"}],"version-history":[{"count":0,"href":"https:\/\/staging5.peach-pump.com\/pl\/wp-json\/wp\/v2\/product\/58014\/revisions"}],"wp:featuredmedia":[{"embeddable":true,"href":"https:\/\/staging5.peach-pump.com\/pl\/wp-json\/wp\/v2\/media\/39715"}],"wp:attachment":[{"href":"https:\/\/staging5.peach-pump.com\/pl\/wp-json\/wp\/v2\/media?parent=58014"}],"wp:term":[{"taxonomy":"product_brand","embeddable":true,"href":"https:\/\/staging5.peach-pump.com\/pl\/wp-json\/wp\/v2\/product_brand?post=58014"},{"taxonomy":"product_cat","embeddable":true,"href":"https:\/\/staging5.peach-pump.com\/pl\/wp-json\/wp\/v2\/product_cat?post=58014"},{"taxonomy":"product_tag","embeddable":true,"href":"https:\/\/staging5.peach-pump.com\/pl\/wp-json\/wp\/v2\/product_tag?post=58014"}],"curies":[{"name":"wp","href":"https:\/\/api.w.org\/{rel}","templated":true}]}}