{"id":57446,"date":"2023-07-21T16:36:15","date_gmt":"2023-07-21T14:36:15","guid":{"rendered":"https:\/\/staging5.peach-pump.com\/products\/niebieskie-krotkie-legginsy-sportowe-booty-shorts\/"},"modified":"2025-07-30T14:35:42","modified_gmt":"2025-07-30T12:35:42","slug":"niebieskie-krotkie-legginsy-sportowe-typu-booty-shorts","status":"publish","type":"product","link":"https:\/\/staging5.peach-pump.com\/pl\/products\/niebieskie-krotkie-legginsy-sportowe-typu-booty-shorts\/","title":{"rendered":"Niebieskie kr\u00f3tkie legginsy sportowe Booty Shorts"},"content":{"rendered":"<p>Damskie kr\u00f3tkie legginsy sportowe z obcis\u0142ej, oddychaj\u0105cej tkaniny w kolorze niebieskim. Model ten idealnie si\u0119 sprawdzi na gor\u0105ce letnie dni, jest bardziej wyci\u0119ty, a materia\u0142 odprowadza wilgo\u0107 od cia\u0142a. Ma lekki Peach efekt z ty\u0142u i pi\u0119knie modeluje po\u015bladki. Mo\u017cna \u0142\u0105czy\u0107 go ze stanikiem o tym samym wzorze, patrz &#8220;Kr\u00f3tkie legginsy sportowe&#8221;. (Wz\u00f3r jest wykonany z cia\u015bniejszego materia\u0142u)  <\/p>\n<ul>\n<li>Podnosz\u0105, modeluj\u0105, ukrywaj\u0105 problematyczne obszary<\/li>\n<li>Lekki Peachy efekt<\/li>\n<li>Bez szwu z przodu<\/li>\n<li>Zgrzewane logo Peach Pump z ty\u0142u leggins\u00f3w<\/li>\n<li>Technologia odprowadzania wilgoci od cia\u0142a<\/li>\n<\/ul>\n<p>  Sk\u0142ad: 80% poliester 20% spandex Klin mo\u017cna pra\u0107 w temperaturze do 30 stopni, nie wybiela\u0107 i nie czy\u015bci\u0107 chemicznie. Modelka na zdj\u0119ciu ma 178 cm wzrostu, wa\u017cy 54 kg i pozuje w rozmiarze M. Prosimy o skorzystanie z tabeli rozmiar\u00f3w, aby wybra\u0107 dok\u0142adny rozmiar.  \t\t<div id=\"sbi_mod_error\" >\n\t\t\t<span>This error message is only visible to WordPress admins<\/span><br\/>\n\t\t\t<p><strong>Error: No connected account.<\/strong>\n\t\t\t<p>Please go to the Instagram Feed settings page to connect an account.<\/p>\n\t\t<\/div>\n\t\t<\/p>\n","protected":false},"excerpt":{"rendered":"<p>Damskie kr\u00f3tkie legginsy sportowe z obcis\u0142ej, oddychaj\u0105cej tkaniny w kolorze niebieskim. Model ten idealnie si\u0119 sprawdzi na gor\u0105ce letnie dni, jest bardziej wyci\u0119ty, a materia\u0142 odprowadza wilgo\u0107 od cia\u0142a. Ma lekki Peach efekt z ty\u0142u i pi\u0119knie modeluje po\u015bladki. Mo\u017cna \u0142\u0105czy\u0107 go ze stanikiem o tym samym wzorze, patrz &#8220;Kr\u00f3tkie legginsy sportowe&#8221;. (Wz\u00f3r jest wykonany [&hellip;]<\/p>\n","protected":false},"featured_media":45418,"comment_status":"open","ping_status":"closed","template":"","meta":[],"product_brand":[],"product_cat":[144,201],"product_tag":[],"class_list":{"0":"post-57446","1":"product","2":"type-product","3":"status-publish","4":"has-post-thumbnail","6":"product_cat-legginsy-sportowe-damskie","7":"product_cat-krotkie-legginsy","8":"pa_cviat-niebieski","9":"pa_razmer-m-pl-2","10":"pa_razmer-s-pl-2","11":"inventories-world","12":"inventories-uk","14":"first","15":"instock","16":"sale","17":"taxable","18":"shipping-taxable","19":"purchasable","20":"product-type-variable"},"_links":{"self":[{"href":"https:\/\/staging5.peach-pump.com\/pl\/wp-json\/wp\/v2\/product\/57446","targetHints":{"allow":["GET"]}}],"collection":[{"href":"https:\/\/staging5.peach-pump.com\/pl\/wp-json\/wp\/v2\/product"}],"about":[{"href":"https:\/\/staging5.peach-pump.com\/pl\/wp-json\/wp\/v2\/types\/product"}],"replies":[{"embeddable":true,"href":"https:\/\/staging5.peach-pump.com\/pl\/wp-json\/wp\/v2\/comments?post=57446"}],"version-history":[{"count":0,"href":"https:\/\/staging5.peach-pump.com\/pl\/wp-json\/wp\/v2\/product\/57446\/revisions"}],"wp:featuredmedia":[{"embeddable":true,"href":"https:\/\/staging5.peach-pump.com\/pl\/wp-json\/wp\/v2\/media\/45418"}],"wp:attachment":[{"href":"https:\/\/staging5.peach-pump.com\/pl\/wp-json\/wp\/v2\/media?parent=57446"}],"wp:term":[{"taxonomy":"product_brand","embeddable":true,"href":"https:\/\/staging5.peach-pump.com\/pl\/wp-json\/wp\/v2\/product_brand?post=57446"},{"taxonomy":"product_cat","embeddable":true,"href":"https:\/\/staging5.peach-pump.com\/pl\/wp-json\/wp\/v2\/product_cat?post=57446"},{"taxonomy":"product_tag","embeddable":true,"href":"https:\/\/staging5.peach-pump.com\/pl\/wp-json\/wp\/v2\/product_tag?post=57446"}],"curies":[{"name":"wp","href":"https:\/\/api.w.org\/{rel}","templated":true}]}}