{"id":56341,"date":"2023-09-03T14:16:40","date_gmt":"2023-09-03T12:16:40","guid":{"rendered":"https:\/\/staging5.peach-pump.com\/products\/zielony-bezszwowy-zestaw-skladajacy-sie-z-legginsow-i-koszulki\/"},"modified":"2025-06-21T19:34:09","modified_gmt":"2025-06-21T17:34:09","slug":"zielony-bezszwowy-zestaw-legginsy-i-koszulka","status":"publish","type":"product","link":"https:\/\/staging5.peach-pump.com\/pl\/products\/zielony-bezszwowy-zestaw-legginsy-i-koszulka\/","title":{"rendered":"Zielony bezszwowy zestaw sk\u0142adaj\u0105cy si\u0119 z leggins\u00f3w i koszulki"},"content":{"rendered":"<p>Zielony bezszwowy zestaw, grubsze legginsy i koszulka na si\u0142owni\u0119 z d\u0142ugim r\u0119kawem. Ten ciekawy model wykonany jest z tkaniny pr\u0105\u017ckowanej i pi\u0119knie dopasowuje si\u0119 do cia\u0142a. Koszulka z wyci\u0119tym dekoltem, idelana na ch\u0142odniejsz\u0105 jesienno-zimow\u0105 por\u0119, pokochasz jej otulaj\u0105c\u0105 mi\u0119kko\u015b\u0107. Legginsy wykonane s\u0105 z grubszego, elastycznego materia\u0142u, maj\u0105 szeroki pas i tak uwielbiany przez nasz\u0105 mark\u0119 unosz\u0105cy i modeluj\u0105cy Peach Pump efekt. B\u0119dziesz zaskoczona mi\u0119kko\u015bci\u0105, ciep\u0142em i sposobem, w jaki modeluje sylwetk\u0119. Szeroka gama kolor\u00f3w.<\/p>\n<p>Koszulka:<\/p>\n<ul>\n<li>Tkanina pr\u0105\u017ckowana<\/li>\n<li>Zgrzewane logo \u201ePeach Pump\u201c na ramieniu<\/li>\n<li>Du\u017ca elastyczno\u015b\u0107<\/li>\n<li> Tkanina bez szw\u00f3w<\/li>\n<\/ul>\n<p>Legginsy:<\/p>\n<ul>\n<li> Unosz\u0105, modeluj\u0105, kryj\u0105 problematyczne obszary<\/li>\n<li> G\u0119stsze<\/li>\n<li> Owijaj\u0105cy tali\u0119 pas pr\u0105\u017ckowany<\/li>\n<li> Peachy efekt<\/li>\n<li> Bez szwu z przodu<\/li>\n<li> Zgrzewane logo Peach Pump na tylnej cz\u0119\u015bci leggins\u00f3w<\/li>\n<li> Tkanina odprowadzaj\u0105ca potu<\/li>\n<li> Ciekawy kr\u00f3j<\/li>\n<li> Wysoki stan<\/li>\n<\/ul>\n<p>80% poliester 20% spandex Modelka na zdj\u0119ciu ma 178 cm wzrostu, wa\u017cy 54 kg i pozuje w rozmiarze M dla bluzki i leggins\u00f3w.<\/p>\n<p>Legginsy i bluzk\u0119 mo\u017cna pra\u0107 w temperaturze do 30 stopni, nie wybiela\u0107 i nie czy\u015bci\u0107 chemicznie.<\/p>\n","protected":false},"excerpt":{"rendered":"<p>Zielony bezszwowy zestaw, grubsze legginsy i koszulka na si\u0142owni\u0119 z d\u0142ugim r\u0119kawem. Ten ciekawy model wykonany jest z tkaniny pr\u0105\u017ckowanej i pi\u0119knie dopasowuje si\u0119 do cia\u0142a. Koszulka z wyci\u0119tym dekoltem, idelana na ch\u0142odniejsz\u0105 jesienno-zimow\u0105 por\u0119, pokochasz jej otulaj\u0105c\u0105 mi\u0119kko\u015b\u0107. Legginsy wykonane s\u0105 z grubszego, elastycznego materia\u0142u, maj\u0105 szeroki pas i tak uwielbiany przez nasz\u0105 mark\u0119 [&hellip;]<\/p>\n","protected":false},"featured_media":49963,"comment_status":"open","ping_status":"closed","template":"","meta":[],"product_brand":[],"product_cat":[362,364],"product_tag":[],"class_list":{"0":"post-56341","1":"product","2":"type-product","3":"status-publish","4":"has-post-thumbnail","6":"product_cat-komplety-sportowe-damskie","7":"product_cat-omplet-sportowy-top-legginsy","8":"inventories-world","9":"inventories-uk","11":"first","12":"instock","13":"virtual","14":"taxable","15":"purchasable","16":"product-type-yith_bundle"},"_links":{"self":[{"href":"https:\/\/staging5.peach-pump.com\/pl\/wp-json\/wp\/v2\/product\/56341","targetHints":{"allow":["GET"]}}],"collection":[{"href":"https:\/\/staging5.peach-pump.com\/pl\/wp-json\/wp\/v2\/product"}],"about":[{"href":"https:\/\/staging5.peach-pump.com\/pl\/wp-json\/wp\/v2\/types\/product"}],"replies":[{"embeddable":true,"href":"https:\/\/staging5.peach-pump.com\/pl\/wp-json\/wp\/v2\/comments?post=56341"}],"version-history":[{"count":0,"href":"https:\/\/staging5.peach-pump.com\/pl\/wp-json\/wp\/v2\/product\/56341\/revisions"}],"wp:featuredmedia":[{"embeddable":true,"href":"https:\/\/staging5.peach-pump.com\/pl\/wp-json\/wp\/v2\/media\/49963"}],"wp:attachment":[{"href":"https:\/\/staging5.peach-pump.com\/pl\/wp-json\/wp\/v2\/media?parent=56341"}],"wp:term":[{"taxonomy":"product_brand","embeddable":true,"href":"https:\/\/staging5.peach-pump.com\/pl\/wp-json\/wp\/v2\/product_brand?post=56341"},{"taxonomy":"product_cat","embeddable":true,"href":"https:\/\/staging5.peach-pump.com\/pl\/wp-json\/wp\/v2\/product_cat?post=56341"},{"taxonomy":"product_tag","embeddable":true,"href":"https:\/\/staging5.peach-pump.com\/pl\/wp-json\/wp\/v2\/product_tag?post=56341"}],"curies":[{"name":"wp","href":"https:\/\/api.w.org\/{rel}","templated":true}]}}