{"id":56169,"date":"2023-10-14T10:10:00","date_gmt":"2023-10-14T08:10:00","guid":{"rendered":"https:\/\/staging5.peach-pump.com\/products\/niebieski-bezszwowy-zestaw-sportowy-z-grubszego-materialu\/"},"modified":"2025-07-29T15:19:10","modified_gmt":"2025-07-29T13:19:10","slug":"niebieski-bezszwowy-zestaw-sportowy","status":"publish","type":"product","link":"https:\/\/staging5.peach-pump.com\/pl\/products\/niebieski-bezszwowy-zestaw-sportowy\/","title":{"rendered":"Niebieski bezszwowy zestaw sportowy z grubszego materia\u0142u"},"content":{"rendered":"<p>Ciemnoniebieski bezszwowy zestaw sportowy, legginsy i koszulka na si\u0142owni\u0119 z d\u0142ugim r\u0119kawem. Ten ciekawy model wykonany jest z pr\u0105\u017ckowanej tkaniny i pi\u0119knie dopasowuje si\u0119 do cia\u0142a. Koszulka z wyci\u0119tym dekoltem, idealna na ch\u0142odniejsz\u0105 por\u0119 jesienno-zimow\u0105, pokochasz jej ciep\u0142o, mi\u0119kko\u015b\u0107 i spos\u00f3b, w jaki pie\u015bci Twoje cia\u0142o. Legginsy wykonane s\u0105 z grubego, elastycznego materia\u0142u, maj\u0105 szeroki pas i tak uwielbiany przez nasz\u0105 mark\u0119 unosz\u0105cy i modeluj\u0105cy Peach Pump efekt. Szeroka gama kolor\u00f3w<\/p>\n<p>Koszulka:<\/p>\n<ul>\n<li>Materia\u0142 pr\u0105\u017ckowany<\/li>\n<li>Zgrzewane logo &#8220;Peach Pump&#8221; na ramieniu<\/li>\n<li>Du\u017ca elastyczno\u015b\u0107<\/li>\n<li> Bezszwowa tkanina pr\u0105\u017ckowana<\/li>\n<\/ul>\n<p>Obw\u00f3d klatki piersiowej: S: 85-90 cm \/ M: 90-95 cm \/ L: 95-100 cm<\/p>\n<p>Legginsy:<\/p>\n<ul>\n<li> Unosz\u0105, modeluj\u0105, kryj\u0105 problematyczne obszary<\/li>\n<li> Grubsze<\/li>\n<li> Owijaj\u0105cy tali\u0119 pas pr\u0105\u017ckowany<\/li>\n<li> Peachy efekt<\/li>\n<li> Bez szwu z przodu<\/li>\n<li> Zgrzewane logo Peach Pump z ty\u0142u leggins\u00f3w<\/li>\n<li> Tkanina odprowadzaj\u0105ca pot<\/li>\n<li> Ciekawy kr\u00f3j<\/li>\n<li> Wysoki stan<\/li>\n<\/ul>\n<p>Sk\u0142ad: 80% poliester 20% elastan<\/p>\n<p>Aby wybra\u0107 odpowiedni rozmiar leggins\u00f3w, skorzystaj z tabel rozmiarowych.<\/p>\n<p>Model na zdj\u0119ciu ma 169 cm wzrostu, wa\u017cy 52 kg i prezentuje koszulk\u0119 i legginsy w rozmiarze M.<\/p>\n<p>Legginsy i koszulk\u0119 mo\u017cna pra\u0107 w temperaturze do 30 stopni. Nie wybiela\u0107, nie czy\u015bci\u0107 chemicznie.<\/p>\n","protected":false},"excerpt":{"rendered":"<p>Ciemnoniebieski bezszwowy zestaw sportowy, legginsy i koszulka na si\u0142owni\u0119 z d\u0142ugim r\u0119kawem. Ten ciekawy model wykonany jest z pr\u0105\u017ckowanej tkaniny i pi\u0119knie dopasowuje si\u0119 do cia\u0142a. Koszulka z wyci\u0119tym dekoltem, idealna na ch\u0142odniejsz\u0105 por\u0119 jesienno-zimow\u0105, pokochasz jej ciep\u0142o, mi\u0119kko\u015b\u0107 i spos\u00f3b, w jaki pie\u015bci Twoje cia\u0142o. Legginsy wykonane s\u0105 z grubego, elastycznego materia\u0142u, maj\u0105 szeroki [&hellip;]<\/p>\n","protected":false},"featured_media":54749,"comment_status":"open","ping_status":"closed","template":"","meta":[],"product_brand":[],"product_cat":[362,364],"product_tag":[],"class_list":{"0":"post-56169","1":"product","2":"type-product","3":"status-publish","4":"has-post-thumbnail","6":"product_cat-komplety-sportowe-damskie","7":"product_cat-omplet-sportowy-top-legginsy","8":"pa_cviat-ciemny-niebieski","9":"inventories-world","10":"inventories-uk","12":"first","13":"instock","14":"virtual","15":"taxable","16":"purchasable","17":"product-type-yith_bundle"},"_links":{"self":[{"href":"https:\/\/staging5.peach-pump.com\/pl\/wp-json\/wp\/v2\/product\/56169","targetHints":{"allow":["GET"]}}],"collection":[{"href":"https:\/\/staging5.peach-pump.com\/pl\/wp-json\/wp\/v2\/product"}],"about":[{"href":"https:\/\/staging5.peach-pump.com\/pl\/wp-json\/wp\/v2\/types\/product"}],"replies":[{"embeddable":true,"href":"https:\/\/staging5.peach-pump.com\/pl\/wp-json\/wp\/v2\/comments?post=56169"}],"version-history":[{"count":0,"href":"https:\/\/staging5.peach-pump.com\/pl\/wp-json\/wp\/v2\/product\/56169\/revisions"}],"wp:featuredmedia":[{"embeddable":true,"href":"https:\/\/staging5.peach-pump.com\/pl\/wp-json\/wp\/v2\/media\/54749"}],"wp:attachment":[{"href":"https:\/\/staging5.peach-pump.com\/pl\/wp-json\/wp\/v2\/media?parent=56169"}],"wp:term":[{"taxonomy":"product_brand","embeddable":true,"href":"https:\/\/staging5.peach-pump.com\/pl\/wp-json\/wp\/v2\/product_brand?post=56169"},{"taxonomy":"product_cat","embeddable":true,"href":"https:\/\/staging5.peach-pump.com\/pl\/wp-json\/wp\/v2\/product_cat?post=56169"},{"taxonomy":"product_tag","embeddable":true,"href":"https:\/\/staging5.peach-pump.com\/pl\/wp-json\/wp\/v2\/product_tag?post=56169"}],"curies":[{"name":"wp","href":"https:\/\/api.w.org\/{rel}","templated":true}]}}