{"id":55979,"date":"2023-10-18T08:52:23","date_gmt":"2023-10-18T06:52:23","guid":{"rendered":"https:\/\/staging5.peach-pump.com\/products\/damska-kurtka-sportowa-z-zamkiem-blyskawicznym-i-kieszeniami-w-kolorze-rozowym\/"},"modified":"2025-02-21T10:31:30","modified_gmt":"2025-02-21T08:31:30","slug":"damska-sportowa-kurtka-z-zamkiem-rozowa","status":"publish","type":"product","link":"https:\/\/staging5.peach-pump.com\/pl\/products\/damska-sportowa-kurtka-z-zamkiem-rozowa\/","title":{"rendered":"Damska kurtka sportowa z zamkiem b\u0142yskawicznym i kieszeniami w kolorze r\u00f3\u017cowym"},"content":{"rendered":"<p>Damska kurtka sportowa z zamkiem b\u0142yskawicznym i kieszeniami w jesiennym r\u00f3\u017cowym kolorze, z otworami na kciuki, dzi\u0119ki kt\u00f3rym r\u0119kawy nie b\u0119d\u0105 si\u0119 podwija\u0107 podczas treningu, biegania lub jazdy na rowerze. Kr\u00f3j kurtki jest bardzo pi\u0119kny, rze\u017abi sylwetk\u0119 i dopasowuje si\u0119 do cia\u0142a. Mo\u017cna j\u0105 \u0142\u0105czy\u0107 z legginsami lub gorsetami w pastelowych kolorach z kolekcji Peach Pump.<\/p>\n<ul>\n<li>Elastyczny, szybkoschn\u0105cy materia\u0142<\/li>\n<li>Zgrzewane logo Peach Pump na ramieniu<\/li>\n<li>Zapi\u0119cie na zamek b\u0142yskawiczny<\/li>\n<li>Kieszenie z przodu kurtki<\/li>\n<li>Otwory na kciuki<\/li>\n<li>Model kszta\u0142tuj\u0105cy sylwetk\u0119<\/li>\n<\/ul>\n<p>Sk\u0142ad: 80% poliester 20% elastan.<\/p>\n<p>Legginsy mo\u017cna pra\u0107 w temperaturze nie wy\u017cszej ni\u017c 30 stopni, nie wybiela\u0107, nie czy\u015bci\u0107 chemicznie.<\/p>\n<p>Model ze zdj\u0119ciu ma 180 cm wzrostu, wa\u017cy 59 kg i prezentuje legginsy w rozmiarze M.<\/p>\n<p>Obw\u00f3d klatki piersiowej: S: 85-90 cm \/ M: 90-95 cm \/ L: 95-100 cm<\/p>\n<p>&nbsp;<\/p>\n","protected":false},"excerpt":{"rendered":"<p>Damska kurtka sportowa z zamkiem b\u0142yskawicznym i kieszeniami w jesiennym r\u00f3\u017cowym kolorze, z otworami na kciuki, dzi\u0119ki kt\u00f3rym r\u0119kawy nie b\u0119d\u0105 si\u0119 podwija\u0107 podczas treningu, biegania lub jazdy na rowerze. Kr\u00f3j kurtki jest bardzo pi\u0119kny, rze\u017abi sylwetk\u0119 i dopasowuje si\u0119 do cia\u0142a. Mo\u017cna j\u0105 \u0142\u0105czy\u0107 z legginsami lub gorsetami w pastelowych kolorach z kolekcji Peach [&hellip;]<\/p>\n","protected":false},"featured_media":55381,"comment_status":"open","ping_status":"closed","template":"","meta":[],"product_brand":[],"product_cat":[923,360],"product_tag":[],"class_list":{"0":"post-55979","1":"product","2":"type-product","3":"status-publish","4":"has-post-thumbnail","6":"product_cat-damskie-kurtki","7":"product_cat-bluzki-koszulki-fitness-sportowe","8":"pa_cviat-rozowy","9":"pa_razmer-l-pl","10":"pa_razmer-m-pl-2","11":"pa_razmer-s-pl-2","12":"inventories-world","13":"inventories-uk","15":"first","16":"instock","17":"taxable","18":"shipping-taxable","19":"purchasable","20":"product-type-variable"},"_links":{"self":[{"href":"https:\/\/staging5.peach-pump.com\/pl\/wp-json\/wp\/v2\/product\/55979","targetHints":{"allow":["GET"]}}],"collection":[{"href":"https:\/\/staging5.peach-pump.com\/pl\/wp-json\/wp\/v2\/product"}],"about":[{"href":"https:\/\/staging5.peach-pump.com\/pl\/wp-json\/wp\/v2\/types\/product"}],"replies":[{"embeddable":true,"href":"https:\/\/staging5.peach-pump.com\/pl\/wp-json\/wp\/v2\/comments?post=55979"}],"version-history":[{"count":0,"href":"https:\/\/staging5.peach-pump.com\/pl\/wp-json\/wp\/v2\/product\/55979\/revisions"}],"wp:featuredmedia":[{"embeddable":true,"href":"https:\/\/staging5.peach-pump.com\/pl\/wp-json\/wp\/v2\/media\/55381"}],"wp:attachment":[{"href":"https:\/\/staging5.peach-pump.com\/pl\/wp-json\/wp\/v2\/media?parent=55979"}],"wp:term":[{"taxonomy":"product_brand","embeddable":true,"href":"https:\/\/staging5.peach-pump.com\/pl\/wp-json\/wp\/v2\/product_brand?post=55979"},{"taxonomy":"product_cat","embeddable":true,"href":"https:\/\/staging5.peach-pump.com\/pl\/wp-json\/wp\/v2\/product_cat?post=55979"},{"taxonomy":"product_tag","embeddable":true,"href":"https:\/\/staging5.peach-pump.com\/pl\/wp-json\/wp\/v2\/product_tag?post=55979"}],"curies":[{"name":"wp","href":"https:\/\/api.w.org\/{rel}","templated":true}]}}