{"id":123808,"date":"2025-07-04T14:21:36","date_gmt":"2025-07-04T12:21:36","guid":{"rendered":"https:\/\/staging5.peach-pump.com\/?post_type=product&p=123808"},"modified":"2026-02-27T15:38:25","modified_gmt":"2026-02-27T13:38:25","slug":"bialy-sportowy-biustonosz-z-krzyzujacymi-sie-ramiaczkami-na-plecach","status":"publish","type":"product","link":"https:\/\/staging5.peach-pump.com\/pl\/products\/bialy-sportowy-biustonosz-z-krzyzujacymi-sie-ramiaczkami-na-plecach\/","title":{"rendered":"Bia\u0142y sportowy biustonosz z krzy\u017cuj\u0105cymi si\u0119 rami\u0105czkami na plecach."},"content":{"rendered":"<p>Bia\u0142y sportowy biustonosz z krzy\u017cuj\u0105cymi si\u0119 rami\u0105czkami w kolorze bia\u0142ym i szarym. Model ma wyci\u0119ty fason i super push-up wk\u0142adki, kt\u00f3re mo\u017cna wyj\u0105\u0107. Materia\u0142 jest wyj\u0105tkowo delikatny i elastyczny, nie zatrzymuje wilgoci w ciele, co czyni go idealnym do biegania, fitnessu, jogi, tenisa lub innego rodzaju sportu. Design biustonosza jest bardzo modny na lato, dost\u0119pny w kilku wersjach kolorystycznych i mo\u017cna go po\u0142\u0105czy\u0107 w komplet z kr\u00f3tk\u0105 sp\u00f3dniczk\u0105 lub legginsami. Z przodu znajduje si\u0119 termicznie naklejone szare logo.    <\/p>\n<ul>\n<li>Ciekawy kr\u00f3j<\/li>\n<li>Krzy\u017cuj\u0105ce si\u0119 rami\u0105czka na plecach.<\/li>\n<li>Super wk\u0142adki push-up, kt\u00f3re mo\u017cna wyj\u0105\u0107<\/li>\n<li>Termicznie naklejone logo &#8220;Peach Pump&#8221; z przodu biustonosza<\/li>\n<li>Tkanina, kt\u00f3ra nie zatrzymuje wilgoci w ciele<\/li>\n<\/ul>\n<p>70% poliester 30% elastan<\/p>\n<p>Biustonosz mo\u017cna pra\u0107 w temperaturze do 30 stopni. Nie wybiela\u0107. Nie czy\u015bci\u0107 chemicznie.<\/p>\n<p>Modelka na zdj\u0119ciu ma 179 m wzrostu, wa\u017cy 58 kg i pozuje w rozmiarze M.<\/p>\n<p>Aby wybra\u0107 dok\u0142adny rozmiar, skorzystaj z tabel rozmiarowych.<\/p>\n","protected":false},"excerpt":{"rendered":"<p>Bia\u0142y sportowy biustonosz z krzy\u017cuj\u0105cymi si\u0119 rami\u0105czkami w kolorze bia\u0142ym i szarym. Model ma wyci\u0119ty fason i super push-up wk\u0142adki, kt\u00f3re mo\u017cna wyj\u0105\u0107. Materia\u0142 jest wyj\u0105tkowo delikatny i elastyczny, nie zatrzymuje wilgoci w ciele, co czyni go idealnym do biegania, fitnessu, jogi, tenisa lub innego rodzaju sportu. Design biustonosza jest bardzo modny na lato, dost\u0119pny [&hellip;]<\/p>\n","protected":false},"featured_media":124999,"comment_status":"open","ping_status":"closed","template":"","meta":[],"product_brand":[],"product_cat":[361],"product_tag":[],"class_list":{"0":"post-123808","1":"product","2":"type-product","3":"status-publish","4":"has-post-thumbnail","6":"product_cat-biustonosz-staniki-sportove","7":"pa_cviat-bialy-pl","8":"pa_razmer-l-pl","9":"pa_razmer-m-pl-2","10":"pa_razmer-s-pl-2","11":"inventories-world","12":"inventories-pl","14":"first","15":"instock","16":"taxable","17":"shipping-taxable","18":"purchasable","19":"product-type-variable"},"_links":{"self":[{"href":"https:\/\/staging5.peach-pump.com\/pl\/wp-json\/wp\/v2\/product\/123808","targetHints":{"allow":["GET"]}}],"collection":[{"href":"https:\/\/staging5.peach-pump.com\/pl\/wp-json\/wp\/v2\/product"}],"about":[{"href":"https:\/\/staging5.peach-pump.com\/pl\/wp-json\/wp\/v2\/types\/product"}],"replies":[{"embeddable":true,"href":"https:\/\/staging5.peach-pump.com\/pl\/wp-json\/wp\/v2\/comments?post=123808"}],"version-history":[{"count":0,"href":"https:\/\/staging5.peach-pump.com\/pl\/wp-json\/wp\/v2\/product\/123808\/revisions"}],"wp:featuredmedia":[{"embeddable":true,"href":"https:\/\/staging5.peach-pump.com\/pl\/wp-json\/wp\/v2\/media\/124999"}],"wp:attachment":[{"href":"https:\/\/staging5.peach-pump.com\/pl\/wp-json\/wp\/v2\/media?parent=123808"}],"wp:term":[{"taxonomy":"product_brand","embeddable":true,"href":"https:\/\/staging5.peach-pump.com\/pl\/wp-json\/wp\/v2\/product_brand?post=123808"},{"taxonomy":"product_cat","embeddable":true,"href":"https:\/\/staging5.peach-pump.com\/pl\/wp-json\/wp\/v2\/product_cat?post=123808"},{"taxonomy":"product_tag","embeddable":true,"href":"https:\/\/staging5.peach-pump.com\/pl\/wp-json\/wp\/v2\/product_tag?post=123808"}],"curies":[{"name":"wp","href":"https:\/\/api.w.org\/{rel}","templated":true}]}}