{"id":123783,"date":"2025-07-03T15:09:03","date_gmt":"2025-07-03T13:09:03","guid":{"rendered":"https:\/\/staging5.peach-pump.com\/?post_type=product&#038;p=123783"},"modified":"2026-02-27T15:43:38","modified_gmt":"2026-02-27T13:43:38","slug":"czarna-sportowa-spodniczka-z-rozcieciem-i-legginsami-z-kieszeniami","status":"publish","type":"product","link":"https:\/\/staging5.peach-pump.com\/pl\/products\/czarna-sportowa-spodniczka-z-rozcieciem-i-legginsami-z-kieszeniami\/","title":{"rendered":"Czarna sportowa sp\u00f3dniczka z rozci\u0119ciem i legginsami z kieszeniami"},"content":{"rendered":"<p>Czarna sportowa sp\u00f3dnica z rozci\u0119ciem i legginsy z bocznymi kieszeniami. Sp\u00f3dnica ma bia\u0142\u0105 lam\u00f3wk\u0119 i czarn\u0105 gumk\u0119, kt\u00f3ra \u015bci\u0105ga tali\u0119, dyskretny napis &#8220;Peach Pump&#8221; z ty\u0142u i zgrzewane logo z przodu po lewej stronie. Model ma pasek nad p\u0119pkiem i rozci\u0119cie, kt\u00f3re wyd\u0142u\u017ca nogi, a klin pod sp\u00f3dnic\u0105 zapewnia pe\u0142n\u0105 swobod\u0119 ruch\u00f3w podczas uprawiania ulubionego sportu. Kieszenie na legginsach s\u0105 g\u0142\u0119bokie i bez problemu mo\u017cna w nich schowa\u0107 telefon. Sp\u00f3dniczka nadaje si\u0119 na spacer po parku, si\u0142owni\u0119, tenisa czy siatk\u00f3wk\u0119. Do modelu mo\u017cna dobra\u0107 bustier z naszej kolekcji w tym samym wzorze.     <\/p>\n<ul>\n<li>Wysoki stan<\/li>\n<li>G\u0142\u0119bokie rozci\u0119cie<\/li>\n<li>Kr\u00f3tkie legginsy (wewn\u0119trzne spodenki) z bocznymi kieszeniami.<\/li>\n<li>Dyskretny napis &#8220;Peach Pump&#8221; z ty\u0142u gumki<\/li>\n<li>Termicznie naklejone logo &#8220;Peach Pump&#8221; z przodu sp\u00f3dnicy<\/li>\n<li>Tkanina, kt\u00f3ra nie zatrzymuje wilgoci w ciele<\/li>\n<\/ul>\n<p>Sk\u0142ad: 70% Nylon 30% Spandex<\/p>\n<p>Sp\u00f3dniczk\u0119 mo\u017cna pra\u0107 w temperaturze do 30 stopni, nie nale\u017cy u\u017cywa\u0107 wybielaczy ani czy\u015bci\u0107 chemicznie.<\/p>\n<p>Modelka na zdj\u0119ciu ma 179 cm wzrostu, wa\u017cy 58 kg i pozuje w rozmiarze M.<\/p>\n","protected":false},"excerpt":{"rendered":"<p>Czarna sportowa sp\u00f3dnica z rozci\u0119ciem i legginsy z bocznymi kieszeniami. Sp\u00f3dnica ma bia\u0142\u0105 lam\u00f3wk\u0119 i czarn\u0105 gumk\u0119, kt\u00f3ra \u015bci\u0105ga tali\u0119, dyskretny napis &#8220;Peach Pump&#8221; z ty\u0142u i zgrzewane logo z przodu po lewej stronie. Model ma pasek nad p\u0119pkiem i rozci\u0119cie, kt\u00f3re wyd\u0142u\u017ca nogi, a klin pod sp\u00f3dnic\u0105 zapewnia pe\u0142n\u0105 swobod\u0119 ruch\u00f3w podczas uprawiania ulubionego [&hellip;]<\/p>\n","protected":false},"featured_media":122640,"comment_status":"open","ping_status":"closed","template":"","meta":[],"product_brand":[],"product_cat":[1176,201,190],"product_tag":[],"class_list":{"0":"post-123783","1":"product","2":"type-product","3":"status-publish","4":"has-post-thumbnail","6":"product_cat-spodnice-i-sukienki-sportowe","7":"product_cat-krotkie-legginsy","8":"product_cat-legginsy-z-kieszeniami","9":"pa_cviat-czarny","10":"pa_razmer-l-pl","11":"pa_razmer-m-pl-2","12":"pa_razmer-s-pl-2","13":"inventories-world","14":"inventories-pl","16":"first","17":"instock","18":"taxable","19":"shipping-taxable","20":"purchasable","21":"product-type-variable"},"_links":{"self":[{"href":"https:\/\/staging5.peach-pump.com\/pl\/wp-json\/wp\/v2\/product\/123783","targetHints":{"allow":["GET"]}}],"collection":[{"href":"https:\/\/staging5.peach-pump.com\/pl\/wp-json\/wp\/v2\/product"}],"about":[{"href":"https:\/\/staging5.peach-pump.com\/pl\/wp-json\/wp\/v2\/types\/product"}],"replies":[{"embeddable":true,"href":"https:\/\/staging5.peach-pump.com\/pl\/wp-json\/wp\/v2\/comments?post=123783"}],"version-history":[{"count":1,"href":"https:\/\/staging5.peach-pump.com\/pl\/wp-json\/wp\/v2\/product\/123783\/revisions"}],"predecessor-version":[{"id":124605,"href":"https:\/\/staging5.peach-pump.com\/pl\/wp-json\/wp\/v2\/product\/123783\/revisions\/124605"}],"wp:featuredmedia":[{"embeddable":true,"href":"https:\/\/staging5.peach-pump.com\/pl\/wp-json\/wp\/v2\/media\/122640"}],"wp:attachment":[{"href":"https:\/\/staging5.peach-pump.com\/pl\/wp-json\/wp\/v2\/media?parent=123783"}],"wp:term":[{"taxonomy":"product_brand","embeddable":true,"href":"https:\/\/staging5.peach-pump.com\/pl\/wp-json\/wp\/v2\/product_brand?post=123783"},{"taxonomy":"product_cat","embeddable":true,"href":"https:\/\/staging5.peach-pump.com\/pl\/wp-json\/wp\/v2\/product_cat?post=123783"},{"taxonomy":"product_tag","embeddable":true,"href":"https:\/\/staging5.peach-pump.com\/pl\/wp-json\/wp\/v2\/product_tag?post=123783"}],"curies":[{"name":"wp","href":"https:\/\/api.w.org\/{rel}","templated":true}]}}