{"id":120796,"date":"2025-06-16T20:30:30","date_gmt":"2025-06-16T18:30:30","guid":{"rendered":"https:\/\/staging5.peach-pump.com\/products\/bezowe-krotkie-legginsy-sportowe-o-prostym-designie\/"},"modified":"2026-02-27T15:48:49","modified_gmt":"2026-02-27T13:48:49","slug":"bezowe-krotkie-legginsy-sportowe-o-prostym-designie","status":"publish","type":"product","link":"https:\/\/staging5.peach-pump.com\/pl\/products\/bezowe-krotkie-legginsy-sportowe-o-prostym-designie\/","title":{"rendered":"Be\u017cowe kr\u00f3tkie legginsy sportowe o prostym designie"},"content":{"rendered":"<p>Kr\u00f3tkie sportowe legginsy w be\u017cowym kolorze \u201eko\u015b\u0107 s\u0142oniowa\u201d, o prostym designie, bez modeluj\u0105cego efektu.<br \/>Model nie posiada szwu z przodu, co jest preferowane przez wi\u0119kszo\u015b\u0107 kobiet, i ma szew z ty\u0142u leggins\u00f3w.<br \/>Elastyczny, letni materia\u0142 dopasowuje si\u0119 do sylwetki, a szeroki pas podkre\u015bla tali\u0119.<br \/>Legginsy maj\u0105 3D logo z przodu i z ty\u0142u.<br \/>Szwy s\u0105 p\u0142askie i nie powoduj\u0105 podra\u017cnie\u0144.<br \/>Odpowiednie do trening\u00f3w si\u0142owych i aerobowych, nie zatrzymuj\u0105 wilgoci w ciele.<br \/>Mo\u017cna je po\u0142\u0105czy\u0107 z kr\u00f3tk\u0105 bluz\u0105 wykonan\u0105 z tego samego materia\u0142u, tworz\u0105c komplet.      <\/p>\n<ul>\n<li>Rozci\u0105gliwy, lekki letni materia\u0142<\/li>\n<li>P\u0142askie szwy<\/li>\n<li>Bez szwu z przodu<\/li>\n<li>Szew z ty\u0142u leggins\u00f3w<\/li>\n<li>Szeroki pasek podkre\u015blaj\u0105cy tali\u0119<\/li>\n<li>Logo 3D \u201ePeach Pump\u201d z ty\u0142u i z przodu leggins\u00f3w<\/li>\n<li>Tkanina, kt\u00f3ra nie zatrzymuje wilgoci w ciele<\/li>\n<\/ul>\n<p>Sk\u0142ad: elastan i poliester<\/p>\n<p>Legginsy mo\u017cna pra\u0107 w temperaturze do 30 stopni, nie wybiela\u0107, nie suszy\u0107 w suszarce b\u0119bnowej ani nie czy\u015bci\u0107 chemicznie.<\/p>\n<p>Modelka na zdj\u0119ciu ma 178 cm wzrostu, wa\u017cy 57 kg i pozuje w rozmiarze M.<\/p>\n<p>Aby wybra\u0107 dok\u0142adny rozmiar, skorzystaj z tabel rozmiarowych<\/p>\n","protected":false},"excerpt":{"rendered":"<p>Kr\u00f3tkie sportowe legginsy w be\u017cowym kolorze \u201eko\u015b\u0107 s\u0142oniowa\u201d, o prostym designie, bez modeluj\u0105cego efektu.Model nie posiada szwu z przodu, co jest preferowane przez wi\u0119kszo\u015b\u0107 kobiet, i ma szew z ty\u0142u leggins\u00f3w.Elastyczny, letni materia\u0142 dopasowuje si\u0119 do sylwetki, a szeroki pas podkre\u015bla tali\u0119.Legginsy maj\u0105 3D logo z przodu i z ty\u0142u.Szwy s\u0105 p\u0142askie i nie powoduj\u0105 [&hellip;]<\/p>\n","protected":false},"featured_media":119383,"comment_status":"open","ping_status":"closed","template":"","meta":[],"product_brand":[],"product_cat":[144,201],"product_tag":[],"class_list":{"0":"post-120796","1":"product","2":"type-product","3":"status-publish","4":"has-post-thumbnail","6":"product_cat-legginsy-sportowe-damskie","7":"product_cat-krotkie-legginsy","8":"pa_cviat-bezowy","9":"pa_razmer-l-pl","10":"pa_razmer-m-pl-2","11":"pa_razmer-s-pl-2","12":"inventories-world","13":"inventories-pl","15":"first","16":"instock","17":"sale","18":"taxable","19":"shipping-taxable","20":"purchasable","21":"product-type-variable"},"_links":{"self":[{"href":"https:\/\/staging5.peach-pump.com\/pl\/wp-json\/wp\/v2\/product\/120796","targetHints":{"allow":["GET"]}}],"collection":[{"href":"https:\/\/staging5.peach-pump.com\/pl\/wp-json\/wp\/v2\/product"}],"about":[{"href":"https:\/\/staging5.peach-pump.com\/pl\/wp-json\/wp\/v2\/types\/product"}],"replies":[{"embeddable":true,"href":"https:\/\/staging5.peach-pump.com\/pl\/wp-json\/wp\/v2\/comments?post=120796"}],"version-history":[{"count":0,"href":"https:\/\/staging5.peach-pump.com\/pl\/wp-json\/wp\/v2\/product\/120796\/revisions"}],"wp:featuredmedia":[{"embeddable":true,"href":"https:\/\/staging5.peach-pump.com\/pl\/wp-json\/wp\/v2\/media\/119383"}],"wp:attachment":[{"href":"https:\/\/staging5.peach-pump.com\/pl\/wp-json\/wp\/v2\/media?parent=120796"}],"wp:term":[{"taxonomy":"product_brand","embeddable":true,"href":"https:\/\/staging5.peach-pump.com\/pl\/wp-json\/wp\/v2\/product_brand?post=120796"},{"taxonomy":"product_cat","embeddable":true,"href":"https:\/\/staging5.peach-pump.com\/pl\/wp-json\/wp\/v2\/product_cat?post=120796"},{"taxonomy":"product_tag","embeddable":true,"href":"https:\/\/staging5.peach-pump.com\/pl\/wp-json\/wp\/v2\/product_tag?post=120796"}],"curies":[{"name":"wp","href":"https:\/\/api.w.org\/{rel}","templated":true}]}}