{"id":120444,"date":"2025-06-16T20:58:54","date_gmt":"2025-06-16T18:58:54","guid":{"rendered":"https:\/\/staging5.peach-pump.com\/products\/zielony-sportowy-komplet-matcha-krotki-leggins-i-crop-top-bluza\/"},"modified":"2025-07-13T08:48:13","modified_gmt":"2025-07-13T06:48:13","slug":"zielony-sportowy-komplet-matcha-krotki-leggins-i-crop-top-bluza","status":"publish","type":"product","link":"https:\/\/staging5.peach-pump.com\/pl\/products\/zielony-sportowy-komplet-matcha-krotki-leggins-i-crop-top-bluza\/","title":{"rendered":"Zielony sportowy komplet \u201eMatcha\u201d \u2013 kr\u00f3tkie legginsy i crop top bluza"},"content":{"rendered":"<p>Zielony kr\u00f3tki sportowy komplet \u201eMatcha\u201d \u2013 legginsy w prostym designie, bez modeluj\u0105cego efektu, oraz crop top z kr\u00f3tkim r\u0119kawem.<br \/>Bluzka ma wyjmowane wk\u0142adki, odpowiednia jest do fitnessu, biegania, \u0107wicze\u0144 aerobowych lub spacer\u00f3w w parku, ma ukryty \u015bci\u0105gacz na dole i materia\u0142, kt\u00f3ry nie zatrzymuje wilgoci w ciele.<br \/>Legginsy nie maj\u0105 szwu z przodu, co jest preferowane przez wi\u0119kszo\u015b\u0107 kobiet, i maj\u0105 szew z ty\u0142u.<br \/>Elastyczny, letni materia\u0142 dopasowuje si\u0119 do sylwetki, a szeroki pas podkre\u015bla tali\u0119.<br \/>3D logo z przodu i z ty\u0142u leggins\u00f3w.<br \/>Szwy s\u0105 p\u0142askie i nie powoduj\u0105 podra\u017cnie\u0144.<br \/>Odpowiedni do trening\u00f3w si\u0142owych i aerobowych, nie zatrzymuje wilgoci w ciele.<br \/>Komplet dost\u0119pny jest w kilku kolorach.       <\/p>\n<p>Za bluza:<\/p>\n<ul>\n<li>Wyjmowane wk\u0142adki<\/li>\n<li>Ukryta gumka u do\u0142u<\/li>\n<li>Idealnie przylega do cia\u0142a<\/li>\n<li>Termicznie naklejone logo &#8220;Peach Pump&#8221; na ramieniu<\/li>\n<li>Tkanina, kt\u00f3ra nie zatrzymuje wilgoci w ciele<\/li>\n<\/ul>\n<p>O legginsach:<\/p>\n<ul>\n<li>Rozci\u0105gliwy, lekki letni materia\u0142<\/li>\n<li>P\u0142askie szwy<\/li>\n<li>Bez szwu z przodu<\/li>\n<li>Szew z ty\u0142u leggins\u00f3w<\/li>\n<li>Szeroki pasek podkre\u015blaj\u0105cy tali\u0119<\/li>\n<li>Logo 3D \u201ePeach Pump\u201d z ty\u0142u i z przodu leggins\u00f3w<\/li>\n<li>Tkanina, kt\u00f3ra nie zatrzymuje wilgoci w ciele<\/li>\n<\/ul>\n<p>Sk\u0142ad: elastan i poliester<\/p>\n<p>Komplet mo\u017cna pra\u0107 w temperaturze do 30 stopni, nie nale\u017cy u\u017cywa\u0107 wybielaczy, suszy\u0107 w suszarce b\u0119bnowej ani czy\u015bci\u0107 chemicznie.<\/p>\n<p>Modelka na zdj\u0119ciu ma 178 cm wzrostu, wa\u017cy 57 kg i pozuje w rozmiarze M w bluzie i legginsach.<\/p>\n<p>Aby wybra\u0107 dok\u0142adny rozmiar, skorzystaj z tabel rozmiarowych<\/p>\n","protected":false},"excerpt":{"rendered":"<p>Zielony kr\u00f3tki sportowy komplet \u201eMatcha\u201d \u2013 legginsy w prostym designie, bez modeluj\u0105cego efektu, oraz crop top z kr\u00f3tkim r\u0119kawem.Bluzka ma wyjmowane wk\u0142adki, odpowiednia jest do fitnessu, biegania, \u0107wicze\u0144 aerobowych lub spacer\u00f3w w parku, ma ukryty \u015bci\u0105gacz na dole i materia\u0142, kt\u00f3ry nie zatrzymuje wilgoci w ciele.Legginsy nie maj\u0105 szwu z przodu, co jest preferowane przez [&hellip;]<\/p>\n","protected":false},"featured_media":119601,"comment_status":"open","ping_status":"closed","template":"","meta":[],"product_brand":[],"product_cat":[362,363],"product_tag":[],"class_list":{"0":"post-120444","1":"product","2":"type-product","3":"status-publish","4":"has-post-thumbnail","6":"product_cat-komplety-sportowe-damskie","7":"product_cat-krotkie-komplet-legginsy","8":"pa_cviat-zielony","9":"inventories-world","11":"first","12":"instock","13":"sale","14":"virtual","15":"taxable","16":"purchasable","17":"product-type-yith_bundle"},"_links":{"self":[{"href":"https:\/\/staging5.peach-pump.com\/pl\/wp-json\/wp\/v2\/product\/120444","targetHints":{"allow":["GET"]}}],"collection":[{"href":"https:\/\/staging5.peach-pump.com\/pl\/wp-json\/wp\/v2\/product"}],"about":[{"href":"https:\/\/staging5.peach-pump.com\/pl\/wp-json\/wp\/v2\/types\/product"}],"replies":[{"embeddable":true,"href":"https:\/\/staging5.peach-pump.com\/pl\/wp-json\/wp\/v2\/comments?post=120444"}],"version-history":[{"count":0,"href":"https:\/\/staging5.peach-pump.com\/pl\/wp-json\/wp\/v2\/product\/120444\/revisions"}],"wp:featuredmedia":[{"embeddable":true,"href":"https:\/\/staging5.peach-pump.com\/pl\/wp-json\/wp\/v2\/media\/119601"}],"wp:attachment":[{"href":"https:\/\/staging5.peach-pump.com\/pl\/wp-json\/wp\/v2\/media?parent=120444"}],"wp:term":[{"taxonomy":"product_brand","embeddable":true,"href":"https:\/\/staging5.peach-pump.com\/pl\/wp-json\/wp\/v2\/product_brand?post=120444"},{"taxonomy":"product_cat","embeddable":true,"href":"https:\/\/staging5.peach-pump.com\/pl\/wp-json\/wp\/v2\/product_cat?post=120444"},{"taxonomy":"product_tag","embeddable":true,"href":"https:\/\/staging5.peach-pump.com\/pl\/wp-json\/wp\/v2\/product_tag?post=120444"}],"curies":[{"name":"wp","href":"https:\/\/api.w.org\/{rel}","templated":true}]}}