{"id":120435,"date":"2025-06-16T21:17:51","date_gmt":"2025-06-16T19:17:51","guid":{"rendered":"https:\/\/staging5.peach-pump.com\/products\/jasnoniebieski-krotki-sportowy-komplet-z-bluza-typu-crop-top\/"},"modified":"2025-07-19T23:10:39","modified_gmt":"2025-07-19T21:10:39","slug":"jasnoniebieski-krotki-sportowy-komplet-z-bluza-typu-crop-top","status":"publish","type":"product","link":"https:\/\/staging5.peach-pump.com\/pl\/products\/jasnoniebieski-krotki-sportowy-komplet-z-bluza-typu-crop-top\/","title":{"rendered":"Jasnoniebieski kr\u00f3tki sportowy komplet z bluz\u0105 typu crop top."},"content":{"rendered":"<p>Jasnoniebieski kr\u00f3tki sportowy komplet \u2013 legginsy w prostym designie, bez modeluj\u0105cego efektu, oraz crop top z kr\u00f3tkim r\u0119kawem.<br \/>Bluzka ma wyjmowane wk\u0142adki, odpowiednia jest do fitnessu, biegania, \u0107wicze\u0144 aerobowych lub spacer\u00f3w w parku, ma ukryty \u015bci\u0105gacz na dole i materia\u0142, kt\u00f3ry nie zatrzymuje wilgoci w ciele.<br \/>Legginsy nie maj\u0105 szwu z przodu, co jest preferowane przez wi\u0119kszo\u015b\u0107 kobiet, i maj\u0105 szew z ty\u0142u.<br \/>Elastyczny, letni materia\u0142 dopasowuje si\u0119 do sylwetki, a szeroki pas podkre\u015bla tali\u0119.<br \/>3D logo z przodu i z ty\u0142u leggins\u00f3w.<br \/>Szwy s\u0105 p\u0142askie i nie powoduj\u0105 podra\u017cnie\u0144.<br \/>Odpowiedni do trening\u00f3w si\u0142owych i aerobowych, nie zatrzymuje wilgoci w ciele.<br \/>Komplet dost\u0119pny jest w kilku kolorach.       <\/p>\n<p>Bluza:<\/p>\n<ul>\n<li>Wyjmowane wk\u0142adki<\/li>\n<li>Ukryta gumka u do\u0142u<\/li>\n<li>Idealnie przylega do cia\u0142a<\/li>\n<li>Termicznie naklejone logo &#8220;Peach Pump&#8221; na ramieniu<\/li>\n<li>Tkanina, kt\u00f3ra nie zatrzymuje wilgoci w ciele<\/li>\n<\/ul>\n<p>Dla leggins\u00f3w<\/p>\n<ul>\n<li>Rozci\u0105gliwy, lekki letni materia\u0142<\/li>\n<li>P\u0142askie szwy<\/li>\n<li>Bez szwu z przodu<\/li>\n<li>Szew z ty\u0142u leggins\u00f3w<\/li>\n<li>Szeroki pasek podkre\u015blaj\u0105cy tali\u0119<\/li>\n<li>Logo 3D \u201ePeach Pump\u201d z ty\u0142u i z przodu leggins\u00f3w<\/li>\n<li>Tkanina, kt\u00f3ra nie zatrzymuje wilgoci w ciele<\/li>\n<\/ul>\n<p>Sk\u0142ad: elastan i poliester<\/p>\n<p>Zestaw mo\u017cna pra\u0107 w temperaturze do 30 stopni, nie nale\u017cy u\u017cywa\u0107 wybielaczy, suszy\u0107 w suszarce b\u0119bnowej ani czy\u015bci\u0107 chemicznie.<\/p>\n<p>Modelka na zdj\u0119ciu ma 178 cm wzrostu, wa\u017cy 57 kg i pozuje w rozmiarze M w bluzie i legginsach.<\/p>\n<p>Aby wybra\u0107 dok\u0142adny rozmiar, skorzystaj z tabel rozmiarowych<\/p>\n","protected":false},"excerpt":{"rendered":"<p>Jasnoniebieski kr\u00f3tki sportowy komplet \u2013 legginsy w prostym designie, bez modeluj\u0105cego efektu, oraz crop top z kr\u00f3tkim r\u0119kawem.Bluzka ma wyjmowane wk\u0142adki, odpowiednia jest do fitnessu, biegania, \u0107wicze\u0144 aerobowych lub spacer\u00f3w w parku, ma ukryty \u015bci\u0105gacz na dole i materia\u0142, kt\u00f3ry nie zatrzymuje wilgoci w ciele.Legginsy nie maj\u0105 szwu z przodu, co jest preferowane przez wi\u0119kszo\u015b\u0107 [&hellip;]<\/p>\n","protected":false},"featured_media":119679,"comment_status":"open","ping_status":"closed","template":"","meta":[],"product_brand":[],"product_cat":[362,363],"product_tag":[],"class_list":{"0":"post-120435","1":"product","2":"type-product","3":"status-publish","4":"has-post-thumbnail","6":"product_cat-komplety-sportowe-damskie","7":"product_cat-krotkie-komplet-legginsy","8":"pa_cviat-jasnoniebieski","9":"inventories-world","11":"first","12":"instock","13":"sale","14":"virtual","15":"taxable","16":"purchasable","17":"product-type-yith_bundle"},"_links":{"self":[{"href":"https:\/\/staging5.peach-pump.com\/pl\/wp-json\/wp\/v2\/product\/120435","targetHints":{"allow":["GET"]}}],"collection":[{"href":"https:\/\/staging5.peach-pump.com\/pl\/wp-json\/wp\/v2\/product"}],"about":[{"href":"https:\/\/staging5.peach-pump.com\/pl\/wp-json\/wp\/v2\/types\/product"}],"replies":[{"embeddable":true,"href":"https:\/\/staging5.peach-pump.com\/pl\/wp-json\/wp\/v2\/comments?post=120435"}],"version-history":[{"count":0,"href":"https:\/\/staging5.peach-pump.com\/pl\/wp-json\/wp\/v2\/product\/120435\/revisions"}],"wp:featuredmedia":[{"embeddable":true,"href":"https:\/\/staging5.peach-pump.com\/pl\/wp-json\/wp\/v2\/media\/119679"}],"wp:attachment":[{"href":"https:\/\/staging5.peach-pump.com\/pl\/wp-json\/wp\/v2\/media?parent=120435"}],"wp:term":[{"taxonomy":"product_brand","embeddable":true,"href":"https:\/\/staging5.peach-pump.com\/pl\/wp-json\/wp\/v2\/product_brand?post=120435"},{"taxonomy":"product_cat","embeddable":true,"href":"https:\/\/staging5.peach-pump.com\/pl\/wp-json\/wp\/v2\/product_cat?post=120435"},{"taxonomy":"product_tag","embeddable":true,"href":"https:\/\/staging5.peach-pump.com\/pl\/wp-json\/wp\/v2\/product_tag?post=120435"}],"curies":[{"name":"wp","href":"https:\/\/api.w.org\/{rel}","templated":true}]}}