{"id":118596,"date":"2025-06-11T11:15:17","date_gmt":"2025-06-11T09:15:17","guid":{"rendered":"https:\/\/staging5.peach-pump.com\/products\/bezowy-krotki-kombinezon-sportowy\/"},"modified":"2026-02-27T15:53:33","modified_gmt":"2026-02-27T13:53:33","slug":"bezowy-krotki-kombinezon-sportowy","status":"publish","type":"product","link":"https:\/\/staging5.peach-pump.com\/pl\/products\/bezowy-krotki-kombinezon-sportowy\/","title":{"rendered":"Be\u017cowy kr\u00f3tki kombinezon sportowy"},"content":{"rendered":"<p>Be\u017cowy, kr\u00f3tki sportowy kombinezon wykonany z bezszwowego, elastycznego materia\u0142u, kt\u00f3ry idealnie dopasowuje si\u0119 do cia\u0142a. Model posiada regulowane rami\u0105czka na plecach oraz wy\u017cszy stan z ty\u0142u, co zapewnia komfort podczas treningu. Wbudowane poduszki z efektem push-up podtrzymuj\u0105 biust, dzi\u0119ki czemu pi\u0119knie si\u0119 prezentuje bez stanika. Talia kombinezonu wykonana jest z pr\u0105\u017ckowanego materia\u0142u, kt\u00f3ry j\u0105 wysmukla i modeluje; posiada wpleciony napis &#8220;Peach Pump&#8221;. Dolna cz\u0119\u015b\u0107 kombinezonu ma efekt \u201epeachy\u201d, kt\u00f3ry perfekcyjnie podkre\u015bla sylwetk\u0119. Dost\u0119pny r\u00f3wnie\u017c w innych, modnych w tym sezonie kolorach.     <\/p>\n<ul>\n<li>Tkanina bez szw\u00f3w<\/li>\n<li>Wpleciony napis \u201ePeach Pump\u201d w pasie \/ na talii.<\/li>\n<li>Regulowane paski<\/li>\n<li>Wk\u0142adki z efektem push-up<\/li>\n<li>Wci\u0119cia w talii, marszczenia i modelowanie<\/li>\n<li>Efekt Peachy<\/li>\n<li>Termicznie naklejone logo Peach Pump z boku i z ty\u0142u kombinezonu<\/li>\n<\/ul>\n<p>Sk\u0142ad: 80% poliester, 20% elastan.<\/p>\n<p>Modelka na zdj\u0119ciu ma 164 cm wzrostu, wa\u017cy 52 kg i pozuje w rozmiarze S.<\/p>\n<p>Kombinezon mo\u017cna pra\u0107 w temperaturze do 30 stopni, nie nale\u017cy go wybiela\u0107 ani czy\u015bci\u0107 chemicznie.<\/p>\n<p>Aby wybra\u0107 dok\u0142adny rozmiar, skorzystaj z tabel rozmiarowych.<\/p>\n","protected":false},"excerpt":{"rendered":"<p>Be\u017cowy, kr\u00f3tki sportowy kombinezon wykonany z bezszwowego, elastycznego materia\u0142u, kt\u00f3ry idealnie dopasowuje si\u0119 do cia\u0142a. Model posiada regulowane rami\u0105czka na plecach oraz wy\u017cszy stan z ty\u0142u, co zapewnia komfort podczas treningu. Wbudowane poduszki z efektem push-up podtrzymuj\u0105 biust, dzi\u0119ki czemu pi\u0119knie si\u0119 prezentuje bez stanika. Talia kombinezonu wykonana jest z pr\u0105\u017ckowanego materia\u0142u, kt\u00f3ry j\u0105 wysmukla [&hellip;]<\/p>\n","protected":false},"featured_media":118334,"comment_status":"open","ping_status":"closed","template":"","meta":[],"product_brand":[],"product_cat":[1128,363],"product_tag":[],"class_list":{"0":"post-118596","1":"product","2":"type-product","3":"status-publish","4":"has-post-thumbnail","6":"product_cat-kombinezony-sportowe-damskie","7":"product_cat-krotkie-komplet-legginsy","8":"pa_cviat-bezowy","9":"pa_razmer-m-pl-2","10":"pa_razmer-s-pl-2","11":"inventories-world","12":"inventories-pl","14":"first","15":"instock","16":"taxable","17":"shipping-taxable","18":"purchasable","19":"product-type-variable"},"_links":{"self":[{"href":"https:\/\/staging5.peach-pump.com\/pl\/wp-json\/wp\/v2\/product\/118596","targetHints":{"allow":["GET"]}}],"collection":[{"href":"https:\/\/staging5.peach-pump.com\/pl\/wp-json\/wp\/v2\/product"}],"about":[{"href":"https:\/\/staging5.peach-pump.com\/pl\/wp-json\/wp\/v2\/types\/product"}],"replies":[{"embeddable":true,"href":"https:\/\/staging5.peach-pump.com\/pl\/wp-json\/wp\/v2\/comments?post=118596"}],"version-history":[{"count":0,"href":"https:\/\/staging5.peach-pump.com\/pl\/wp-json\/wp\/v2\/product\/118596\/revisions"}],"wp:featuredmedia":[{"embeddable":true,"href":"https:\/\/staging5.peach-pump.com\/pl\/wp-json\/wp\/v2\/media\/118334"}],"wp:attachment":[{"href":"https:\/\/staging5.peach-pump.com\/pl\/wp-json\/wp\/v2\/media?parent=118596"}],"wp:term":[{"taxonomy":"product_brand","embeddable":true,"href":"https:\/\/staging5.peach-pump.com\/pl\/wp-json\/wp\/v2\/product_brand?post=118596"},{"taxonomy":"product_cat","embeddable":true,"href":"https:\/\/staging5.peach-pump.com\/pl\/wp-json\/wp\/v2\/product_cat?post=118596"},{"taxonomy":"product_tag","embeddable":true,"href":"https:\/\/staging5.peach-pump.com\/pl\/wp-json\/wp\/v2\/product_tag?post=118596"}],"curies":[{"name":"wp","href":"https:\/\/api.w.org\/{rel}","templated":true}]}}