{"id":117437,"date":"2025-05-28T13:49:18","date_gmt":"2025-05-28T11:49:18","guid":{"rendered":"https:\/\/staging5.peach-pump.com\/products\/niebiesko-szara-czapka-z-daszkiem-peach-pump\/"},"modified":"2026-02-27T15:35:49","modified_gmt":"2026-02-27T13:35:49","slug":"niebiesko-szara-czapka-z-daszkiem-peach-pump","status":"publish","type":"product","link":"https:\/\/staging5.peach-pump.com\/pl\/products\/niebiesko-szara-czapka-z-daszkiem-peach-pump\/","title":{"rendered":"Niebiesko-szara czapka z daszkiem Peach Pump"},"content":{"rendered":"<p>Po\u0142\u0105cz swoje ulubione legginsy i biustonosz z niebiesko-szar\u0105 czapk\u0105 z daszkiem Peach Pump. W gor\u0105ce letnie miesi\u0105ce b\u0119dzie doskona\u0142ym uzupe\u0142nieniem Twojej stylizacji, a jednocze\u015bnie os\u0142oni twarz przed ostrym s\u0142o\u0144cem. Czapka ma spektakularny haftowany tr\u00f3jwymiarowy wz\u00f3r z bia\u0142ym logo z niebiesk\u0105 obw\u00f3dk\u0105 i haftowanym napisem \u201ePeach Pump\u201d z ty\u0142u. Czapka ma uniwersalny rozmiar i jest regulowana zapi\u0119ciem na klamr\u0119, a daszek jest zakrzywiony. B\u0105d\u017a stylowa i wyr\u00f3\u017cniaj\u0105ca si\u0119 dzi\u0119ki temu doskona\u0142emu wyko\u0144czeniu swojego sportowego stroju.<\/p>\n","protected":false},"excerpt":{"rendered":"<p>Po\u0142\u0105cz swoje ulubione legginsy i biustonosz z niebiesko-szar\u0105 czapk\u0105 z daszkiem Peach Pump. W gor\u0105ce letnie miesi\u0105ce b\u0119dzie doskona\u0142ym uzupe\u0142nieniem Twojej stylizacji, a jednocze\u015bnie os\u0142oni twarz przed ostrym s\u0142o\u0144cem. Czapka ma spektakularny haftowany tr\u00f3jwymiarowy wz\u00f3r z bia\u0142ym logo z niebiesk\u0105 obw\u00f3dk\u0105 i haftowanym napisem \u201ePeach Pump\u201d z ty\u0142u. Czapka ma uniwersalny rozmiar i jest regulowana [&hellip;]<\/p>\n","protected":false},"featured_media":116252,"comment_status":"open","ping_status":"closed","template":"","meta":[],"product_brand":[],"product_cat":[861],"product_tag":[],"class_list":{"0":"post-117437","1":"product","2":"type-product","3":"status-publish","4":"has-post-thumbnail","6":"product_cat-akcesoria","7":"pa_cviat-szary","8":"pa_razmer-one-size-pl","9":"inventories-world","10":"inventories-pl","12":"first","13":"instock","14":"taxable","15":"shipping-taxable","16":"purchasable","17":"product-type-variable"},"_links":{"self":[{"href":"https:\/\/staging5.peach-pump.com\/pl\/wp-json\/wp\/v2\/product\/117437","targetHints":{"allow":["GET"]}}],"collection":[{"href":"https:\/\/staging5.peach-pump.com\/pl\/wp-json\/wp\/v2\/product"}],"about":[{"href":"https:\/\/staging5.peach-pump.com\/pl\/wp-json\/wp\/v2\/types\/product"}],"replies":[{"embeddable":true,"href":"https:\/\/staging5.peach-pump.com\/pl\/wp-json\/wp\/v2\/comments?post=117437"}],"version-history":[{"count":0,"href":"https:\/\/staging5.peach-pump.com\/pl\/wp-json\/wp\/v2\/product\/117437\/revisions"}],"wp:featuredmedia":[{"embeddable":true,"href":"https:\/\/staging5.peach-pump.com\/pl\/wp-json\/wp\/v2\/media\/116252"}],"wp:attachment":[{"href":"https:\/\/staging5.peach-pump.com\/pl\/wp-json\/wp\/v2\/media?parent=117437"}],"wp:term":[{"taxonomy":"product_brand","embeddable":true,"href":"https:\/\/staging5.peach-pump.com\/pl\/wp-json\/wp\/v2\/product_brand?post=117437"},{"taxonomy":"product_cat","embeddable":true,"href":"https:\/\/staging5.peach-pump.com\/pl\/wp-json\/wp\/v2\/product_cat?post=117437"},{"taxonomy":"product_tag","embeddable":true,"href":"https:\/\/staging5.peach-pump.com\/pl\/wp-json\/wp\/v2\/product_tag?post=117437"}],"curies":[{"name":"wp","href":"https:\/\/api.w.org\/{rel}","templated":true}]}}