{"id":93548,"date":"2024-11-01T21:40:40","date_gmt":"2024-11-01T19:40:40","guid":{"rendered":"https:\/\/staging5.peach-pump.com\/products\/kek-sportmelltartoforditott-varras\/"},"modified":"2025-07-23T07:23:44","modified_gmt":"2025-07-23T05:23:44","slug":"kek-sportmelltartoforditott-varras","status":"publish","type":"product","link":"https:\/\/staging5.peach-pump.com\/hu\/products\/kek-sportmelltartoforditott-varras\/","title":{"rendered":"S\u00f6t\u00e9tk\u00e9k sportmelltart\u00f3 3D-s ford\u00edtott varr\u00e1ssal"},"content":{"rendered":"<p>S\u00f6t\u00e9tk\u00e9k sportmelltart\u00f3 l\u00e1tv\u00e1nyos 3D ford\u00edtott varr\u00e1ssal \u00e9s v\u00e9kony p\u00e1ntokkal. A sportmelltart\u00f3 modern kialak\u00edt\u00e1s\u00fa \u00e9s kivehet\u0151 push-up hat\u00e1s\u00fa p\u00e1rn\u00e1kkal rendelkezik. Az anyaga puha \u00e9s rugalmas, amely k\u00e9nyelmet \u00e9s komfort\u00e9rzetet biztos\u00edt edz\u00e9s k\u00f6zben. A sportmelltart\u00f3 h\u00e1rom, a szezonhoz ill\u0151 divatos sz\u00ednben kaphat\u00f3, \u00e9s p\u00e1ros\u00edthat\u00f3 azonos mint\u00e1j\u00fa leggingsszel.   <\/p>\n<ul>\n<li>Divatos kialak\u00edt\u00e1s<\/li>\n<li>Rugalmas anyag<\/li>\n<li>Mutat\u00f3s 3D varr\u00e1sok<\/li>\n<li>Push-Up hat\u00e1s\u00fa, elt\u00e1vol\u00edthat\u00f3 p\u00e1rn\u00e1k<\/li>\n<li>V\u00e9kony p\u00e1ntok<\/li>\n<li>H\u0151pressel r\u00f6gz\u00edtett Peach Pump log\u00f3 a sportmelltart\u00f3 oldals\u00f3 r\u00e9sz\u00e9n<\/li>\n<li>Nedvess\u00e9gelvezet\u0151 anyag<\/li>\n<\/ul>\n<p>Anyag\u00f6sszet\u00e9tel: 80% poli\u00e9szter, 20% elaszt\u00e1n<\/p>\n<p>A sportmellt\u00e1rt\u00f3 k\u00edm\u00e9l\u0151 mos\u00e1ssal, legfeljebb 30 fokon moshat\u00f3. K\u00e9rj\u00fck, a tiszt\u00edt\u00e1s sor\u00e1n ne haszn\u00e1ljon feh\u00e9r\u00edt\u0151t vagy vegyi tiszt\u00edt\u00f3szereket.<\/p>\n<p>A k\u00e9pen l\u00e1that\u00f3 modell 178 cm magas, 54 kg s\u00faly\u00fa, \u00e9s S&#8211;es m\u00e9retet visel.<\/p>\n<p>A megfelel\u0151 m\u00e9ret pontos kiv\u00e1laszt\u00e1s\u00e1hoz k\u00e9rj\u00fck tekintse meg a m\u00e9rett\u00e1bl\u00e1zatunkat.<\/p>\n","protected":false},"excerpt":{"rendered":"<p>S\u00f6t\u00e9tk\u00e9k sportmelltart\u00f3 l\u00e1tv\u00e1nyos 3D ford\u00edtott varr\u00e1ssal \u00e9s v\u00e9kony p\u00e1ntokkal. A sportmelltart\u00f3 modern kialak\u00edt\u00e1s\u00fa \u00e9s kivehet\u0151 push-up hat\u00e1s\u00fa p\u00e1rn\u00e1kkal rendelkezik. Az anyaga puha \u00e9s rugalmas, amely k\u00e9nyelmet \u00e9s komfort\u00e9rzetet biztos\u00edt edz\u00e9s k\u00f6zben. A sportmelltart\u00f3 h\u00e1rom, a szezonhoz ill\u0151 divatos sz\u00ednben kaphat\u00f3, \u00e9s p\u00e1ros\u00edthat\u00f3 azonos mint\u00e1j\u00fa leggingsszel. Divatos kialak\u00edt\u00e1s Rugalmas anyag Mutat\u00f3s 3D varr\u00e1sok Push-Up hat\u00e1s\u00fa, elt\u00e1vol\u00edthat\u00f3 [&hellip;]<\/p>\n","protected":false},"featured_media":91949,"comment_status":"open","ping_status":"closed","template":"","meta":[],"product_brand":[],"product_cat":[356],"product_tag":[],"class_list":{"0":"post-93548","1":"product","2":"type-product","3":"status-publish","4":"has-post-thumbnail","6":"product_cat-sportmelltartok-fitneszhez","7":"pa_cviat-kek","8":"pa_razmer-l-hu-2","9":"pa_razmer-m-hu","10":"pa_razmer-s-hu-2","11":"inventories-world","12":"inventories-uk","14":"first","15":"instock","16":"sale","17":"taxable","18":"shipping-taxable","19":"purchasable","20":"product-type-variable"},"_links":{"self":[{"href":"https:\/\/staging5.peach-pump.com\/hu\/wp-json\/wp\/v2\/product\/93548","targetHints":{"allow":["GET"]}}],"collection":[{"href":"https:\/\/staging5.peach-pump.com\/hu\/wp-json\/wp\/v2\/product"}],"about":[{"href":"https:\/\/staging5.peach-pump.com\/hu\/wp-json\/wp\/v2\/types\/product"}],"replies":[{"embeddable":true,"href":"https:\/\/staging5.peach-pump.com\/hu\/wp-json\/wp\/v2\/comments?post=93548"}],"version-history":[{"count":2,"href":"https:\/\/staging5.peach-pump.com\/hu\/wp-json\/wp\/v2\/product\/93548\/revisions"}],"predecessor-version":[{"id":111322,"href":"https:\/\/staging5.peach-pump.com\/hu\/wp-json\/wp\/v2\/product\/93548\/revisions\/111322"}],"wp:featuredmedia":[{"embeddable":true,"href":"https:\/\/staging5.peach-pump.com\/hu\/wp-json\/wp\/v2\/media\/91949"}],"wp:attachment":[{"href":"https:\/\/staging5.peach-pump.com\/hu\/wp-json\/wp\/v2\/media?parent=93548"}],"wp:term":[{"taxonomy":"product_brand","embeddable":true,"href":"https:\/\/staging5.peach-pump.com\/hu\/wp-json\/wp\/v2\/product_brand?post=93548"},{"taxonomy":"product_cat","embeddable":true,"href":"https:\/\/staging5.peach-pump.com\/hu\/wp-json\/wp\/v2\/product_cat?post=93548"},{"taxonomy":"product_tag","embeddable":true,"href":"https:\/\/staging5.peach-pump.com\/hu\/wp-json\/wp\/v2\/product_tag?post=93548"}],"curies":[{"name":"wp","href":"https:\/\/api.w.org\/{rel}","templated":true}]}}