{"id":93422,"date":"2024-11-01T21:24:11","date_gmt":"2024-11-01T19:24:11","guid":{"rendered":"https:\/\/staging5.peach-pump.com\/products\/barna-leggings-forditott-varrasok\/"},"modified":"2025-07-31T00:09:07","modified_gmt":"2025-07-30T22:09:07","slug":"barna-leggings-forditott-varrasok","status":"publish","type":"product","link":"https:\/\/staging5.peach-pump.com\/hu\/products\/barna-leggings-forditott-varrasok\/","title":{"rendered":"Barna leggings 3D-s ford\u00edtott varr\u00e1sokkal"},"content":{"rendered":"<p>N\u0151i barna sport leggings l\u00e1tv\u00e1nyos 3D ford\u00edtott varr\u00e1sokkal. Ez a modell csinos diz\u00e1jnnal rendelkezik, a varr\u00e1sok k\u00f6vetik a test vonal\u00e1t \u00e9s form\u00e1lj\u00e1k azt. A leggings anyaga puha \u00e9s rugalmas, teljes mozg\u00e1sszabads\u00e1got \u00e9s k\u00e9nyelmet biztos\u00edt sportol\u00e1s k\u00f6zben, a rejtett gum\u00edroz\u00e1s a der\u00e9kr\u00e9szen pedig seg\u00edt megny\u00fajtani az alakot. A leggings h\u00e1rom szezon\u00e1lis, divatos sz\u00ednben kaphat\u00f3, \u00e9s hozz\u00e1ill\u0151 sportmelltart\u00f3val kombin\u00e1lhat\u00f3.   <\/p>\n<ul>\n<li>Rugalmas anyag<\/li>\n<li>H\u0151pr\u00e9ssel r\u00f6gz\u00edtett Peach Pump log\u00f3 a leggings el\u00fcls\u0151 r\u00e9sz\u00e9n<\/li>\n<li>Mutat\u00f3s 3D varr\u00e1sok<\/li>\n<li>Rejtett gumiszalag \u0430 der\u00e9kr\u00e9szen<\/li>\n<li>Nedvess\u00e9gelvezet\u0151 anyag<\/li>\n<li>Peachy hat\u00e1s n\u00e9lk\u00fcl<\/li>\n<\/ul>\n<p>Anyag\u00f6sszet\u00e9tel: 80% poli\u00e9szter, 20% elaszt\u00e1n<\/p>\n<p>A leggings k\u00edm\u00e9l\u0151 mos\u00e1ssal, legfeljebb 30 fokon moshat\u00f3. K\u00e9rj\u00fck, a tiszt\u00edt\u00e1s sor\u00e1n ne haszn\u00e1ljon feh\u00e9r\u00edt\u0151t vagy vegyi tiszt\u00edt\u00f3szereket.<\/p>\n<p>A k\u00e9pen l\u00e1that\u00f3 modell 178 cm magas, 54 kg s\u00faly\u00fa \u00e9s S-es m\u00e9retet visel.<\/p>\n<p>A pontos m\u00e9ret kiv\u00e1laszt\u00e1s\u00e1hoz, k\u00e9rj\u00fck haszn\u00e1lja a m\u00e9rett\u00e1bl\u00e1zatokat.<\/p>\n<p>&nbsp;<\/p>\n","protected":false},"excerpt":{"rendered":"<p>N\u0151i barna sport leggings l\u00e1tv\u00e1nyos 3D ford\u00edtott varr\u00e1sokkal. Ez a modell csinos diz\u00e1jnnal rendelkezik, a varr\u00e1sok k\u00f6vetik a test vonal\u00e1t \u00e9s form\u00e1lj\u00e1k azt. A leggings anyaga puha \u00e9s rugalmas, teljes mozg\u00e1sszabads\u00e1got \u00e9s k\u00e9nyelmet biztos\u00edt sportol\u00e1s k\u00f6zben, a rejtett gum\u00edroz\u00e1s a der\u00e9kr\u00e9szen pedig seg\u00edt megny\u00fajtani az alakot. A leggings h\u00e1rom szezon\u00e1lis, divatos sz\u00ednben kaphat\u00f3, \u00e9s hozz\u00e1ill\u0151 [&hellip;]<\/p>\n","protected":false},"featured_media":91878,"comment_status":"open","ping_status":"closed","template":"","meta":[],"product_brand":[],"product_cat":[142,304],"product_tag":[],"class_list":{"0":"post-93422","1":"product","2":"type-product","3":"status-publish","4":"has-post-thumbnail","6":"product_cat-noi-sport-leggings-fitnesz","7":"product_cat-noi-leggings-hosszu","8":"pa_cviat-barna","9":"pa_razmer-l-hu-2","10":"pa_razmer-m-hu","11":"pa_razmer-s-hu-2","12":"inventories-world","13":"inventories-uk","15":"first","16":"instock","17":"sale","18":"taxable","19":"shipping-taxable","20":"purchasable","21":"product-type-variable"},"_links":{"self":[{"href":"https:\/\/staging5.peach-pump.com\/hu\/wp-json\/wp\/v2\/product\/93422","targetHints":{"allow":["GET"]}}],"collection":[{"href":"https:\/\/staging5.peach-pump.com\/hu\/wp-json\/wp\/v2\/product"}],"about":[{"href":"https:\/\/staging5.peach-pump.com\/hu\/wp-json\/wp\/v2\/types\/product"}],"replies":[{"embeddable":true,"href":"https:\/\/staging5.peach-pump.com\/hu\/wp-json\/wp\/v2\/comments?post=93422"}],"version-history":[{"count":1,"href":"https:\/\/staging5.peach-pump.com\/hu\/wp-json\/wp\/v2\/product\/93422\/revisions"}],"predecessor-version":[{"id":108823,"href":"https:\/\/staging5.peach-pump.com\/hu\/wp-json\/wp\/v2\/product\/93422\/revisions\/108823"}],"wp:featuredmedia":[{"embeddable":true,"href":"https:\/\/staging5.peach-pump.com\/hu\/wp-json\/wp\/v2\/media\/91878"}],"wp:attachment":[{"href":"https:\/\/staging5.peach-pump.com\/hu\/wp-json\/wp\/v2\/media?parent=93422"}],"wp:term":[{"taxonomy":"product_brand","embeddable":true,"href":"https:\/\/staging5.peach-pump.com\/hu\/wp-json\/wp\/v2\/product_brand?post=93422"},{"taxonomy":"product_cat","embeddable":true,"href":"https:\/\/staging5.peach-pump.com\/hu\/wp-json\/wp\/v2\/product_cat?post=93422"},{"taxonomy":"product_tag","embeddable":true,"href":"https:\/\/staging5.peach-pump.com\/hu\/wp-json\/wp\/v2\/product_tag?post=93422"}],"curies":[{"name":"wp","href":"https:\/\/api.w.org\/{rel}","templated":true}]}}