{"id":93357,"date":"2024-11-01T22:16:25","date_gmt":"2024-11-01T20:16:25","guid":{"rendered":"https:\/\/staging5.peach-pump.com\/products\/kek-sport-szett-forditott-varrasok\/"},"modified":"2025-07-13T10:38:31","modified_gmt":"2025-07-13T08:38:31","slug":"kek-sport-szett-forditott-varrasok","status":"publish","type":"product","link":"https:\/\/staging5.peach-pump.com\/hu\/products\/kek-sport-szett-forditott-varrasok\/","title":{"rendered":"S\u00f6t\u00e9tk\u00e9k sport szett 3D ford\u00edtott varr\u00e1sokkal"},"content":{"rendered":"<p>N\u0151i s\u00f6t\u00e9tk\u00e9k sport szett &#8211; leggings \u00e9s melltart\u00f3, modern 3D ford\u00edtott varr\u00e1sokkal. A leggings anyaga puha \u00e9s rugalmas, teljes mozg\u00e1sszabads\u00e1got \u00e9s k\u00e9nyelmet biztos\u00edt sportol\u00e1s k\u00f6zben. A leggings gumiszalagja rejtett kialak\u00edt\u00e1s\u00fa, \u00edgy optikailag ny\u00fajtja az alakot. A melltart\u00f3 kivehet\u0151, emel\u0151 hat\u00e1s\u00fa szivacsbet\u00e9ttel \u00e9s v\u00e9kony p\u00e1ntokkal rendelkezik. A sport szett h\u00e1rom szezon\u00e1lis, modern sz\u00ednben el\u00e9rhet\u0151, legyen st\u00edlusos \u00e9s k\u00fcl\u00f6nleges.    <\/p>\n<p>A sportmellt\u00e1rt\u00f3r\u00f3l:<\/p>\n<ul>\n<li>Divatos kialak\u00edt\u00e1s<\/li>\n<li>Rugalmas anyag<\/li>\n<li>Mutat\u00f3s 3D varr\u00e1sok<\/li>\n<li>Push-Up hat\u00e1s\u00fa, elt\u00e1vol\u00edthat\u00f3 p\u00e1rn\u00e1k<\/li>\n<li>V\u00e9kony p\u00e1ntok<\/li>\n<li>H\u0151pressel r\u00f6gz\u00edtett Peach Pump log\u00f3 a sportmelltart\u00f3 oldals\u00f3 r\u00e9sz\u00e9n<\/li>\n<li>Nedvess\u00e9gelvezet\u0151 anyag<\/li>\n<\/ul>\n<p>A leggingsr\u0151l:<\/p>\n<ul>\n<li>Rugalmas anyag<\/li>\n<li>H\u0151pr\u00e9ssel r\u00f6gz\u00edtett Peach Pump log\u00f3 a leggings el\u00fcls\u0151 r\u00e9sz\u00e9n<\/li>\n<li>Mutat\u00f3s 3D varr\u00e1sok<\/li>\n<li>Rejtett gumiszalag \u0430 der\u00e9kr\u00e9szen<\/li>\n<li>Nedvess\u00e9gelvezet\u0151 anyag<\/li>\n<li>Peachy hat\u00e1s n\u00e9lk\u00fcl<\/li>\n<\/ul>\n<p>A szett k\u00edm\u00e9l\u0151 mos\u00e1ssal, legfeljebb 30 fokon moshat\u00f3. K\u00e9rj\u00fck, a tiszt\u00edt\u00e1s sor\u00e1n ne haszn\u00e1ljon feh\u00e9r\u00edt\u0151t vagy vegyi tiszt\u00edt\u00f3szereket.<\/p>\n<p>A k\u00e9pen l\u00e1that\u00f3 modell 178 cm magas, 54 kg s\u00faly\u00fa, \u00e9s S-es m\u00e9ret\u0171 leggingsszet, illetve S-es m\u00e9ret\u0171 sportmelltart\u00f3t visel.<\/p>\n<p>A pontos m\u00e9ret kiv\u00e1laszt\u00e1s\u00e1hoz, k\u00e9rj\u00fck haszn\u00e1lja a m\u00e9rett\u00e1bl\u00e1zatokat.<\/p>\n","protected":false},"excerpt":{"rendered":"<p>N\u0151i s\u00f6t\u00e9tk\u00e9k sport szett &#8211; leggings \u00e9s melltart\u00f3, modern 3D ford\u00edtott varr\u00e1sokkal. A leggings anyaga puha \u00e9s rugalmas, teljes mozg\u00e1sszabads\u00e1got \u00e9s k\u00e9nyelmet biztos\u00edt sportol\u00e1s k\u00f6zben. A leggings gumiszalagja rejtett kialak\u00edt\u00e1s\u00fa, \u00edgy optikailag ny\u00fajtja az alakot. A melltart\u00f3 kivehet\u0151, emel\u0151 hat\u00e1s\u00fa szivacsbet\u00e9ttel \u00e9s v\u00e9kony p\u00e1ntokkal rendelkezik. A sport szett h\u00e1rom szezon\u00e1lis, modern sz\u00ednben el\u00e9rhet\u0151, legyen st\u00edlusos [&hellip;]<\/p>\n","protected":false},"featured_media":92060,"comment_status":"open","ping_status":"closed","template":"","meta":[],"product_brand":[],"product_cat":[357,359],"product_tag":[],"class_list":{"0":"post-93357","1":"product","2":"type-product","3":"status-publish","4":"has-post-thumbnail","6":"product_cat-noi-sportruhazat","7":"product_cat-szett-leggings-s-portmelltart","8":"pa_cviat-kek","9":"inventories-world","10":"inventories-uk","12":"first","13":"instock","14":"sale","15":"virtual","16":"taxable","17":"purchasable","18":"product-type-yith_bundle"},"_links":{"self":[{"href":"https:\/\/staging5.peach-pump.com\/hu\/wp-json\/wp\/v2\/product\/93357","targetHints":{"allow":["GET"]}}],"collection":[{"href":"https:\/\/staging5.peach-pump.com\/hu\/wp-json\/wp\/v2\/product"}],"about":[{"href":"https:\/\/staging5.peach-pump.com\/hu\/wp-json\/wp\/v2\/types\/product"}],"replies":[{"embeddable":true,"href":"https:\/\/staging5.peach-pump.com\/hu\/wp-json\/wp\/v2\/comments?post=93357"}],"version-history":[{"count":1,"href":"https:\/\/staging5.peach-pump.com\/hu\/wp-json\/wp\/v2\/product\/93357\/revisions"}],"predecessor-version":[{"id":105978,"href":"https:\/\/staging5.peach-pump.com\/hu\/wp-json\/wp\/v2\/product\/93357\/revisions\/105978"}],"wp:featuredmedia":[{"embeddable":true,"href":"https:\/\/staging5.peach-pump.com\/hu\/wp-json\/wp\/v2\/media\/92060"}],"wp:attachment":[{"href":"https:\/\/staging5.peach-pump.com\/hu\/wp-json\/wp\/v2\/media?parent=93357"}],"wp:term":[{"taxonomy":"product_brand","embeddable":true,"href":"https:\/\/staging5.peach-pump.com\/hu\/wp-json\/wp\/v2\/product_brand?post=93357"},{"taxonomy":"product_cat","embeddable":true,"href":"https:\/\/staging5.peach-pump.com\/hu\/wp-json\/wp\/v2\/product_cat?post=93357"},{"taxonomy":"product_tag","embeddable":true,"href":"https:\/\/staging5.peach-pump.com\/hu\/wp-json\/wp\/v2\/product_tag?post=93357"}],"curies":[{"name":"wp","href":"https:\/\/api.w.org\/{rel}","templated":true}]}}