{"id":73439,"date":"2024-04-01T00:26:18","date_gmt":"2024-03-31T22:26:18","guid":{"rendered":"https:\/\/staging5.peach-pump.com\/products\/bezs-szinu-rovid-leggings-varrasmentes\/"},"modified":"2025-07-31T10:06:39","modified_gmt":"2025-07-31T08:06:39","slug":"bezs-szinu-rovid-leggings-varrasmentes","status":"publish","type":"product","link":"https:\/\/staging5.peach-pump.com\/hu\/products\/bezs-szinu-rovid-leggings-varrasmentes\/","title":{"rendered":"Varr\u00e1smentes vil\u00e1gos b\u00e9zs sz\u00edn\u0171 r\u00f6vid leggings V alak\u00fa der\u00e9kr\u00e9sszel"},"content":{"rendered":"<p>Sport, varr\u00e1smentes s\u00f6t\u00e9tz\u00f6ld r\u00f6vid leggings V alak\u00fa der\u00e9kr\u00e9sszel, amely finoman feszes\u00edti \u00e9s form\u00e1lja a sziluettet. A sport leggings nemcsak aerobik- vagy er\u0151nl\u00e9ti edz\u00e9shez ide\u00e1lis, hanem szabadidej\u00e9ben a parkban tett s\u00e9t\u00e1khoz is. Ezzel a modellel k\u00e9nyelmesen \u00e9s kell\u0151en cs\u00e1b\u00edt\u00f3an fogja \u00e9rezni mag\u00e1t, az anyag varr\u00e1smentes, rugalmas \u00e9s t\u00f6k\u00e9letesen illeszkedik a testhez. A vil\u00e1gos b\u00e9zs sz\u00edn a ny\u00e1r divatja, \u00e9s k\u00f6nnyen p\u00e1ros\u00edthat\u00f3 egy sport meleg\u00edt\u0151 fels\u0151vel, sportmelltart\u00f3val vagy a Peach Pump kollekci\u00f3b\u00f3l sz\u00e1rmaz\u00f3 kieg\u00e9sz\u00edt\u0151vel, hogy teljes legyen a sportos szett.<\/p>\n<ul>\n<li>Magas V alak\u00fa der\u00e9kr\u00e9sz<\/li>\n<li>Varr\u00e1smentes anyag<\/li>\n<li>Kiemeli, form\u00e1lja, elrejti a probl\u00e9m\u00e1s r\u00e9szeket<\/li>\n<li>Der\u00e9kra simul\u00f3 bord\u00e1s k\u00f6t\u00e9s\u0171 der\u00e9ksz\u00edj<\/li>\n<li>Peachy hat\u00e1s<\/li>\n<li>Varr\u00e1s n\u00e9lk\u00fcli el\u00fcls\u0151 r\u00e9sz<\/li>\n<li>H\u0151pr\u00e9ssel r\u00f6gz\u00edtett Peach Pump log\u00f3 a leggings h\u00e1toldal\u00e1n<\/li>\n<li>Peach Pump log\u00f3 a leggings el\u00fcls\u0151 oldal\u00e1n<\/li>\n<li>Kiemelked\u0151 izzads\u00e1gelvezet\u0151 tulajdons\u00e1gokkal rendelkez\u0151 anyag<\/li>\n<\/ul>\n<p>&nbsp;<\/p>\n<p>Anyag\u00f6sszet\u00e9tel: 80% poli\u00e9szter, 20% elaszt\u00e1n<\/p>\n<p>A leggings k\u00edm\u00e9l\u0151 mos\u00e1ssal, legfeljebb 30 fokon moshat\u00f3. K\u00e9rj\u00fck, a tiszt\u00edt\u00e1s sor\u00e1n ne haszn\u00e1ljon feh\u00e9r\u00edt\u0151t vagy vegyi tiszt\u00edt\u00f3szereket.<\/p>\n<p>A k\u00e9pen l\u00e1that\u00f3 modell 165 cm magas, 52 kg s\u00faly\u00fa \u00e9s M-es m\u00e9retet visel.<\/p>\n<p>A megfelel\u0151 m\u00e9ret pontos kiv\u00e1laszt\u00e1s\u00e1hoz k\u00e9rj\u00fck tekintse meg a m\u00e9rett\u00e1bl\u00e1zatunkat.<\/p>\n<p><a href=\"https:\/\/staging5.peach-pump.com\/wp-content\/uploads\/2024\/04\/C274427E-CD99-455E-B65B-E536C277DEAA.png\"><img class=\"alignnone wp-image-72322 \" src=\"https:\/\/staging5.peach-pump.com\/wp-content\/uploads\/2024\/04\/C274427E-CD99-455E-B65B-E536C277DEAA.png\" alt=\"\" width=\"660\" height=\"495\" srcset=\"https:\/\/staging5.peach-pump.com\/wp-content\/uploads\/2024\/04\/C274427E-CD99-455E-B65B-E536C277DEAA.png 1024w, https:\/\/staging5.peach-pump.com\/wp-content\/uploads\/2024\/04\/C274427E-CD99-455E-B65B-E536C277DEAA-430x323.png 430w, https:\/\/staging5.peach-pump.com\/wp-content\/uploads\/2024\/04\/C274427E-CD99-455E-B65B-E536C277DEAA-150x113.png 150w, https:\/\/staging5.peach-pump.com\/wp-content\/uploads\/2024\/04\/C274427E-CD99-455E-B65B-E536C277DEAA-700x525.png 700w, https:\/\/staging5.peach-pump.com\/wp-content\/uploads\/2024\/04\/C274427E-CD99-455E-B65B-E536C277DEAA-64x48.png 64w, https:\/\/staging5.peach-pump.com\/wp-content\/uploads\/2024\/04\/C274427E-CD99-455E-B65B-E536C277DEAA-400x300.png 400w, https:\/\/staging5.peach-pump.com\/wp-content\/uploads\/2024\/04\/C274427E-CD99-455E-B65B-E536C277DEAA-768x576.png 768w, https:\/\/staging5.peach-pump.com\/wp-content\/uploads\/2024\/04\/C274427E-CD99-455E-B65B-E536C277DEAA-860x645.png 860w\" sizes=\"(max-width: 660px) 100vw, 660px\" \/><\/a><\/p>\n","protected":false},"excerpt":{"rendered":"<p>Sport, varr\u00e1smentes s\u00f6t\u00e9tz\u00f6ld r\u00f6vid leggings V alak\u00fa der\u00e9kr\u00e9sszel, amely finoman feszes\u00edti \u00e9s form\u00e1lja a sziluettet. A sport leggings nemcsak aerobik- vagy er\u0151nl\u00e9ti edz\u00e9shez ide\u00e1lis, hanem szabadidej\u00e9ben a parkban tett s\u00e9t\u00e1khoz is. Ezzel a modellel k\u00e9nyelmesen \u00e9s kell\u0151en cs\u00e1b\u00edt\u00f3an fogja \u00e9rezni mag\u00e1t, az anyag varr\u00e1smentes, rugalmas \u00e9s t\u00f6k\u00e9letesen illeszkedik a testhez. A vil\u00e1gos b\u00e9zs sz\u00edn a [&hellip;]<\/p>\n","protected":false},"featured_media":72414,"comment_status":"open","ping_status":"closed","template":"","meta":[],"product_brand":[],"product_cat":[142,200],"product_tag":[],"class_list":{"0":"post-73439","1":"product","2":"type-product","3":"status-publish","4":"has-post-thumbnail","6":"product_cat-noi-sport-leggings-fitnesz","7":"product_cat-rovid-noi-leggings","8":"pa_cviat-bezs","9":"pa_razmer-m-hu","10":"pa_razmer-s-hu-2","11":"inventories-world","12":"inventories-uk","14":"first","15":"instock","16":"sale","17":"taxable","18":"shipping-taxable","19":"purchasable","20":"product-type-variable"},"_links":{"self":[{"href":"https:\/\/staging5.peach-pump.com\/hu\/wp-json\/wp\/v2\/product\/73439","targetHints":{"allow":["GET"]}}],"collection":[{"href":"https:\/\/staging5.peach-pump.com\/hu\/wp-json\/wp\/v2\/product"}],"about":[{"href":"https:\/\/staging5.peach-pump.com\/hu\/wp-json\/wp\/v2\/types\/product"}],"replies":[{"embeddable":true,"href":"https:\/\/staging5.peach-pump.com\/hu\/wp-json\/wp\/v2\/comments?post=73439"}],"version-history":[{"count":0,"href":"https:\/\/staging5.peach-pump.com\/hu\/wp-json\/wp\/v2\/product\/73439\/revisions"}],"wp:featuredmedia":[{"embeddable":true,"href":"https:\/\/staging5.peach-pump.com\/hu\/wp-json\/wp\/v2\/media\/72414"}],"wp:attachment":[{"href":"https:\/\/staging5.peach-pump.com\/hu\/wp-json\/wp\/v2\/media?parent=73439"}],"wp:term":[{"taxonomy":"product_brand","embeddable":true,"href":"https:\/\/staging5.peach-pump.com\/hu\/wp-json\/wp\/v2\/product_brand?post=73439"},{"taxonomy":"product_cat","embeddable":true,"href":"https:\/\/staging5.peach-pump.com\/hu\/wp-json\/wp\/v2\/product_cat?post=73439"},{"taxonomy":"product_tag","embeddable":true,"href":"https:\/\/staging5.peach-pump.com\/hu\/wp-json\/wp\/v2\/product_tag?post=73439"}],"curies":[{"name":"wp","href":"https:\/\/api.w.org\/{rel}","templated":true}]}}