{"id":67971,"date":"2022-07-04T18:32:56","date_gmt":"2022-07-04T16:32:56","guid":{"rendered":"https:\/\/staging5.peach-pump.com\/products\/rozsaszin-spor-felso-cipzarral-fitneszhez\/"},"modified":"2025-07-19T05:39:54","modified_gmt":"2025-07-19T03:39:54","slug":"rozsaszin-spor-felso-cipzarral-fitneszhez","status":"publish","type":"product","link":"https:\/\/staging5.peach-pump.com\/hu\/products\/rozsaszin-spor-felso-cipzarral-fitneszhez\/","title":{"rendered":"R\u00f3zsasz\u00edn spor fels\u0151 cipz\u00e1rral fitneszhez"},"content":{"rendered":"<p>N\u0151i r\u00f3zsasz\u00edn cipz\u00e1ras sport fels\u0151 fitnesshez \u00e9s sportol\u00e1shoz, puha, bord\u00e1s k\u00f6t\u00e9s\u0171 anyagb\u00f3l k\u00e9sz\u00fclt. A fels\u0151 dupla cipz\u00e1rral rendelkezik, ami \u00e9rdekess\u00e9 \u00e9s k\u00fcl\u00f6nlegess\u00e9 teszi. A fels\u0151 alkalmas fitnesz edz\u00e9shez, j\u00f3g\u00e1hoz, teniszhez \u00e9s gyalogl\u00e1shoz. Az anyag, amelyb\u0151l a fels\u0151 k\u00e9sz\u00fclt, l\u00e9legz\u0151 \u00e9s izzads\u00e1gfoltok nem jelennek meg rajtat, ezzel a modellel k\u00e9nyelmesen \u00e9s magabiztosan fogja \u00e9rezni mag\u00e1t.<\/p>\n<ul>\n<li>Bord\u00e1s k\u00f6t\u00e9s\u0171 anyag<\/li>\n<li>Dupla cipz\u00e1r<\/li>\n<li>Nagy rugalmass\u00e1g<\/li>\n<li>H\u0151pr\u00e9ssel r\u00f6gz\u00edtett Peach Pump log\u00f3 a fels\u0151 el\u00fcls\u0151 r\u00e9szen<\/li>\n<li>Izzadts\u00e1g elt\u00e1vol\u00edt\u00f3 technol\u00f3gia<\/li>\n<\/ul>\n<p>Anyag\u00f6sszet\u00e9tel: 80% poli\u00e9szter, 20% elaszt\u00e1n<\/p>\n<p>A fels\u0151 k\u00edm\u00e9l\u0151 mos\u00e1ssal, legfeljebb 30 fokon moshat\u00f3. K\u00e9rj\u00fck, a tiszt\u00edt\u00e1s sor\u00e1n ne haszn\u00e1ljon feh\u00e9r\u00edt\u0151t vagy vegyi tiszt\u00edt\u00f3szereket.<\/p>\n<p>A k\u00e9pen l\u00e1that\u00f3 modell 178 cm magas, 54 kg s\u00faly\u00fa \u00e9s M-es m\u00e9retben p\u00f3zol.<\/p>\n<p>A pontos m\u00e9ret kiv\u00e1laszt\u00e1s\u00e1hoz, k\u00e9rj\u00fck haszn\u00e1lja a m\u00e9rett\u00e1bl\u00e1zatokat.<\/p>\n","protected":false},"excerpt":{"rendered":"<p>N\u0151i r\u00f3zsasz\u00edn cipz\u00e1ras sport fels\u0151 fitnesshez \u00e9s sportol\u00e1shoz, puha, bord\u00e1s k\u00f6t\u00e9s\u0171 anyagb\u00f3l k\u00e9sz\u00fclt. A fels\u0151 dupla cipz\u00e1rral rendelkezik, ami \u00e9rdekess\u00e9 \u00e9s k\u00fcl\u00f6nlegess\u00e9 teszi. A fels\u0151 alkalmas fitnesz edz\u00e9shez, j\u00f3g\u00e1hoz, teniszhez \u00e9s gyalogl\u00e1shoz. Az anyag, amelyb\u0151l a fels\u0151 k\u00e9sz\u00fclt, l\u00e9legz\u0151 \u00e9s izzads\u00e1gfoltok nem jelennek meg rajtat, ezzel a modellel k\u00e9nyelmesen \u00e9s magabiztosan fogja \u00e9rezni mag\u00e1t. Bord\u00e1s [&hellip;]<\/p>\n","protected":false},"featured_media":18515,"comment_status":"open","ping_status":"closed","template":"","meta":[],"product_brand":[],"product_cat":[355],"product_tag":[],"class_list":{"0":"post-67971","1":"product","2":"type-product","3":"status-publish","4":"has-post-thumbnail","6":"product_cat-noi-polo-fitneszhez","7":"pa_cviat-rozsaszin","8":"pa_razmer-m-hu","9":"pa_razmer-s-hu-2","10":"inventories-world","11":"inventories-uk","13":"first","14":"instock","15":"sale","16":"taxable","17":"shipping-taxable","18":"purchasable","19":"product-type-variable"},"_links":{"self":[{"href":"https:\/\/staging5.peach-pump.com\/hu\/wp-json\/wp\/v2\/product\/67971","targetHints":{"allow":["GET"]}}],"collection":[{"href":"https:\/\/staging5.peach-pump.com\/hu\/wp-json\/wp\/v2\/product"}],"about":[{"href":"https:\/\/staging5.peach-pump.com\/hu\/wp-json\/wp\/v2\/types\/product"}],"replies":[{"embeddable":true,"href":"https:\/\/staging5.peach-pump.com\/hu\/wp-json\/wp\/v2\/comments?post=67971"}],"version-history":[{"count":0,"href":"https:\/\/staging5.peach-pump.com\/hu\/wp-json\/wp\/v2\/product\/67971\/revisions"}],"wp:featuredmedia":[{"embeddable":true,"href":"https:\/\/staging5.peach-pump.com\/hu\/wp-json\/wp\/v2\/media\/18515"}],"wp:attachment":[{"href":"https:\/\/staging5.peach-pump.com\/hu\/wp-json\/wp\/v2\/media?parent=67971"}],"wp:term":[{"taxonomy":"product_brand","embeddable":true,"href":"https:\/\/staging5.peach-pump.com\/hu\/wp-json\/wp\/v2\/product_brand?post=67971"},{"taxonomy":"product_cat","embeddable":true,"href":"https:\/\/staging5.peach-pump.com\/hu\/wp-json\/wp\/v2\/product_cat?post=67971"},{"taxonomy":"product_tag","embeddable":true,"href":"https:\/\/staging5.peach-pump.com\/hu\/wp-json\/wp\/v2\/product_tag?post=67971"}],"curies":[{"name":"wp","href":"https:\/\/api.w.org\/{rel}","templated":true}]}}