{"id":67846,"date":"2022-09-03T17:22:12","date_gmt":"2022-09-03T15:22:12","guid":{"rendered":"https:\/\/staging5.peach-pump.com\/products\/parnazott-halos-sportmelltarto-kulonleges-szexi-dizajnban-fekete-szinben\/"},"modified":"2025-07-31T13:13:47","modified_gmt":"2025-07-31T11:13:47","slug":"parnazott-halos-sportmelltarto-kulonleges-szexi-dizajnban-fekete-szinben","status":"publish","type":"product","link":"https:\/\/staging5.peach-pump.com\/hu\/products\/parnazott-halos-sportmelltarto-kulonleges-szexi-dizajnban-fekete-szinben\/","title":{"rendered":"P\u00e1rn\u00e1zott h\u00e1l\u00f3s sportmelltart\u00f3 k\u00fcl\u00f6nleges szexi diz\u00e1jnban, fekete sz\u00ednben."},"content":{"rendered":"<p>N\u0151i p\u00e1rn\u00e1zott sportmelltart\u00f3 k\u00fcl\u00f6nleges diz\u00e1jnnal. A modell V-alak\u00fa nyakkiv\u00e1g\u00e1ssal \u00e9s finom h\u00e1l\u00f3val rendelkezik, amely stabilan tartja a mellet \u00e9s nagyon sz\u00e9p, szexi sziluettet form\u00e1l. A sportmelltart\u00f3 k\u00fcl\u00f6nleges h\u00e1tr\u00e9sszel \u00e9s sz\u00e9les gumir\u00e9sszel rendelkezik a k\u00e9nyelem \u00e9s a teljes mozg\u00e1sszabads\u00e1g \u00e9rdek\u00e9ben. Feh\u00e9r sz\u00ednben is kaphat\u00f3.  <\/p>\n<ul>\n<li>Be\u00e9p\u00edtett p\u00e1rn\u00e1k<\/li>\n<li>V-alak\u00fa nyakkiv\u00e1g\u00e1s h\u00e1l\u00f3val<\/li>\n<li>Keresztp\u00e1ntos h\u00e1tr\u00e9sz<\/li>\n<li>Nagy rugalmass\u00e1g<\/li>\n<li>H\u0151pr\u00e9ssel r\u00f6gz\u00edtett Peach Pump log\u00f3 a sportmellt\u00e1rt\u00f3 baloldali el\u00fcls\u0151 r\u00e9szen<\/li>\n<li>Izzadts\u00e1g elt\u00e1vol\u00edt\u00f3 technol\u00f3gia<\/li>\n<\/ul>\n<p>  \u00d6sszet\u00e9tel: 80% poli\u00e9szter 20% spandex A melltart\u00f3 30 fokn\u00e1l nem magasabb h\u0151m\u00e9rs\u00e9kleten moshat\u00f3, ne feh\u00e9r\u00edtse vagy tiszt\u00edtsa sz\u00e1raz tiszt\u00edt\u00e1ssal. A k\u00e9pen l\u00e1that\u00f3 modell 178 cm magas, 54 kg s\u00faly\u00fa, \u00e9s M-es m\u00e9retben p\u00f3zol. K\u00e9rj\u00fck, a pontos m\u00e9ret kiv\u00e1laszt\u00e1s\u00e1hoz haszn\u00e1lja a t\u00e1bl\u00e1zatokat.  &nbsp;<\/p>\n","protected":false},"excerpt":{"rendered":"<p>N\u0151i p\u00e1rn\u00e1zott sportmelltart\u00f3 k\u00fcl\u00f6nleges diz\u00e1jnnal. A modell V-alak\u00fa nyakkiv\u00e1g\u00e1ssal \u00e9s finom h\u00e1l\u00f3val rendelkezik, amely stabilan tartja a mellet \u00e9s nagyon sz\u00e9p, szexi sziluettet form\u00e1l. A sportmelltart\u00f3 k\u00fcl\u00f6nleges h\u00e1tr\u00e9sszel \u00e9s sz\u00e9les gumir\u00e9sszel rendelkezik a k\u00e9nyelem \u00e9s a teljes mozg\u00e1sszabads\u00e1g \u00e9rdek\u00e9ben. Feh\u00e9r sz\u00ednben is kaphat\u00f3. Be\u00e9p\u00edtett p\u00e1rn\u00e1k V-alak\u00fa nyakkiv\u00e1g\u00e1s h\u00e1l\u00f3val Keresztp\u00e1ntos h\u00e1tr\u00e9sz Nagy rugalmass\u00e1g H\u0151pr\u00e9ssel r\u00f6gz\u00edtett Peach [&hellip;]<\/p>\n","protected":false},"featured_media":19605,"comment_status":"open","ping_status":"closed","template":"","meta":[],"product_brand":[],"product_cat":[356],"product_tag":[],"class_list":{"0":"post-67846","1":"product","2":"type-product","3":"status-publish","4":"has-post-thumbnail","6":"product_cat-sportmelltartok-fitneszhez","7":"pa_cviat-fekete","8":"pa_razmer-l-hu-2","9":"pa_razmer-m-hu","10":"pa_razmer-s-hu-2","11":"inventories-world","12":"inventories-uk","14":"first","15":"instock","16":"sale","17":"taxable","18":"shipping-taxable","19":"purchasable","20":"product-type-variable"},"_links":{"self":[{"href":"https:\/\/staging5.peach-pump.com\/hu\/wp-json\/wp\/v2\/product\/67846","targetHints":{"allow":["GET"]}}],"collection":[{"href":"https:\/\/staging5.peach-pump.com\/hu\/wp-json\/wp\/v2\/product"}],"about":[{"href":"https:\/\/staging5.peach-pump.com\/hu\/wp-json\/wp\/v2\/types\/product"}],"replies":[{"embeddable":true,"href":"https:\/\/staging5.peach-pump.com\/hu\/wp-json\/wp\/v2\/comments?post=67846"}],"version-history":[{"count":0,"href":"https:\/\/staging5.peach-pump.com\/hu\/wp-json\/wp\/v2\/product\/67846\/revisions"}],"wp:featuredmedia":[{"embeddable":true,"href":"https:\/\/staging5.peach-pump.com\/hu\/wp-json\/wp\/v2\/media\/19605"}],"wp:attachment":[{"href":"https:\/\/staging5.peach-pump.com\/hu\/wp-json\/wp\/v2\/media?parent=67846"}],"wp:term":[{"taxonomy":"product_brand","embeddable":true,"href":"https:\/\/staging5.peach-pump.com\/hu\/wp-json\/wp\/v2\/product_brand?post=67846"},{"taxonomy":"product_cat","embeddable":true,"href":"https:\/\/staging5.peach-pump.com\/hu\/wp-json\/wp\/v2\/product_cat?post=67846"},{"taxonomy":"product_tag","embeddable":true,"href":"https:\/\/staging5.peach-pump.com\/hu\/wp-json\/wp\/v2\/product_tag?post=67846"}],"curies":[{"name":"wp","href":"https:\/\/api.w.org\/{rel}","templated":true}]}}