{"id":67515,"date":"2022-12-16T12:53:43","date_gmt":"2022-12-16T10:53:43","guid":{"rendered":"https:\/\/staging5.peach-pump.com\/products\/%d0\/"},"modified":"2025-07-29T14:54:34","modified_gmt":"2025-07-29T12:54:34","slug":"noi-sport-melegito-felso-fekete-szin","status":"publish","type":"product","link":"https:\/\/staging5.peach-pump.com\/hu\/products\/noi-sport-melegito-felso-fekete-szin\/","title":{"rendered":"N\u0151i sport cipz\u00e1ras meleg\u00edt\u0151 fels\u0151 fekete sz\u00ednben"},"content":{"rendered":"<p>Modell n\u0151i cipz\u00e1r\u00e1s sport meleg\u00edt\u0151 fels\u0151 testre simul\u00f3 fazonnal, fekete sz\u00ednben. N\u0151i sport meleg\u00edt\u0151 fels\u0151 cipz\u00e1rral \u00e9s h\u00fcvelykujj b\u00fajtat\u00f3val ell\u00e1tott mandzsett\u00e1val rendelkezik, \u00edgy nem h\u00faz\u00f3dnak fel edz\u00e9s k\u00f6zben. A meleg\u00edt\u0151 fels\u0151 fazonja nagyon csinos, form\u00e1lja a sziluettet \u00e9s gy\u00f6ny\u00f6r\u0171en illeszkedik a testhez. K\u00fcl\u00f6nb\u00f6z\u0151 sz\u00edn\u0171 leggingsekkel vagy bustierekkel p\u00e1ros\u00edthat\u00f3.  <\/p>\n<ul>\n<li>Rugalmas gyorsan sz\u00e1rad\u00f3 anyag<\/li>\n<li>H\u0151pr\u00e9ssel r\u00f6gz\u00edtett Peach Pump log\u00f3 a v\u00e1llr\u00e9szen<\/li>\n<li>Cipz\u00e1ras z\u00e1r\u00f3d\u00e1s<\/li>\n<li>H\u00fcvelykujj b\u00fajtat\u00f3<\/li>\n<li>Alakform\u00e1l\u00f3 modell<\/li>\n<\/ul>\n<p>  \u00d6sszet\u00e9tel : 80% poli\u00e9szter 20% spandex . A meleg\u00edt\u0151 fels\u0151 k\u00edm\u00e9l\u0151 mos\u00e1ssal, legfeljebb 30 fokon moshat\u00f3. K\u00e9rj\u00fck, a tiszt\u00edt\u00e1s sor\u00e1n ne haszn\u00e1ljon feh\u00e9r\u00edt\u0151t vagy vegyi tiszt\u00edt\u00f3szereket. A k\u00e9pen l\u00e1that\u00f3 modell 178 cm magas, 54 kg s\u00faly\u00fa \u00e9s S m\u00e9retben p\u00f3zol. K\u00e9rj\u00fck, haszn\u00e1lja a m\u00e9rett\u00e1bl\u00e1zatot a pontos m\u00e9ret kiv\u00e1laszt\u00e1s\u00e1hoz.  <strong> <\/strong><\/p>\n","protected":false},"excerpt":{"rendered":"<p>Modell n\u0151i cipz\u00e1r\u00e1s sport meleg\u00edt\u0151 fels\u0151 testre simul\u00f3 fazonnal, fekete sz\u00ednben. N\u0151i sport meleg\u00edt\u0151 fels\u0151 cipz\u00e1rral \u00e9s h\u00fcvelykujj b\u00fajtat\u00f3val ell\u00e1tott mandzsett\u00e1val rendelkezik, \u00edgy nem h\u00faz\u00f3dnak fel edz\u00e9s k\u00f6zben. A meleg\u00edt\u0151 fels\u0151 fazonja nagyon csinos, form\u00e1lja a sziluettet \u00e9s gy\u00f6ny\u00f6r\u0171en illeszkedik a testhez. K\u00fcl\u00f6nb\u00f6z\u0151 sz\u00edn\u0171 leggingsekkel vagy bustierekkel p\u00e1ros\u00edthat\u00f3. Rugalmas gyorsan sz\u00e1rad\u00f3 anyag H\u0151pr\u00e9ssel r\u00f6gz\u00edtett Peach [&hellip;]<\/p>\n","protected":false},"featured_media":25303,"comment_status":"open","ping_status":"closed","template":"","meta":[],"product_brand":[],"product_cat":[922,355],"product_tag":[],"class_list":{"0":"post-67515","1":"product","2":"type-product","3":"status-publish","4":"has-post-thumbnail","6":"product_cat-dzsekik","7":"product_cat-noi-polo-fitneszhez","8":"pa_cviat-fekete","9":"pa_razmer-l-hu-2","10":"pa_razmer-m-hu","11":"pa_razmer-s-hu-2","12":"inventories-world","13":"inventories-uk","15":"first","16":"instock","17":"sale","18":"taxable","19":"shipping-taxable","20":"purchasable","21":"product-type-variable"},"_links":{"self":[{"href":"https:\/\/staging5.peach-pump.com\/hu\/wp-json\/wp\/v2\/product\/67515","targetHints":{"allow":["GET"]}}],"collection":[{"href":"https:\/\/staging5.peach-pump.com\/hu\/wp-json\/wp\/v2\/product"}],"about":[{"href":"https:\/\/staging5.peach-pump.com\/hu\/wp-json\/wp\/v2\/types\/product"}],"replies":[{"embeddable":true,"href":"https:\/\/staging5.peach-pump.com\/hu\/wp-json\/wp\/v2\/comments?post=67515"}],"version-history":[{"count":0,"href":"https:\/\/staging5.peach-pump.com\/hu\/wp-json\/wp\/v2\/product\/67515\/revisions"}],"wp:featuredmedia":[{"embeddable":true,"href":"https:\/\/staging5.peach-pump.com\/hu\/wp-json\/wp\/v2\/media\/25303"}],"wp:attachment":[{"href":"https:\/\/staging5.peach-pump.com\/hu\/wp-json\/wp\/v2\/media?parent=67515"}],"wp:term":[{"taxonomy":"product_brand","embeddable":true,"href":"https:\/\/staging5.peach-pump.com\/hu\/wp-json\/wp\/v2\/product_brand?post=67515"},{"taxonomy":"product_cat","embeddable":true,"href":"https:\/\/staging5.peach-pump.com\/hu\/wp-json\/wp\/v2\/product_cat?post=67515"},{"taxonomy":"product_tag","embeddable":true,"href":"https:\/\/staging5.peach-pump.com\/hu\/wp-json\/wp\/v2\/product_tag?post=67515"}],"curies":[{"name":"wp","href":"https:\/\/api.w.org\/{rel}","templated":true}]}}