{"id":67484,"date":"2023-10-18T08:46:32","date_gmt":"2023-10-18T06:46:32","guid":{"rendered":"https:\/\/staging5.peach-pump.com\/products\/%d0\/"},"modified":"2025-03-19T13:19:07","modified_gmt":"2025-03-19T11:19:07","slug":"noi-sport-melegito-felso-kek","status":"publish","type":"product","link":"https:\/\/staging5.peach-pump.com\/hu\/products\/noi-sport-melegito-felso-kek\/","title":{"rendered":"N\u0151i sport meleg\u00edt\u0151 fels\u0151 cipz\u00e1rral \u00e9s zsebekkel k\u00e9k sz\u00ednben"},"content":{"rendered":"<p>N\u0151i sport k\u00e9k sz\u00edn\u0171 meleg\u00edt\u0151 fels\u0151 zsebekkel, cipz\u00e1rral \u00e9s h\u00fcvelykujj b\u00fajtat\u00f3val ell\u00e1tott mandzsett\u00e1val, \u00edgy nem h\u00faz\u00f3dnak fel edz\u00e9s, fut\u00e1s vagy ker\u00e9kp\u00e1roz\u00e1s k\u00f6zben. A meleg\u00edt\u0151 fels\u0151 gy\u00f6ny\u00f6r\u0171 diz\u00e1jnnal rendelkezik, sz\u00e9pen form\u00e1lja a sziluettet \u00e9s t\u00f6k\u00e9letesen illeszkedik a testhez. P\u00e1ros\u00edthat\u00f3 a Peach Pump kollekci\u00f3b\u00f3l k\u00fcl\u00f6nb\u00f6z\u0151 pasztellsz\u00edn\u0171 leggingsekkel vagy sportmellt\u00e1rt\u00f3kkal.<\/p>\n<ul>\n<li>Rugalmas gyorsan sz\u00e1rad\u00f3 anyag<\/li>\n<li>H\u0151pr\u00e9ssel r\u00f6gz\u00edtett Peach Pump log\u00f3 a v\u00e1llr\u00e9szen<\/li>\n<li>Cipz\u00e1ras z\u00e1r\u00f3d\u00e1s<\/li>\n<li>Zsebek a meleg\u00edt\u0151 fels\u0151 el\u00fcls\u0151 r\u00e9szen<\/li>\n<li>H\u00fcvelykujj b\u00fajtat\u00f3<\/li>\n<li>Alakform\u00e1l\u00f3 modell<\/li>\n<\/ul>\n<p>Anyag\u00f6sszet\u00e9tel: 80% poli\u00e9szter, 20% elaszt\u00e1n<\/p>\n<p>A leggings k\u00edm\u00e9l\u0151 mos\u00e1ssal, legfeljebb 30 fokon moshat\u00f3. K\u00e9rj\u00fck, a tiszt\u00edt\u00e1s sor\u00e1n ne haszn\u00e1ljon feh\u00e9r\u00edt\u0151t vagy vegyi tiszt\u00edt\u00f3szereket.<\/p>\n<p>A k\u00e9pen l\u00e1that\u00f3 modell 168 cm magas, 52 kg s\u00faly\u00fa \u00e9s S-es m\u00e9retet visel.<\/p>\n<p>Mellb\u0151s\u00e9g: S: 85-90 cm \/ M: 90-95 cm \/ L: 95-100 cm<\/p>\n<p>&nbsp;<\/p>\n","protected":false},"excerpt":{"rendered":"<p>N\u0151i sport k\u00e9k sz\u00edn\u0171 meleg\u00edt\u0151 fels\u0151 zsebekkel, cipz\u00e1rral \u00e9s h\u00fcvelykujj b\u00fajtat\u00f3val ell\u00e1tott mandzsett\u00e1val, \u00edgy nem h\u00faz\u00f3dnak fel edz\u00e9s, fut\u00e1s vagy ker\u00e9kp\u00e1roz\u00e1s k\u00f6zben. A meleg\u00edt\u0151 fels\u0151 gy\u00f6ny\u00f6r\u0171 diz\u00e1jnnal rendelkezik, sz\u00e9pen form\u00e1lja a sziluettet \u00e9s t\u00f6k\u00e9letesen illeszkedik a testhez. P\u00e1ros\u00edthat\u00f3 a Peach Pump kollekci\u00f3b\u00f3l k\u00fcl\u00f6nb\u00f6z\u0151 pasztellsz\u00edn\u0171 leggingsekkel vagy sportmellt\u00e1rt\u00f3kkal. Rugalmas gyorsan sz\u00e1rad\u00f3 anyag H\u0151pr\u00e9ssel r\u00f6gz\u00edtett Peach Pump [&hellip;]<\/p>\n","protected":false},"featured_media":55286,"comment_status":"open","ping_status":"closed","template":"","meta":[],"product_brand":[],"product_cat":[922,355],"product_tag":[],"class_list":{"0":"post-67484","1":"product","2":"type-product","3":"status-publish","4":"has-post-thumbnail","6":"product_cat-dzsekik","7":"product_cat-noi-polo-fitneszhez","8":"pa_cviat-kek","9":"pa_razmer-l-hu-2","10":"pa_razmer-m-hu","11":"pa_razmer-s-hu-2","12":"inventories-world","13":"inventories-uk","15":"first","16":"instock","17":"taxable","18":"shipping-taxable","19":"purchasable","20":"product-type-variable"},"_links":{"self":[{"href":"https:\/\/staging5.peach-pump.com\/hu\/wp-json\/wp\/v2\/product\/67484","targetHints":{"allow":["GET"]}}],"collection":[{"href":"https:\/\/staging5.peach-pump.com\/hu\/wp-json\/wp\/v2\/product"}],"about":[{"href":"https:\/\/staging5.peach-pump.com\/hu\/wp-json\/wp\/v2\/types\/product"}],"replies":[{"embeddable":true,"href":"https:\/\/staging5.peach-pump.com\/hu\/wp-json\/wp\/v2\/comments?post=67484"}],"version-history":[{"count":0,"href":"https:\/\/staging5.peach-pump.com\/hu\/wp-json\/wp\/v2\/product\/67484\/revisions"}],"wp:featuredmedia":[{"embeddable":true,"href":"https:\/\/staging5.peach-pump.com\/hu\/wp-json\/wp\/v2\/media\/55286"}],"wp:attachment":[{"href":"https:\/\/staging5.peach-pump.com\/hu\/wp-json\/wp\/v2\/media?parent=67484"}],"wp:term":[{"taxonomy":"product_brand","embeddable":true,"href":"https:\/\/staging5.peach-pump.com\/hu\/wp-json\/wp\/v2\/product_brand?post=67484"},{"taxonomy":"product_cat","embeddable":true,"href":"https:\/\/staging5.peach-pump.com\/hu\/wp-json\/wp\/v2\/product_cat?post=67484"},{"taxonomy":"product_tag","embeddable":true,"href":"https:\/\/staging5.peach-pump.com\/hu\/wp-json\/wp\/v2\/product_tag?post=67484"}],"curies":[{"name":"wp","href":"https:\/\/api.w.org\/{rel}","templated":true}]}}