{"id":66970,"date":"2022-12-08T09:34:51","date_gmt":"2022-12-08T07:34:51","guid":{"rendered":"https:\/\/staging5.peach-pump.com\/products\/hosszu-ujju-sport-felso-babakek-szinben\/"},"modified":"2025-06-19T13:52:02","modified_gmt":"2025-06-19T11:52:02","slug":"hosszu-ujju-sport-felso-babakek-szinben","status":"publish","type":"product","link":"https:\/\/staging5.peach-pump.com\/hu\/products\/hosszu-ujju-sport-felso-babakek-szinben\/","title":{"rendered":"Hossz\u00fa ujj\u00fa sport fels\u0151 babak\u00e9k sz\u00ednben"},"content":{"rendered":"<p>N\u0151i hossz\u00fa ujj\u00fa babak\u00e9k s\u0171r\u0171 sz\u00f6v\u00e9s\u0171 anyag\u00fa sport fels\u0151 Ez a csinos modell bord\u00e1s anyag\u00fa, gy\u00f6ny\u00f6r\u0171en illeszkedik a testhez \u00e9s m\u00e9lyebb U-alak\u00fa nyakkiv\u00e1g\u00e1ssal rendelkezik. P\u00e1ros\u00edthat\u00f3 azonos sz\u00edn\u0171 leggingsszel vagy egy m\u00e1sik, semlegesebb sz\u00edn\u0171 leggingsszel. A bl\u00faz alkalmas a hidegebb \u0151szi\/t\u00e9li id\u0151j\u00e1r\u00e1shoz, im\u00e1dni fogja a puhas\u00e1g\u00e1t \u00e9s azt, ahogyan a test\u00e9n \u00e9rzi mag\u00e1t.  <\/p>\n<ul>\n<li>Bord\u00e1s anyag<\/li>\n<li>H\u0151pr\u00e9ssel r\u00f6gz\u00edtett Peach Pump log\u00f3 a v\u00e1llr\u00e9szen<\/li>\n<li>Nagy rugalmass\u00e1g<\/li>\n<li>K\u00fcl\u00f6nleges diz\u00e1jn<\/li>\n<\/ul>\n<p>  \u00d6sszet\u00e9tel: 80% poli\u00e9szter 20% spandex Az \u00e9k legfeljebb 30 fokon moshat\u00f3, k\u00e9rj\u00fck, ne feh\u00e9r\u00edtse vagy tiszt\u00edtsa sz\u00e1raz tiszt\u00edt\u00e1ssal. A k\u00e9pen l\u00e1that\u00f3 modell 178 cm magas, 54 kg s\u00faly\u00fa \u00e9s M-es m\u00e9retben p\u00f3zol. K\u00e9rj\u00fck, a pontos m\u00e9ret kiv\u00e1laszt\u00e1s\u00e1hoz haszn\u00e1lja a t\u00e1bl\u00e1zatokat.<\/p>\n","protected":false},"excerpt":{"rendered":"<p>N\u0151i hossz\u00fa ujj\u00fa babak\u00e9k s\u0171r\u0171 sz\u00f6v\u00e9s\u0171 anyag\u00fa sport fels\u0151 Ez a csinos modell bord\u00e1s anyag\u00fa, gy\u00f6ny\u00f6r\u0171en illeszkedik a testhez \u00e9s m\u00e9lyebb U-alak\u00fa nyakkiv\u00e1g\u00e1ssal rendelkezik. P\u00e1ros\u00edthat\u00f3 azonos sz\u00edn\u0171 leggingsszel vagy egy m\u00e1sik, semlegesebb sz\u00edn\u0171 leggingsszel. A bl\u00faz alkalmas a hidegebb \u0151szi\/t\u00e9li id\u0151j\u00e1r\u00e1shoz, im\u00e1dni fogja a puhas\u00e1g\u00e1t \u00e9s azt, ahogyan a test\u00e9n \u00e9rzi mag\u00e1t. Bord\u00e1s anyag H\u0151pr\u00e9ssel [&hellip;]<\/p>\n","protected":false},"featured_media":24798,"comment_status":"open","ping_status":"closed","template":"","meta":[],"product_brand":[],"product_cat":[355],"product_tag":[],"class_list":{"0":"post-66970","1":"product","2":"type-product","3":"status-publish","4":"has-post-thumbnail","6":"product_cat-noi-polo-fitneszhez","7":"pa_cviat-kek","8":"pa_razmer-l-hu-2","9":"pa_razmer-m-hu","10":"pa_razmer-s-hu-2","11":"inventories-world","12":"inventories-uk","14":"first","15":"instock","16":"taxable","17":"shipping-taxable","18":"purchasable","19":"product-type-variable"},"_links":{"self":[{"href":"https:\/\/staging5.peach-pump.com\/hu\/wp-json\/wp\/v2\/product\/66970","targetHints":{"allow":["GET"]}}],"collection":[{"href":"https:\/\/staging5.peach-pump.com\/hu\/wp-json\/wp\/v2\/product"}],"about":[{"href":"https:\/\/staging5.peach-pump.com\/hu\/wp-json\/wp\/v2\/types\/product"}],"replies":[{"embeddable":true,"href":"https:\/\/staging5.peach-pump.com\/hu\/wp-json\/wp\/v2\/comments?post=66970"}],"version-history":[{"count":0,"href":"https:\/\/staging5.peach-pump.com\/hu\/wp-json\/wp\/v2\/product\/66970\/revisions"}],"wp:featuredmedia":[{"embeddable":true,"href":"https:\/\/staging5.peach-pump.com\/hu\/wp-json\/wp\/v2\/media\/24798"}],"wp:attachment":[{"href":"https:\/\/staging5.peach-pump.com\/hu\/wp-json\/wp\/v2\/media?parent=66970"}],"wp:term":[{"taxonomy":"product_brand","embeddable":true,"href":"https:\/\/staging5.peach-pump.com\/hu\/wp-json\/wp\/v2\/product_brand?post=66970"},{"taxonomy":"product_cat","embeddable":true,"href":"https:\/\/staging5.peach-pump.com\/hu\/wp-json\/wp\/v2\/product_cat?post=66970"},{"taxonomy":"product_tag","embeddable":true,"href":"https:\/\/staging5.peach-pump.com\/hu\/wp-json\/wp\/v2\/product_tag?post=66970"}],"curies":[{"name":"wp","href":"https:\/\/api.w.org\/{rel}","templated":true}]}}