{"id":66897,"date":"2023-10-14T09:43:05","date_gmt":"2023-10-14T07:43:05","guid":{"rendered":"https:\/\/staging5.peach-pump.com\/products\/noi-kek-hosszu-ujju-felso\/"},"modified":"2025-07-29T15:19:20","modified_gmt":"2025-07-29T13:19:20","slug":"noi-kek-hosszu-ujju-felso","status":"publish","type":"product","link":"https:\/\/staging5.peach-pump.com\/hu\/products\/noi-kek-hosszu-ujju-felso\/","title":{"rendered":"N\u0151i k\u00e9k hossz\u00fa ujj\u00fa fels\u0151"},"content":{"rendered":"<p>K\u00e9k hossz\u00fa ujj\u00fa s\u0171r\u0171n sz\u0151tt sport fells\u0151 m\u00e9ly s\u00f6t\u00e9tk\u00e9k sz\u00ednben. Ez a csinos modell bord\u00e1s anyag\u00fa, gy\u00f6ny\u00f6r\u0171en illeszkedik a testhez \u00e9s U-alakban kiv\u00e1gott fels\u0151r\u00e9sszel rendelkezik el\u0151l. P\u00e1ros\u00edthat\u00f3 azonos sz\u00edn\u0171 leggingsszel vagy egy m\u00e1sik, egyszer\u0171bb sz\u00edn\u0171 leggindsszel. A fels\u0151 alkalmas a hidegebb \u0151szi\/t\u00e9li id\u0151j\u00e1r\u00e1shoz, im\u00e1dni fogja a puhas\u00e1g\u00e1t, melegs\u00e9g\u00e9t \u00e9s azt, ahogyan illeszkedik a testhez.<\/p>\n<ul>\n<li>Bord\u00e1s k\u00f6t\u00e9s\u0171 anyag<\/li>\n<li>H\u0151pr\u00e9ssel r\u00f6gz\u00edtett Peach Pump log\u00f3 a v\u00e1llr\u00e9szen<\/li>\n<li>Nagy rugalmass\u00e1g<\/li>\n<li>K\u00fcl\u00f6nleges diz\u00e1jn<\/li>\n<\/ul>\n<p>Anyag\u00f6sszet\u00e9tel: 80% poli\u00e9szter, 20% elaszt\u00e1n<\/p>\n<p>A fels\u0151 k\u00edm\u00e9l\u0151 mos\u00e1ssal, legfeljebb 30 fokon moshat\u00f3. K\u00e9rj\u00fck, a tiszt\u00edt\u00e1s sor\u00e1n ne haszn\u00e1ljon feh\u00e9r\u00edt\u0151t vagy vegyi tiszt\u00edt\u00f3szereket.<\/p>\n<p>A k\u00e9pen l\u00e1that\u00f3 modell 169 cm magas, 52 kg s\u00faly\u00fa \u00e9s M-es m\u00e9retet visel.<\/p>\n<p>Mellb\u0151s\u00e9g: S: 85-90 cm \/ M: 90-95 cm \/ L: 95-100 cm<\/p>\n","protected":false},"excerpt":{"rendered":"<p>K\u00e9k hossz\u00fa ujj\u00fa s\u0171r\u0171n sz\u0151tt sport fells\u0151 m\u00e9ly s\u00f6t\u00e9tk\u00e9k sz\u00ednben. Ez a csinos modell bord\u00e1s anyag\u00fa, gy\u00f6ny\u00f6r\u0171en illeszkedik a testhez \u00e9s U-alakban kiv\u00e1gott fels\u0151r\u00e9sszel rendelkezik el\u0151l. P\u00e1ros\u00edthat\u00f3 azonos sz\u00edn\u0171 leggingsszel vagy egy m\u00e1sik, egyszer\u0171bb sz\u00edn\u0171 leggindsszel. A fels\u0151 alkalmas a hidegebb \u0151szi\/t\u00e9li id\u0151j\u00e1r\u00e1shoz, im\u00e1dni fogja a puhas\u00e1g\u00e1t, melegs\u00e9g\u00e9t \u00e9s azt, ahogyan illeszkedik a testhez. Bord\u00e1s [&hellip;]<\/p>\n","protected":false},"featured_media":53251,"comment_status":"open","ping_status":"closed","template":"","meta":[],"product_brand":[],"product_cat":[355],"product_tag":[],"class_list":{"0":"post-66897","1":"product","2":"type-product","3":"status-publish","4":"has-post-thumbnail","6":"product_cat-noi-polo-fitneszhez","7":"pa_cviat-sotetkek","8":"pa_razmer-l-hu-2","9":"pa_razmer-m-hu","10":"pa_razmer-s-hu-2","11":"inventories-world","12":"inventories-uk","14":"first","15":"instock","16":"taxable","17":"shipping-taxable","18":"purchasable","19":"product-type-variable"},"_links":{"self":[{"href":"https:\/\/staging5.peach-pump.com\/hu\/wp-json\/wp\/v2\/product\/66897","targetHints":{"allow":["GET"]}}],"collection":[{"href":"https:\/\/staging5.peach-pump.com\/hu\/wp-json\/wp\/v2\/product"}],"about":[{"href":"https:\/\/staging5.peach-pump.com\/hu\/wp-json\/wp\/v2\/types\/product"}],"replies":[{"embeddable":true,"href":"https:\/\/staging5.peach-pump.com\/hu\/wp-json\/wp\/v2\/comments?post=66897"}],"version-history":[{"count":0,"href":"https:\/\/staging5.peach-pump.com\/hu\/wp-json\/wp\/v2\/product\/66897\/revisions"}],"wp:featuredmedia":[{"embeddable":true,"href":"https:\/\/staging5.peach-pump.com\/hu\/wp-json\/wp\/v2\/media\/53251"}],"wp:attachment":[{"href":"https:\/\/staging5.peach-pump.com\/hu\/wp-json\/wp\/v2\/media?parent=66897"}],"wp:term":[{"taxonomy":"product_brand","embeddable":true,"href":"https:\/\/staging5.peach-pump.com\/hu\/wp-json\/wp\/v2\/product_brand?post=66897"},{"taxonomy":"product_cat","embeddable":true,"href":"https:\/\/staging5.peach-pump.com\/hu\/wp-json\/wp\/v2\/product_cat?post=66897"},{"taxonomy":"product_tag","embeddable":true,"href":"https:\/\/staging5.peach-pump.com\/hu\/wp-json\/wp\/v2\/product_tag?post=66897"}],"curies":[{"name":"wp","href":"https:\/\/api.w.org\/{rel}","templated":true}]}}