{"id":66622,"date":"2023-04-11T09:03:28","date_gmt":"2023-04-11T07:03:28","guid":{"rendered":"https:\/\/staging5.peach-pump.com\/products\/rozsaszin-varras-nelkuli-sport-szett-surun-szott-bordas-anyagbol\/"},"modified":"2024-12-02T15:43:42","modified_gmt":"2024-12-02T13:43:42","slug":"rozsaszin-varras-nelkuli-sport-szett-surun-szott-bordas-anyagbol","status":"publish","type":"product","link":"https:\/\/staging5.peach-pump.com\/hu\/products\/rozsaszin-varras-nelkuli-sport-szett-surun-szott-bordas-anyagbol\/","title":{"rendered":"R\u00f3zsasz\u00edn varr\u00e1s n\u00e9lk\u00fcli sport szett s\u0171r\u0171 sz\u00f6v\u00e9s\u0171 bord\u00e1s anyagb\u00f3l"},"content":{"rendered":"<p>R\u00f3zsasz\u00edn varr\u00e1s n\u00e9lk\u00fcli sport szett, leggings \u00e9s hossz\u00fa ujj\u00fa s\u0171r\u0171n sz\u0151tt bord\u00e1s anyag\u00fa fels\u0151r\u00e9sz. Ez a csinos modell bord\u00e1s anyag\u00fa, gy\u00f6ny\u00f6r\u0171en illeszkedik a testhez \u00e9s m\u00e9lyebb U-alak\u00fa nyakkiv\u00e1g\u00e1ssal rendelkezik. A fels\u0151 alkalmas a hidegebb \u0151szi\/t\u00e9li id\u0151j\u00e1r\u00e1shoz, im\u00e1dni fogja a puhas\u00e1g\u00e1t \u00e9s azt, ahogyan illeszkedik a testhez. A leggings s\u0171r\u0171n sz\u0151tt rugalmas anyagb\u00f3l k\u00e9sz\u00fclt. Ez a modell magas derek\u00fa, s\u0171r\u0171bb sz\u00f6v\u00e9s\u0171, ide\u00e1lis a hidegebb \u0151szi \u00e9s t\u00e9li napokra. A leggings sz\u00e9les der\u00e9ksz\u00edjjal \u00e9s az \u00e1ltalunk nagyon kedvelt kiemel\u0151 \u00e9s form\u00e1l\u00f3 hat\u00e1ssal rendelkezik. El fog \u00e1mulni ett\u0151l a leggingst\u0151l, a puhas\u00e1g\u00e1t\u00f3l, a melegs\u00e9g\u00e9t\u0151l \u00e9s att\u00f3l, ahogyan form\u00e1lja az alakj\u00e1t. A modell p\u00e1ros\u00edthat\u00f3 fels\u0151vel vagy sportmelltart\u00f3val, tekintse meg javaslatainkat. a bl\u00fazhoz:  <\/p>\n<ul>\n<li>Bord\u00e1s anyag<\/li>\n<li>H\u0151pr\u00e9ssel r\u00f6gz\u00edtett Peach Pump log\u00f3 a v\u00e1llr\u00e9szen<\/li>\n<li>Nagy rugalmass\u00e1g<\/li>\n<li> Varr\u00e1s n\u00e9lk\u00fcli, bord\u00e1s k\u00f6t\u00e9s\u0171 anyag<\/li>\n<\/ul>\n<p>  Cline-nak:  <\/p>\n<ul>\n<li> Kiemeli, form\u00e1lja, el\u0171nteti a probl\u00e9m\u00e1s r\u00e9szeket<\/li>\n<li> S\u0171r\u0171bb sz\u00f6v\u00e9s\u0171<\/li>\n<li> Der\u00e9kra simul\u00f3 bord\u00e1s k\u00f6t\u00e9s\u0171 der\u00e9ksz\u00edj<\/li>\n<li> Peachy hat\u00e1s<\/li>\n<li> Varr\u00e1smentes el\u00fcls\u0151 r\u00e9sz<\/li>\n<li> H\u0151pr\u00e9ssel r\u00f6gz\u00edtett Peach Pump log\u00f3 a leggings h\u00e1toldal\u00e1n<\/li>\n<li> Kiemelked\u0151 izzads\u00e1gelvezet\u0151 tulajdons\u00e1gokkal rendelkez\u0151 anyag<\/li>\n<li> K\u00fcl\u00f6nleges diz\u00e1jn<\/li>\n<li> Magas\u00edtott der\u00e9kr\u00e9sz<\/li>\n<\/ul>\n<p>  \u00d6sszet\u00e9tel: 80% poli\u00e9szter 20% spandex A k\u00e9pen l\u00e1that\u00f3 modell 178cm magas, 54kg s\u00faly\u00fa \u00e9s M-es m\u00e9retben p\u00f3zol a bl\u00faz \u00e9s az \u00e9k Az \u00e9k \u00e9s a bl\u00faz legfeljebb 30 fokon moshat\u00f3, k\u00e9rj\u00fck, ne feh\u00e9r\u00edtse vagy tiszt\u00edtsa sz\u00e1razra.  &nbsp;<\/p>\n<p>&nbsp;<\/p>\n","protected":false},"excerpt":{"rendered":"<p>R\u00f3zsasz\u00edn varr\u00e1s n\u00e9lk\u00fcli sport szett, leggings \u00e9s hossz\u00fa ujj\u00fa s\u0171r\u0171n sz\u0151tt bord\u00e1s anyag\u00fa fels\u0151r\u00e9sz. Ez a csinos modell bord\u00e1s anyag\u00fa, gy\u00f6ny\u00f6r\u0171en illeszkedik a testhez \u00e9s m\u00e9lyebb U-alak\u00fa nyakkiv\u00e1g\u00e1ssal rendelkezik. A fels\u0151 alkalmas a hidegebb \u0151szi\/t\u00e9li id\u0151j\u00e1r\u00e1shoz, im\u00e1dni fogja a puhas\u00e1g\u00e1t \u00e9s azt, ahogyan illeszkedik a testhez. A leggings s\u0171r\u0171n sz\u0151tt rugalmas anyagb\u00f3l k\u00e9sz\u00fclt. Ez a [&hellip;]<\/p>\n","protected":false},"featured_media":26348,"comment_status":"open","ping_status":"closed","template":"","meta":[],"product_brand":[],"product_cat":[357,359],"product_tag":[],"class_list":{"0":"post-66622","1":"product","2":"type-product","3":"status-publish","4":"has-post-thumbnail","6":"product_cat-noi-sportruhazat","7":"product_cat-szett-leggings-s-portmelltart","8":"pa_cviat-rozsaszin","9":"pa_razmer-l-hu-2","10":"pa_razmer-m-hu","11":"pa_razmer-s-hu-2","12":"inventories-world","13":"inventories-uk","15":"first","16":"instock","17":"virtual","18":"taxable","19":"purchasable","20":"product-type-yith_bundle"},"_links":{"self":[{"href":"https:\/\/staging5.peach-pump.com\/hu\/wp-json\/wp\/v2\/product\/66622","targetHints":{"allow":["GET"]}}],"collection":[{"href":"https:\/\/staging5.peach-pump.com\/hu\/wp-json\/wp\/v2\/product"}],"about":[{"href":"https:\/\/staging5.peach-pump.com\/hu\/wp-json\/wp\/v2\/types\/product"}],"replies":[{"embeddable":true,"href":"https:\/\/staging5.peach-pump.com\/hu\/wp-json\/wp\/v2\/comments?post=66622"}],"version-history":[{"count":0,"href":"https:\/\/staging5.peach-pump.com\/hu\/wp-json\/wp\/v2\/product\/66622\/revisions"}],"wp:featuredmedia":[{"embeddable":true,"href":"https:\/\/staging5.peach-pump.com\/hu\/wp-json\/wp\/v2\/media\/26348"}],"wp:attachment":[{"href":"https:\/\/staging5.peach-pump.com\/hu\/wp-json\/wp\/v2\/media?parent=66622"}],"wp:term":[{"taxonomy":"product_brand","embeddable":true,"href":"https:\/\/staging5.peach-pump.com\/hu\/wp-json\/wp\/v2\/product_brand?post=66622"},{"taxonomy":"product_cat","embeddable":true,"href":"https:\/\/staging5.peach-pump.com\/hu\/wp-json\/wp\/v2\/product_cat?post=66622"},{"taxonomy":"product_tag","embeddable":true,"href":"https:\/\/staging5.peach-pump.com\/hu\/wp-json\/wp\/v2\/product_tag?post=66622"}],"curies":[{"name":"wp","href":"https:\/\/api.w.org\/{rel}","templated":true}]}}