{"id":66032,"date":"2022-08-19T10:49:04","date_gmt":"2022-08-19T08:49:04","guid":{"rendered":"https:\/\/staging5.peach-pump.com\/products\/terepmintas-sport-leggings-zsebekkel-es-fekete-szarral\/"},"modified":"2025-07-26T13:35:12","modified_gmt":"2025-07-26T11:35:12","slug":"terepmintas-sport-leggings-zsebekkel-es-fekete-szarral","status":"publish","type":"product","link":"https:\/\/staging5.peach-pump.com\/hu\/products\/terepmintas-sport-leggings-zsebekkel-es-fekete-szarral\/","title":{"rendered":"Terepmint\u00e1s sport leggings zsebekkel \u00e9s fekete sz\u00e1rral"},"content":{"rendered":"<p>Zsebes leggings terepsz\u00edn\u0171 mint\u00e1val \u00e9s fekete elemekkel puha form\u00e1l\u00f3 anyagb\u00f3l. A leggings csinos kialak\u00edt\u00e1ssal rendelkezik, amely t\u00f6k\u00e9letesen form\u00e1lja az alakot, a zsebek elhelyezked\u00e9se nem befoly\u00e1solja a komfortj\u00e1t edz\u00e9s k\u00f6zben, a modell Peachy hat\u00e1s\u00fa. P\u00e1ros\u00edthat\u00f3 ugyanilyen mint\u00e1j\u00fa kab\u00e1ttal vagy sportmelltart\u00f3val.<\/p>\n<ul>\n<li>Magas\u00edtott der\u00e9k<\/li>\n<li>Peachy hat\u00e1s<\/li>\n<li>Zsebek a leggings h\u00e1ts\u00f3 r\u00e9sz\u00e9n, NEM \u00e1lzsebek<\/li>\n<li>H\u0151pr\u00e9ssel r\u00f6gz\u00edtett Peach Pump log\u00f3 a leggings h\u00e1toldal\u00e1n<\/li>\n<li>Kiemelked\u0151 izzads\u00e1gelvezet\u0151 tulajdons\u00e1gokkal rendelkez\u0151 anyag<\/li>\n<\/ul>\n<p>Anyag\u00f6sszet\u00e9tel: 80% poli\u00e9szter, 20% elaszt\u00e1n<\/p>\n<p>A leggings k\u00edm\u00e9l\u0151 mos\u00e1ssal, legfeljebb 30 fokon moshat\u00f3. K\u00e9rj\u00fck, a tiszt\u00edt\u00e1s sor\u00e1n ne haszn\u00e1ljon feh\u00e9r\u00edt\u0151t vagy vegyi tiszt\u00edt\u00f3szereket.<\/p>\n<p>A k\u00e9pen l\u00e1that\u00f3 modell 178 cm magas, 54 kg s\u00faly\u00fa, \u00e9s M-es m\u00e9retet visel.<\/p>\n<p>A pontos m\u00e9ret kiv\u00e1laszt\u00e1s\u00e1hoz, k\u00e9rj\u00fck haszn\u00e1lja a m\u00e9rett\u00e1bl\u00e1zatokat.<\/p>\n","protected":false},"excerpt":{"rendered":"<p>Zsebes leggings terepsz\u00edn\u0171 mint\u00e1val \u00e9s fekete elemekkel puha form\u00e1l\u00f3 anyagb\u00f3l. A leggings csinos kialak\u00edt\u00e1ssal rendelkezik, amely t\u00f6k\u00e9letesen form\u00e1lja az alakot, a zsebek elhelyezked\u00e9se nem befoly\u00e1solja a komfortj\u00e1t edz\u00e9s k\u00f6zben, a modell Peachy hat\u00e1s\u00fa. P\u00e1ros\u00edthat\u00f3 ugyanilyen mint\u00e1j\u00fa kab\u00e1ttal vagy sportmelltart\u00f3val. Magas\u00edtott der\u00e9k Peachy hat\u00e1s Zsebek a leggings h\u00e1ts\u00f3 r\u00e9sz\u00e9n, NEM \u00e1lzsebek H\u0151pr\u00e9ssel r\u00f6gz\u00edtett Peach Pump log\u00f3 [&hellip;]<\/p>\n","protected":false},"featured_media":106563,"comment_status":"open","ping_status":"closed","template":"","meta":[],"product_brand":[],"product_cat":[142,304,191],"product_tag":[],"class_list":{"0":"post-66032","1":"product","2":"type-product","3":"status-publish","4":"has-post-thumbnail","6":"product_cat-noi-sport-leggings-fitnesz","7":"product_cat-noi-leggings-hosszu","8":"product_cat-leggings-zsebekkel","9":"pa_cviat-terepszinu-fekete","10":"pa_razmer-l-hu-2","11":"pa_razmer-m-hu","12":"pa_razmer-s-hu-2","13":"inventories-world","14":"inventories-uk","16":"first","17":"instock","18":"taxable","19":"shipping-taxable","20":"purchasable","21":"product-type-variable"},"_links":{"self":[{"href":"https:\/\/staging5.peach-pump.com\/hu\/wp-json\/wp\/v2\/product\/66032","targetHints":{"allow":["GET"]}}],"collection":[{"href":"https:\/\/staging5.peach-pump.com\/hu\/wp-json\/wp\/v2\/product"}],"about":[{"href":"https:\/\/staging5.peach-pump.com\/hu\/wp-json\/wp\/v2\/types\/product"}],"replies":[{"embeddable":true,"href":"https:\/\/staging5.peach-pump.com\/hu\/wp-json\/wp\/v2\/comments?post=66032"}],"version-history":[{"count":1,"href":"https:\/\/staging5.peach-pump.com\/hu\/wp-json\/wp\/v2\/product\/66032\/revisions"}],"predecessor-version":[{"id":104030,"href":"https:\/\/staging5.peach-pump.com\/hu\/wp-json\/wp\/v2\/product\/66032\/revisions\/104030"}],"wp:featuredmedia":[{"embeddable":true,"href":"https:\/\/staging5.peach-pump.com\/hu\/wp-json\/wp\/v2\/media\/106563"}],"wp:attachment":[{"href":"https:\/\/staging5.peach-pump.com\/hu\/wp-json\/wp\/v2\/media?parent=66032"}],"wp:term":[{"taxonomy":"product_brand","embeddable":true,"href":"https:\/\/staging5.peach-pump.com\/hu\/wp-json\/wp\/v2\/product_brand?post=66032"},{"taxonomy":"product_cat","embeddable":true,"href":"https:\/\/staging5.peach-pump.com\/hu\/wp-json\/wp\/v2\/product_cat?post=66032"},{"taxonomy":"product_tag","embeddable":true,"href":"https:\/\/staging5.peach-pump.com\/hu\/wp-json\/wp\/v2\/product_tag?post=66032"}],"curies":[{"name":"wp","href":"https:\/\/api.w.org\/{rel}","templated":true}]}}