{"id":65919,"date":"2023-07-21T16:36:15","date_gmt":"2023-07-21T14:36:15","guid":{"rendered":"https:\/\/staging5.peach-pump.com\/products\/kek-rovid-sport-leggings-booty-shorts\/"},"modified":"2025-07-30T14:35:42","modified_gmt":"2025-07-30T12:35:42","slug":"kek-rovid-sport-leggings-booty-shorts","status":"publish","type":"product","link":"https:\/\/staging5.peach-pump.com\/hu\/products\/kek-rovid-sport-leggings-booty-shorts\/","title":{"rendered":"K\u00e9k r\u00f6vid sport leggings &#8220;Booty Shorts&#8221;"},"content":{"rendered":"<p>N\u0151i r\u00f6vid sport leggings szoros, l\u00e9g\u00e1tereszt\u0151 anyagb\u00f3l k\u00e9k sz\u00ednben. Ez a modell ide\u00e1lis a forr\u00f3 ny\u00e1ri napokra, r\u00f6videbb a t\u00f6bbi modelln\u00e9l, \u00e9s az anyag elvezeti a nedvess\u00e9get a testt\u0151l. H\u00e1tul enyh\u00e9n Peach hat\u00e1s\u00fa, \u00e9s gy\u00f6ny\u00f6r\u0171en form\u00e1lja az idomokat. P\u00e1ros\u00edthat\u00f3 ugyanolyan mint\u00e1j\u00fa sportmelltart\u00f3val, k\u00e9rj\u00fck, n\u00e9zze meg a &#8220;Sport szettek r\u00f6vid leggingsszel&#8221; men\u00fcpont alatt. (A minta egy szorosabb anyagb\u00f3l k\u00e9sz\u00fclt)  <\/p>\n<ul>\n<li>Kiemeli, form\u00e1lja, elrejti a probl\u00e9m\u00e1s r\u00e9szeket<\/li>\n<li>Enyhe Peachy hat\u00e1s<\/li>\n<li>Varr\u00e1s n\u00e9lk\u00fcli el\u00fcls\u0151 r\u00e9sz<\/li>\n<li>H\u0151pr\u00e9ssel r\u00f6gz\u00edtett Peach Pump log\u00f3 a leggings h\u00e1toldal\u00e1n<\/li>\n<li>Technol\u00f3gia a nedvess\u00e9g hat\u00e9kony elt\u00e1vol\u00edt\u00e1s\u00e1ra a testr\u0151l<\/li>\n<\/ul>\n<p>  \u00d6sszet\u00e9tel: 80% poli\u00e9szter 20% spandex Az \u00e9k legfeljebb 30 fokon moshat\u00f3, k\u00e9rj\u00fck, ne feh\u00e9r\u00edtse vagy tiszt\u00edtsa sz\u00e1raz tiszt\u00edt\u00e1ssal. A k\u00e9pen l\u00e1that\u00f3 modell 178 cm magas, 54 kg s\u00faly\u00fa \u00e9s M-es m\u00e9retben p\u00f3zol K\u00e9rj\u00fck, haszn\u00e1lja a m\u00e9rett\u00e1bl\u00e1zatot a pontos m\u00e9ret kiv\u00e1laszt\u00e1s\u00e1hoz.  \t\t<div id=\"sbi_mod_error\" >\n\t\t\t<span>This error message is only visible to WordPress admins<\/span><br\/>\n\t\t\t<p><strong>Error: No connected account.<\/strong>\n\t\t\t<p>Please go to the Instagram Feed settings page to connect an account.<\/p>\n\t\t<\/div>\n\t\t<\/p>\n","protected":false},"excerpt":{"rendered":"<p>N\u0151i r\u00f6vid sport leggings szoros, l\u00e9g\u00e1tereszt\u0151 anyagb\u00f3l k\u00e9k sz\u00ednben. Ez a modell ide\u00e1lis a forr\u00f3 ny\u00e1ri napokra, r\u00f6videbb a t\u00f6bbi modelln\u00e9l, \u00e9s az anyag elvezeti a nedvess\u00e9get a testt\u0151l. H\u00e1tul enyh\u00e9n Peach hat\u00e1s\u00fa, \u00e9s gy\u00f6ny\u00f6r\u0171en form\u00e1lja az idomokat. P\u00e1ros\u00edthat\u00f3 ugyanolyan mint\u00e1j\u00fa sportmelltart\u00f3val, k\u00e9rj\u00fck, n\u00e9zze meg a &#8220;Sport szettek r\u00f6vid leggingsszel&#8221; men\u00fcpont alatt. (A minta egy [&hellip;]<\/p>\n","protected":false},"featured_media":45417,"comment_status":"open","ping_status":"closed","template":"","meta":[],"product_brand":[],"product_cat":[142,200],"product_tag":[],"class_list":{"0":"post-65919","1":"product","2":"type-product","3":"status-publish","4":"has-post-thumbnail","6":"product_cat-noi-sport-leggings-fitnesz","7":"product_cat-rovid-noi-leggings","8":"pa_cviat-kek","9":"pa_razmer-m-hu","10":"pa_razmer-s-hu-2","11":"inventories-world","12":"inventories-uk","14":"first","15":"instock","16":"sale","17":"taxable","18":"shipping-taxable","19":"purchasable","20":"product-type-variable"},"_links":{"self":[{"href":"https:\/\/staging5.peach-pump.com\/hu\/wp-json\/wp\/v2\/product\/65919","targetHints":{"allow":["GET"]}}],"collection":[{"href":"https:\/\/staging5.peach-pump.com\/hu\/wp-json\/wp\/v2\/product"}],"about":[{"href":"https:\/\/staging5.peach-pump.com\/hu\/wp-json\/wp\/v2\/types\/product"}],"replies":[{"embeddable":true,"href":"https:\/\/staging5.peach-pump.com\/hu\/wp-json\/wp\/v2\/comments?post=65919"}],"version-history":[{"count":0,"href":"https:\/\/staging5.peach-pump.com\/hu\/wp-json\/wp\/v2\/product\/65919\/revisions"}],"wp:featuredmedia":[{"embeddable":true,"href":"https:\/\/staging5.peach-pump.com\/hu\/wp-json\/wp\/v2\/media\/45417"}],"wp:attachment":[{"href":"https:\/\/staging5.peach-pump.com\/hu\/wp-json\/wp\/v2\/media?parent=65919"}],"wp:term":[{"taxonomy":"product_brand","embeddable":true,"href":"https:\/\/staging5.peach-pump.com\/hu\/wp-json\/wp\/v2\/product_brand?post=65919"},{"taxonomy":"product_cat","embeddable":true,"href":"https:\/\/staging5.peach-pump.com\/hu\/wp-json\/wp\/v2\/product_cat?post=65919"},{"taxonomy":"product_tag","embeddable":true,"href":"https:\/\/staging5.peach-pump.com\/hu\/wp-json\/wp\/v2\/product_tag?post=65919"}],"curies":[{"name":"wp","href":"https:\/\/api.w.org\/{rel}","templated":true}]}}