{"id":65826,"date":"2023-10-13T14:06:00","date_gmt":"2023-10-13T12:06:00","guid":{"rendered":"https:\/\/staging5.peach-pump.com\/products\/varrasmentes-surun-szott-leggings-vilagosszurke-szinben\/"},"modified":"2025-05-07T13:44:02","modified_gmt":"2025-05-07T11:44:02","slug":"varrasmentes-surun-szott-leggings-vilagosszurke-szinben","status":"publish","type":"product","link":"https:\/\/staging5.peach-pump.com\/hu\/products\/varrasmentes-surun-szott-leggings-vilagosszurke-szinben\/","title":{"rendered":"Varr\u00e1smentes s\u0171r\u0171n sz\u0151tt leggings vil\u00e1gossz\u00fcrke sz\u00ednben"},"content":{"rendered":"<p>L\u00e9g\u00e1tereszt\u0151, varr\u00e1s n\u00e9lk\u00fcli, s\u0171r\u0171n sz\u0151tt leggings, vil\u00e1gossz\u00fcrke sz\u00ednben. A leggings bord\u00e1s k\u00f6t\u00e9s\u0171 anyagb\u00f3l k\u00e9sz\u00fclt, magas derek\u00fa, s\u0171r\u0171n sz\u0151tt, \u00edgy t\u0151k\u00e9letes a hidegebb \u0151szi \u00e9s t\u00e9li napokra. A modell sz\u00e9les der\u00e9ksz\u00edjjal, form\u00e1l\u00f3 \u00e9s kiemel\u0151 hat\u00e1ssal rendelkezik, amely annyira jellemz\u0151 a m\u00e1rk\u00e1nkra. Bele fog szeretni ebbe a leggingsbe, a puhas\u00e1g\u00e1ba, a melegs\u00e9g\u00e9be \u00e9s abba, ahogyan form\u00e1lja az alakj\u00e1t. A modell p\u00e1ros\u00edthat\u00f3 fels\u0151vel vagy sportmelltart\u00f3val, tekintse meg javaslatainkat.<\/p>\n<ul>\n<li> Magas\u00edtott der\u00e9kr\u00e9sz<\/li>\n<li> Varr\u00e1s n\u00e9lk\u00fcli, bord\u00e1s k\u00f6t\u00e9s\u0171 anyag<\/li>\n<li> Kiemeli, form\u00e1lja, el\u0171nteti a probl\u00e9m\u00e1s r\u00e9szeket<\/li>\n<li> S\u0171r\u0171bb sz\u00f6v\u00e9s\u0171 anyag<\/li>\n<li> Der\u00e9kra simul\u00f3 bord\u00e1s k\u00f6t\u00e9s\u0171 der\u00e9ksz\u00edj<\/li>\n<li> Peachy hat\u00e1s<\/li>\n<li> Varr\u00e1smentes el\u00fcls\u0151 r\u00e9sz<\/li>\n<li> H\u0151pr\u00e9ssel r\u00f6gz\u00edtett Peach Pump log\u00f3 a leggings h\u00e1toldal\u00e1n<\/li>\n<li> Kiemelked\u0151 izzads\u00e1gelvezet\u0151 tulajdons\u00e1gokkal rendelkez\u0151 anyag<\/li>\n<\/ul>\n<p>Anyag\u00f6sszet\u00e9tel: 80% poli\u00e9szter, 20% elaszt\u00e1n.<\/p>\n<p>A leggings k\u00edm\u00e9l\u0151 mos\u00e1ssal, legfeljebb 30 fokon moshat\u00f3. K\u00e9rj\u00fck, a tiszt\u00edt\u00e1s sor\u00e1n ne haszn\u00e1ljon feh\u00e9r\u00edt\u0151t vagy vegyi tiszt\u00edt\u00f3szereket.<\/p>\n<p>A k\u00e9pen l\u00e1that\u00f3 modell 178 cm magas, 54 kg s\u00faly\u00fa \u00e9s M-es m\u00e9retet visel.<\/p>\n<p>A pontos m\u00e9ret kiv\u00e1laszt\u00e1s\u00e1hoz, k\u00e9rj\u00fck haszn\u00e1lja a m\u00e9rett\u00e1bl\u00e1zatokat.<\/p>\n","protected":false},"excerpt":{"rendered":"<p>L\u00e9g\u00e1tereszt\u0151, varr\u00e1s n\u00e9lk\u00fcli, s\u0171r\u0171n sz\u0151tt leggings, vil\u00e1gossz\u00fcrke sz\u00ednben. A leggings bord\u00e1s k\u00f6t\u00e9s\u0171 anyagb\u00f3l k\u00e9sz\u00fclt, magas derek\u00fa, s\u0171r\u0171n sz\u0151tt, \u00edgy t\u0151k\u00e9letes a hidegebb \u0151szi \u00e9s t\u00e9li napokra. A modell sz\u00e9les der\u00e9ksz\u00edjjal, form\u00e1l\u00f3 \u00e9s kiemel\u0151 hat\u00e1ssal rendelkezik, amely annyira jellemz\u0151 a m\u00e1rk\u00e1nkra. Bele fog szeretni ebbe a leggingsbe, a puhas\u00e1g\u00e1ba, a melegs\u00e9g\u00e9be \u00e9s abba, ahogyan form\u00e1lja az [&hellip;]<\/p>\n","protected":false},"featured_media":53131,"comment_status":"open","ping_status":"closed","template":"","meta":[],"product_brand":[],"product_cat":[142,304],"product_tag":[],"class_list":{"0":"post-65826","1":"product","2":"type-product","3":"status-publish","4":"has-post-thumbnail","6":"product_cat-noi-sport-leggings-fitnesz","7":"product_cat-noi-leggings-hosszu","8":"pa_cviat-szurke","9":"pa_razmer-l-hu-2","10":"pa_razmer-m-hu","11":"pa_razmer-s-hu-2","12":"inventories-world","13":"inventories-uk","15":"first","16":"instock","17":"taxable","18":"shipping-taxable","19":"purchasable","20":"product-type-variable"},"_links":{"self":[{"href":"https:\/\/staging5.peach-pump.com\/hu\/wp-json\/wp\/v2\/product\/65826","targetHints":{"allow":["GET"]}}],"collection":[{"href":"https:\/\/staging5.peach-pump.com\/hu\/wp-json\/wp\/v2\/product"}],"about":[{"href":"https:\/\/staging5.peach-pump.com\/hu\/wp-json\/wp\/v2\/types\/product"}],"replies":[{"embeddable":true,"href":"https:\/\/staging5.peach-pump.com\/hu\/wp-json\/wp\/v2\/comments?post=65826"}],"version-history":[{"count":0,"href":"https:\/\/staging5.peach-pump.com\/hu\/wp-json\/wp\/v2\/product\/65826\/revisions"}],"wp:featuredmedia":[{"embeddable":true,"href":"https:\/\/staging5.peach-pump.com\/hu\/wp-json\/wp\/v2\/media\/53131"}],"wp:attachment":[{"href":"https:\/\/staging5.peach-pump.com\/hu\/wp-json\/wp\/v2\/media?parent=65826"}],"wp:term":[{"taxonomy":"product_brand","embeddable":true,"href":"https:\/\/staging5.peach-pump.com\/hu\/wp-json\/wp\/v2\/product_brand?post=65826"},{"taxonomy":"product_cat","embeddable":true,"href":"https:\/\/staging5.peach-pump.com\/hu\/wp-json\/wp\/v2\/product_cat?post=65826"},{"taxonomy":"product_tag","embeddable":true,"href":"https:\/\/staging5.peach-pump.com\/hu\/wp-json\/wp\/v2\/product_tag?post=65826"}],"curies":[{"name":"wp","href":"https:\/\/api.w.org\/{rel}","templated":true}]}}