{"id":65819,"date":"2023-10-14T10:10:00","date_gmt":"2023-10-14T08:10:00","guid":{"rendered":"https:\/\/staging5.peach-pump.com\/products\/kek-varras-nelkuli-sport-szett-surun-szott-anyagbol\/"},"modified":"2025-07-29T15:19:10","modified_gmt":"2025-07-29T13:19:10","slug":"kek-varras-nelkuli-sport-szett-surun-szott-anyagbol","status":"publish","type":"product","link":"https:\/\/staging5.peach-pump.com\/hu\/products\/kek-varras-nelkuli-sport-szett-surun-szott-anyagbol\/","title":{"rendered":"K\u00e9k, varr\u00e1s n\u00e9lk\u00fcli sport szett s\u0171r\u0171n sz\u0151tt anyagb\u00f3l"},"content":{"rendered":"<p>S\u00f6t\u00e9tk\u00e9k, varr\u00e1s n\u00e9lk\u00fcli sport szett, leggings \u00e9s hossz\u00fa ujj\u00fa fels\u0151r\u00e9sz fitneszhez. Ez a nagyon mutat\u00f3s modell bord\u00e1s anyagb\u00f3l k\u00e9sz\u00fclt, \u00e9s gy\u00f6ny\u00f6r\u0171en \u00e1ll minden alkaton. A m\u00e9lyen dekolt\u00e1lt fels\u0151r\u00e9sz alkalmas a hidegebb \u0151szi\/t\u00e9li napokhoz, im\u00e1dni fogja a puhas\u00e1g\u00e1t, melegs\u00e9get \u00e9s azt, ahogyan simogatja a test\u00e9t. A leggings s\u0171r\u0171n sz\u0151tt \u00e9s rugalmas anyag\u00fa, sz\u00e9les der\u00e9ksz\u00edjjal \u00e9s az \u00e1ltalunk nagyon kedvelt kiemel\u0151 \u00e9s form\u00e1l\u00f3 Peach Pump hat\u00e1ssal rendelkezik. Sz\u00ednek sokas\u00e1ga.<\/p>\n<p>A fels\u0151r\u0151l:<\/p>\n<ul>\n<li>Bord\u00e1s k\u00f6t\u00e9s\u0171 anyag<\/li>\n<li>H\u0151pr\u00e9ssel r\u00f6gz\u00edtett Peach Pump log\u00f3 a v\u00e1llr\u00e9szen<\/li>\n<li>Nagy rugalmass\u00e1g<\/li>\n<li> Varr\u00e1s n\u00e9lk\u00fcli, bord\u00e1s k\u00f6t\u00e9s\u0171 anyag<\/li>\n<\/ul>\n<p>Mellb\u0151s\u00e9g: S: 85-90cm \/ M: 90-95cm \/ L: 95-100cm<\/p>\n<p>A leggingsr\u0151l:<\/p>\n<ul>\n<li> Kiemeli, form\u00e1lja, el\u0171nteti a probl\u00e9m\u00e1s r\u00e9szeket<\/li>\n<li> S\u0171r\u0171bb sz\u00f6v\u00e9s\u0171<\/li>\n<li> Der\u00e9kra simul\u00f3 bord\u00e1s k\u00f6t\u00e9s\u0171 der\u00e9ksz\u00edj<\/li>\n<li> Peachy hat\u00e1s<\/li>\n<li> Varr\u00e1smentes el\u00fcls\u0151 r\u00e9sz<\/li>\n<li> H\u0151pr\u00e9ssel r\u00f6gz\u00edtett Peach Pump log\u00f3 a leggings h\u00e1toldal\u00e1n<\/li>\n<li> Kiemelked\u0151 izzads\u00e1gelvezet\u0151 tulajdons\u00e1gokkal rendelkez\u0151 anyag<\/li>\n<li> K\u00fcl\u00f6nleges diz\u00e1jn<\/li>\n<li> Magas\u00edtott der\u00e9kr\u00e9sz<\/li>\n<\/ul>\n<p>Anyag\u00f6sszet\u00e9tel: 80% poli\u00e9szter, 20% elaszt\u00e1n<\/p>\n<p>K\u00e9rj\u00fck, haszn\u00e1lja a m\u00e9rett\u00e1bl\u00e1zatokat a leggings pontos m\u00e9ret\u00e9nek kiv\u00e1laszt\u00e1s\u00e1hoz.<\/p>\n<p>A k\u00e9pen l\u00e1that\u00f3 modell 169 cm magas, 52 kg s\u00faly\u00fa, \u00e9s M-es m\u00e9ret\u0171 legingsszet, ill. fels\u0151t visel.<\/p>\n<p>A leggings, illetve a fels\u0151r\u00e9sz k\u00edm\u00e9l\u0151 mos\u00e1ssal, legfeljebb 30 fokon moshat\u00f3. K\u00e9rj\u00fck, a tiszt\u00edt\u00e1s sor\u00e1n ne haszn\u00e1ljon feh\u00e9r\u00edt\u0151t vagy vegyi tiszt\u00edt\u00f3szereket.<\/p>\n","protected":false},"excerpt":{"rendered":"<p>S\u00f6t\u00e9tk\u00e9k, varr\u00e1s n\u00e9lk\u00fcli sport szett, leggings \u00e9s hossz\u00fa ujj\u00fa fels\u0151r\u00e9sz fitneszhez. Ez a nagyon mutat\u00f3s modell bord\u00e1s anyagb\u00f3l k\u00e9sz\u00fclt, \u00e9s gy\u00f6ny\u00f6r\u0171en \u00e1ll minden alkaton. A m\u00e9lyen dekolt\u00e1lt fels\u0151r\u00e9sz alkalmas a hidegebb \u0151szi\/t\u00e9li napokhoz, im\u00e1dni fogja a puhas\u00e1g\u00e1t, melegs\u00e9get \u00e9s azt, ahogyan simogatja a test\u00e9t. A leggings s\u0171r\u0171n sz\u0151tt \u00e9s rugalmas anyag\u00fa, sz\u00e9les der\u00e9ksz\u00edjjal \u00e9s az [&hellip;]<\/p>\n","protected":false},"featured_media":54748,"comment_status":"open","ping_status":"closed","template":"","meta":[],"product_brand":[],"product_cat":[357,359],"product_tag":[],"class_list":{"0":"post-65819","1":"product","2":"type-product","3":"status-publish","4":"has-post-thumbnail","6":"product_cat-noi-sportruhazat","7":"product_cat-szett-leggings-s-portmelltart","8":"pa_cviat-sotetkek","9":"inventories-world","10":"inventories-uk","12":"first","13":"instock","14":"virtual","15":"taxable","16":"purchasable","17":"product-type-yith_bundle"},"_links":{"self":[{"href":"https:\/\/staging5.peach-pump.com\/hu\/wp-json\/wp\/v2\/product\/65819","targetHints":{"allow":["GET"]}}],"collection":[{"href":"https:\/\/staging5.peach-pump.com\/hu\/wp-json\/wp\/v2\/product"}],"about":[{"href":"https:\/\/staging5.peach-pump.com\/hu\/wp-json\/wp\/v2\/types\/product"}],"replies":[{"embeddable":true,"href":"https:\/\/staging5.peach-pump.com\/hu\/wp-json\/wp\/v2\/comments?post=65819"}],"version-history":[{"count":0,"href":"https:\/\/staging5.peach-pump.com\/hu\/wp-json\/wp\/v2\/product\/65819\/revisions"}],"wp:featuredmedia":[{"embeddable":true,"href":"https:\/\/staging5.peach-pump.com\/hu\/wp-json\/wp\/v2\/media\/54748"}],"wp:attachment":[{"href":"https:\/\/staging5.peach-pump.com\/hu\/wp-json\/wp\/v2\/media?parent=65819"}],"wp:term":[{"taxonomy":"product_brand","embeddable":true,"href":"https:\/\/staging5.peach-pump.com\/hu\/wp-json\/wp\/v2\/product_brand?post=65819"},{"taxonomy":"product_cat","embeddable":true,"href":"https:\/\/staging5.peach-pump.com\/hu\/wp-json\/wp\/v2\/product_cat?post=65819"},{"taxonomy":"product_tag","embeddable":true,"href":"https:\/\/staging5.peach-pump.com\/hu\/wp-json\/wp\/v2\/product_tag?post=65819"}],"curies":[{"name":"wp","href":"https:\/\/api.w.org\/{rel}","templated":true}]}}