{"id":64854,"date":"2023-05-20T18:41:53","date_gmt":"2023-05-20T16:41:53","guid":{"rendered":"https:\/\/staging5.peach-pump.com\/products\/bezs-szinu-ketreszes-szett-trapez-szaru-leggings-es-sportmelltarto\/"},"modified":"2025-06-25T12:45:08","modified_gmt":"2025-06-25T10:45:08","slug":"bezs-szinu-ketreszes-szett-trapez-szaru-leggings-es-sportmelltarto","status":"publish","type":"product","link":"https:\/\/staging5.peach-pump.com\/hu\/products\/bezs-szinu-ketreszes-szett-trapez-szaru-leggings-es-sportmelltarto\/","title":{"rendered":"B\u00e9zs sz\u00edn\u0171 k\u00e9tr\u00e9szes szett, trap\u00e9z sz\u00e1r\u00fa leggings \u00e9s sportmelltart\u00f3"},"content":{"rendered":"<p>B\u00e9zs sz\u00edn\u0171 szett, varr\u00e1s n\u00e9lk\u00fcli el\u00fcls\u0151 r\u00e9szen, trap\u00e9z sz\u00e1r\u00fa leggingsszel, amely form\u00e1lja az alakot \u00e9s karcs\u00fav\u00e1 var\u00e1zsolja a sziluettet, meghosszabb\u00edtja a l\u00e1bakat \u00e9s form\u00e1lja a cs\u00edp\u0151t. Nagyon divatos \u00e9s mutat\u00f3s ebben a szezonban. Kieg\u00e9sz\u00edthet\u0151 egy ugyanolyan sz\u00edn\u0171 sportmelltart\u00f3val. K\u00e9t lehet\u0151s\u00e9g k\u00f6z\u00fcl v\u00e1laszthat egy v\u00e1llp\u00e1nttal vagy h\u00e1tul \u00e1ll\u00edthat\u00f3 megk\u00f6t\u0151vel. B\u00e1rmelyik modellt is v\u00e1lasztja, nem marad \u00e9szrev\u00e9tlen. A sport szett finom bord\u00e1s anyagb\u00f3l k\u00e9sz\u00fclt, nagyon rugalmas \u00e9s l\u00e9g\u00e1tereszt\u0151, nem izzad benne a sportol\u00f3. Ezzel a modellel a teljes mozg\u00e1sszabads\u00e1got \u00e9lvezheti sportol\u00e1s k\u00f6zben. Bustier:  <\/p>\n<ul>\n<li>Bord\u00e1s anyag<\/li>\n<li>H\u0151pr\u00e9ssel r\u00f6gz\u00edtett Peach Pump log\u00f3 a sportmellt\u00e1rt\u00f3 oldal\u00e1n<\/li>\n<li>Nagy rugalmass\u00e1g<\/li>\n<li>Varr\u00e1s n\u00e9lk\u00fcli, bord\u00e1s sz\u0151v\u00e9s\u0171 anyag<\/li>\n<li>Kivehet\u0151 p\u00e1rn\u00e1k<\/li>\n<li>Egy v\u00e1llp\u00e1nt<\/li>\n<li>H\u00e1tul gumirozott dupla p\u00e1ntos<\/li>\n<\/ul>\n<p>  Cline:  <\/p>\n<ul>\n<li>Felsliccelt szeg\u00e9ly\u0171, trap\u00e9z sz\u00e1r<\/li>\n<li>Varr\u00e1s n\u00e9lk\u00fcli el\u00fcls\u0151 r\u00e9sz<\/li>\n<li>Form\u00e1lja \u00e9s elrejti a probl\u00e9m\u00e1s r\u00e9szeket<\/li>\n<li>Rugalmas anyag<\/li>\n<li>Peachy hat\u00e1s n\u00e9lk\u00fcl<\/li>\n<li>H\u0151pr\u00e9ssel r\u00f6gz\u00edtett Peach Pump log\u00f3 a leggings h\u00e1toldal\u00e1n<\/li>\n<li>Kiemelked\u0151 izzads\u00e1gelvezet\u0151 tulajdons\u00e1gokkal rendelkez\u0151 anyag<\/li>\n<li>K\u00fcl\u00f6nleges diz\u00e1jn<\/li>\n<li>Magas\u00edtott der\u00e9kr\u00e9sz<\/li>\n<\/ul>\n<p>  \u00d6sszet\u00e9tel: 80% poli\u00e9szter 20% spandex A k\u00e9pen l\u00e1that\u00f3 modell 178cm magas, 54kg s\u00faly\u00fa \u00e9s M-es m\u00e9retben p\u00f3zol Bustier \u00e9s \u00e9k Az \u00e9kek \u00e9s a bustier legfeljebb 30 fokon moshat\u00f3, k\u00e9rj\u00fck, ne feh\u00e9r\u00edtse vagy tiszt\u00edtsa sz\u00e1raz tiszt\u00edt\u00e1ssal.<\/p>\n","protected":false},"excerpt":{"rendered":"<p>B\u00e9zs sz\u00edn\u0171 szett, varr\u00e1s n\u00e9lk\u00fcli el\u00fcls\u0151 r\u00e9szen, trap\u00e9z sz\u00e1r\u00fa leggingsszel, amely form\u00e1lja az alakot \u00e9s karcs\u00fav\u00e1 var\u00e1zsolja a sziluettet, meghosszabb\u00edtja a l\u00e1bakat \u00e9s form\u00e1lja a cs\u00edp\u0151t. Nagyon divatos \u00e9s mutat\u00f3s ebben a szezonban. Kieg\u00e9sz\u00edthet\u0151 egy ugyanolyan sz\u00edn\u0171 sportmelltart\u00f3val. K\u00e9t lehet\u0151s\u00e9g k\u00f6z\u00fcl v\u00e1laszthat egy v\u00e1llp\u00e1nttal vagy h\u00e1tul \u00e1ll\u00edthat\u00f3 megk\u00f6t\u0151vel. B\u00e1rmelyik modellt is v\u00e1lasztja, nem marad \u00e9szrev\u00e9tlen. [&hellip;]<\/p>\n","protected":false},"featured_media":39295,"comment_status":"open","ping_status":"closed","template":"","meta":[],"product_brand":[],"product_cat":[357,359],"product_tag":[],"class_list":{"0":"post-64854","1":"product","2":"type-product","3":"status-publish","4":"has-post-thumbnail","6":"product_cat-noi-sportruhazat","7":"product_cat-szett-leggings-s-portmelltart","8":"pa_cviat-bezs","9":"pa_razmer-m-hu","10":"pa_razmer-s-hu-2","11":"inventories-world","12":"inventories-uk","14":"first","15":"instock","16":"sale","17":"virtual","18":"taxable","19":"purchasable","20":"product-type-yith_bundle"},"_links":{"self":[{"href":"https:\/\/staging5.peach-pump.com\/hu\/wp-json\/wp\/v2\/product\/64854","targetHints":{"allow":["GET"]}}],"collection":[{"href":"https:\/\/staging5.peach-pump.com\/hu\/wp-json\/wp\/v2\/product"}],"about":[{"href":"https:\/\/staging5.peach-pump.com\/hu\/wp-json\/wp\/v2\/types\/product"}],"replies":[{"embeddable":true,"href":"https:\/\/staging5.peach-pump.com\/hu\/wp-json\/wp\/v2\/comments?post=64854"}],"version-history":[{"count":0,"href":"https:\/\/staging5.peach-pump.com\/hu\/wp-json\/wp\/v2\/product\/64854\/revisions"}],"wp:featuredmedia":[{"embeddable":true,"href":"https:\/\/staging5.peach-pump.com\/hu\/wp-json\/wp\/v2\/media\/39295"}],"wp:attachment":[{"href":"https:\/\/staging5.peach-pump.com\/hu\/wp-json\/wp\/v2\/media?parent=64854"}],"wp:term":[{"taxonomy":"product_brand","embeddable":true,"href":"https:\/\/staging5.peach-pump.com\/hu\/wp-json\/wp\/v2\/product_brand?post=64854"},{"taxonomy":"product_cat","embeddable":true,"href":"https:\/\/staging5.peach-pump.com\/hu\/wp-json\/wp\/v2\/product_cat?post=64854"},{"taxonomy":"product_tag","embeddable":true,"href":"https:\/\/staging5.peach-pump.com\/hu\/wp-json\/wp\/v2\/product_tag?post=64854"}],"curies":[{"name":"wp","href":"https:\/\/api.w.org\/{rel}","templated":true}]}}