{"id":64080,"date":"2023-05-20T22:33:59","date_gmt":"2023-05-20T20:33:59","guid":{"rendered":"https:\/\/staging5.peach-pump.com\/products\/egypantos-sportmelltarto-bezs-szinben\/"},"modified":"2025-07-30T03:50:30","modified_gmt":"2025-07-30T01:50:30","slug":"egypantos-sportmelltarto-bezs-szinben","status":"publish","type":"product","link":"https:\/\/staging5.peach-pump.com\/hu\/products\/egypantos-sportmelltarto-bezs-szinben\/","title":{"rendered":"Egyp\u00e1ntos sportmelltart\u00f3, b\u00e9zs sz\u00ednben"},"content":{"rendered":"<p>B\u00e9zs sz\u00edn\u0171 sportmelltart\u00f3 Ez az egyp\u00e1ntos modell finom bord\u00e1s anyagb\u00f3l k\u00e9sz\u00fclt, kivehet\u0151 p\u00e1rn\u00e1kkal A sportmelltart\u00f3 anyaga l\u00e9g\u00e1tereszt\u0151 \u00e9s elvezeti a nedvess\u00e9get a testt\u0151l. P\u00e1ros\u00edthat\u00f3 azonos sz\u00edn\u0171 \u00e9s anyag\u00fa leggingsszel, megtekinthet\u0151 a &#8220;Sport szettek leggingsszel&#8221; men\u00fcpont alatt.<\/p>\n<ul>\n<li>Bord\u00e1s anyag<\/li>\n<li>H\u0151pr\u00e9ssel r\u00f6gz\u00edtett Peach Pump log\u00f3 a sportmellt\u00e1rt\u00f3 oldal\u00e1n<\/li>\n<li>Nagy rugalmass\u00e1g<\/li>\n<li>Varr\u00e1smentes bord\u00e1s anyag<\/li>\n<li>Kivehet\u0151 p\u00e1rn\u00e1k<\/li>\n<li>Egyp\u00e1ntos<\/li>\n<li>Dupla gumir\u00e9sz h\u00e1tul<\/li>\n<\/ul>\n<p>Anyag\u00f6sszet\u00e9tel: 80% poli\u00e9szter, 20% elaszt\u00e1n.<\/p>\n<p>A k\u00e9pen l\u00e1that\u00f3 modell 178 cm magas, 54 kg s\u00faly\u00fa \u00e9s M-es m\u00e9retben p\u00f3zol.<\/p>\n<p>A sportmellt\u00e1rt\u00f3 k\u00edm\u00e9l\u0151 mos\u00e1ssal, legfeljebb 30 fokon moshat\u00f3. K\u00e9rj\u00fck, a tiszt\u00edt\u00e1s sor\u00e1n ne haszn\u00e1ljon feh\u00e9r\u00edt\u0151t vagy vegyi tiszt\u00edt\u00f3szereket.<\/p>\n","protected":false},"excerpt":{"rendered":"<p>B\u00e9zs sz\u00edn\u0171 sportmelltart\u00f3 Ez az egyp\u00e1ntos modell finom bord\u00e1s anyagb\u00f3l k\u00e9sz\u00fclt, kivehet\u0151 p\u00e1rn\u00e1kkal A sportmelltart\u00f3 anyaga l\u00e9g\u00e1tereszt\u0151 \u00e9s elvezeti a nedvess\u00e9get a testt\u0151l. P\u00e1ros\u00edthat\u00f3 azonos sz\u00edn\u0171 \u00e9s anyag\u00fa leggingsszel, megtekinthet\u0151 a &#8220;Sport szettek leggingsszel&#8221; men\u00fcpont alatt. Bord\u00e1s anyag H\u0151pr\u00e9ssel r\u00f6gz\u00edtett Peach Pump log\u00f3 a sportmellt\u00e1rt\u00f3 oldal\u00e1n Nagy rugalmass\u00e1g Varr\u00e1smentes bord\u00e1s anyag Kivehet\u0151 p\u00e1rn\u00e1k Egyp\u00e1ntos Dupla [&hellip;]<\/p>\n","protected":false},"featured_media":39714,"comment_status":"open","ping_status":"closed","template":"","meta":[],"product_brand":[],"product_cat":[356],"product_tag":[],"class_list":{"0":"post-64080","1":"product","2":"type-product","3":"status-publish","4":"has-post-thumbnail","6":"product_cat-sportmelltartok-fitneszhez","7":"pa_cviat-bezs","8":"pa_razmer-l-hu-2","9":"pa_razmer-m-hu","10":"pa_razmer-s-hu-2","11":"inventories-world","12":"inventories-uk","14":"first","15":"instock","16":"sale","17":"taxable","18":"shipping-taxable","19":"purchasable","20":"product-type-variable"},"_links":{"self":[{"href":"https:\/\/staging5.peach-pump.com\/hu\/wp-json\/wp\/v2\/product\/64080","targetHints":{"allow":["GET"]}}],"collection":[{"href":"https:\/\/staging5.peach-pump.com\/hu\/wp-json\/wp\/v2\/product"}],"about":[{"href":"https:\/\/staging5.peach-pump.com\/hu\/wp-json\/wp\/v2\/types\/product"}],"replies":[{"embeddable":true,"href":"https:\/\/staging5.peach-pump.com\/hu\/wp-json\/wp\/v2\/comments?post=64080"}],"version-history":[{"count":0,"href":"https:\/\/staging5.peach-pump.com\/hu\/wp-json\/wp\/v2\/product\/64080\/revisions"}],"wp:featuredmedia":[{"embeddable":true,"href":"https:\/\/staging5.peach-pump.com\/hu\/wp-json\/wp\/v2\/media\/39714"}],"wp:attachment":[{"href":"https:\/\/staging5.peach-pump.com\/hu\/wp-json\/wp\/v2\/media?parent=64080"}],"wp:term":[{"taxonomy":"product_brand","embeddable":true,"href":"https:\/\/staging5.peach-pump.com\/hu\/wp-json\/wp\/v2\/product_brand?post=64080"},{"taxonomy":"product_cat","embeddable":true,"href":"https:\/\/staging5.peach-pump.com\/hu\/wp-json\/wp\/v2\/product_cat?post=64080"},{"taxonomy":"product_tag","embeddable":true,"href":"https:\/\/staging5.peach-pump.com\/hu\/wp-json\/wp\/v2\/product_tag?post=64080"}],"curies":[{"name":"wp","href":"https:\/\/api.w.org\/{rel}","templated":true}]}}