{"id":63867,"date":"2022-12-07T12:52:52","date_gmt":"2022-12-07T10:52:52","guid":{"rendered":"https:\/\/staging5.peach-pump.com\/products\/formalo-szoros-leggings-fekete-szinben\/"},"modified":"2025-12-07T10:24:48","modified_gmt":"2025-12-07T08:24:48","slug":"formalo-szoros-leggings-fekete-szinben","status":"publish","type":"product","link":"https:\/\/staging5.peach-pump.com\/hu\/products\/formalo-szoros-leggings-fekete-szinben\/","title":{"rendered":"Form\u00e1l\u00f3 szoros leggings fekete sz\u00ednben"},"content":{"rendered":"<p>Fekete varr\u00e1s n\u00e9lk\u00fcli leggings szoros, l\u00e9g\u00e1tereszt\u0151 anyagb\u00f3l. A modell bord\u00e1s k\u00f6t\u00e9s\u0171 anyagb\u00f3l k\u00e9sz\u00fclt magas\u00edtott der\u00e9kkal, szorosabb, t\u00f6k\u00e9letes a hidegebb \u0151szi \u00e9s t\u00e9li napokra. A leggings sz\u00e9les der\u00e9ksz\u00edjajal rendelkezik, amellyel t\u00f6k\u00e9letesen k\u00f6rbe\u00f6leli a derek\u00e1t, form\u00e1l\u00f3 \u00e9s kiemel\u0151 a m\u00e1rk\u00e1nk \u00e1ltal oly kedvelt hat\u00e1st. Beleszereti ebbe a leggingsbe, a puhas\u00e1g\u00e1ba, a melegs\u00e9g\u00e9be \u00e9s abba, ahogyan form\u00e1lja az alakj\u00e1t. A modell p\u00e1ros\u00edthat\u00f3 azonos sz\u00edn\u0171 bl\u00fazzal vagy melltart\u00f3val, n\u00e9zze meg javaslatainkat .  <\/p>\n<ul>\n<li> Magas\u00edtott der\u00e9kr\u00e9sz<\/li>\n<li> Varr\u00e1s n\u00e9lk\u00fcli, bord\u00e1s k\u00f6t\u00e9s\u0171 anyag<\/li>\n<li> Kiemeli, form\u00e1lja, elrejti a probl\u00e9m\u00e1s r\u00e9szeket<\/li>\n<li> Szoros anyag<\/li>\n<li> Der\u00e9kra simul\u00f3 bord\u00e1s k\u00f6t\u00e9s\u0171 der\u00e9ksz\u00edj<\/li>\n<li> Peachy hat\u00e1s<\/li>\n<li> Varr\u00e1smentes el\u00fcls\u0151 r\u00e9sz<\/li>\n<li> H\u0151pr\u00e9ssel r\u00f6gz\u00edtett Peach Pump log\u00f3 a leggings h\u00e1toldal\u00e1n<\/li>\n<li> Kiemelked\u0151 izzads\u00e1gelvezet\u0151 tulajdons\u00e1gokkal rendelkez\u0151 anyag<\/li>\n<\/ul>\n<p> Anyag\u00f6sszet\u00e9tel: 80% poli\u00e9szter, 20% elaszt\u00e1n. A leggings k\u00edm\u00e9l\u0151 mos\u00e1ssal, legfeljebb 30 fokon moshat\u00f3. K\u00e9rj\u00fck, a tiszt\u00edt\u00e1s sor\u00e1n ne haszn\u00e1ljon feh\u00e9r\u00edt\u0151t vagy vegyi tiszt\u00edt\u00f3szereket. A k\u00e9pen l\u00e1that\u00f3 modell 178 cm magas, 54 kg s\u00faly\u00fa \u00e9s S m\u00e9retben p\u00f3zol. K\u00e9rj\u00fck, a pontos m\u00e9ret kiv\u00e1laszt\u00e1s\u00e1hoz haszn\u00e1lja a m\u00e9rett\u00e1bl\u00e1zatot.<\/p>\n","protected":false},"excerpt":{"rendered":"<p>Fekete varr\u00e1s n\u00e9lk\u00fcli leggings szoros, l\u00e9g\u00e1tereszt\u0151 anyagb\u00f3l. A modell bord\u00e1s k\u00f6t\u00e9s\u0171 anyagb\u00f3l k\u00e9sz\u00fclt magas\u00edtott der\u00e9kkal, szorosabb, t\u00f6k\u00e9letes a hidegebb \u0151szi \u00e9s t\u00e9li napokra. A leggings sz\u00e9les der\u00e9ksz\u00edjajal rendelkezik, amellyel t\u00f6k\u00e9letesen k\u00f6rbe\u00f6leli a derek\u00e1t, form\u00e1l\u00f3 \u00e9s kiemel\u0151 a m\u00e1rk\u00e1nk \u00e1ltal oly kedvelt hat\u00e1st. Beleszereti ebbe a leggingsbe, a puhas\u00e1g\u00e1ba, a melegs\u00e9g\u00e9be \u00e9s abba, ahogyan form\u00e1lja az [&hellip;]<\/p>\n","protected":false},"featured_media":24446,"comment_status":"open","ping_status":"closed","template":"","meta":[],"product_brand":[],"product_cat":[142,304],"product_tag":[],"class_list":{"0":"post-63867","1":"product","2":"type-product","3":"status-publish","4":"has-post-thumbnail","6":"product_cat-noi-sport-leggings-fitnesz","7":"product_cat-noi-leggings-hosszu","8":"pa_cviat-fekete","9":"pa_razmer-l-hu-2","10":"pa_razmer-m-hu","11":"pa_razmer-s-hu-2","12":"inventories-world","13":"inventories-uk","15":"first","16":"instock","17":"taxable","18":"shipping-taxable","19":"purchasable","20":"product-type-variable"},"_links":{"self":[{"href":"https:\/\/staging5.peach-pump.com\/hu\/wp-json\/wp\/v2\/product\/63867","targetHints":{"allow":["GET"]}}],"collection":[{"href":"https:\/\/staging5.peach-pump.com\/hu\/wp-json\/wp\/v2\/product"}],"about":[{"href":"https:\/\/staging5.peach-pump.com\/hu\/wp-json\/wp\/v2\/types\/product"}],"replies":[{"embeddable":true,"href":"https:\/\/staging5.peach-pump.com\/hu\/wp-json\/wp\/v2\/comments?post=63867"}],"version-history":[{"count":0,"href":"https:\/\/staging5.peach-pump.com\/hu\/wp-json\/wp\/v2\/product\/63867\/revisions"}],"wp:featuredmedia":[{"embeddable":true,"href":"https:\/\/staging5.peach-pump.com\/hu\/wp-json\/wp\/v2\/media\/24446"}],"wp:attachment":[{"href":"https:\/\/staging5.peach-pump.com\/hu\/wp-json\/wp\/v2\/media?parent=63867"}],"wp:term":[{"taxonomy":"product_brand","embeddable":true,"href":"https:\/\/staging5.peach-pump.com\/hu\/wp-json\/wp\/v2\/product_brand?post=63867"},{"taxonomy":"product_cat","embeddable":true,"href":"https:\/\/staging5.peach-pump.com\/hu\/wp-json\/wp\/v2\/product_cat?post=63867"},{"taxonomy":"product_tag","embeddable":true,"href":"https:\/\/staging5.peach-pump.com\/hu\/wp-json\/wp\/v2\/product_tag?post=63867"}],"curies":[{"name":"wp","href":"https:\/\/api.w.org\/{rel}","templated":true}]}}