{"id":61456,"date":"2022-07-06T19:42:07","date_gmt":"2022-07-06T17:42:07","guid":{"rendered":"https:\/\/staging5.peach-pump.com\/products\/kek-varras-nelkuli-leggings-alakformalo-hatassal-es-hosszanti-hasitekkal\/"},"modified":"2025-07-31T07:59:42","modified_gmt":"2025-07-31T05:59:42","slug":"kek-varras-nelkuli-leggings-alakformalo-hatassal-es-hosszanti-hasitekkal","status":"publish","type":"product","link":"https:\/\/staging5.peach-pump.com\/hu\/products\/kek-varras-nelkuli-leggings-alakformalo-hatassal-es-hosszanti-hasitekkal\/","title":{"rendered":"K\u00e9k varr\u00e1smentes leggings, alakform\u00e1l\u00f3 hat\u00e1s, teljes hossz\u00e1ban has\u00edtott"},"content":{"rendered":"<p>Babak\u00e9k varr\u00e1smentes leggings, amely t\u00f6k\u00e9letesen form\u00e1lja az alakot. Az \u00e9k l\u00e9legz\u0151 anyagb\u00f3l k\u00e9sz\u00fclt, oldal\u00e1n kiv\u00e1gott elemekkel, sz\u00e9les bord\u00e1s k\u00f6t\u00e9s\u0171 der\u00e9ksz\u00edjjal \u00e9s Peach Pump hat\u00e1ssal rendelkezik. Ezzel a modellel magabiztosnak \u00e9s szexinek fogja \u00e9rezni mag\u00e1t. Az \u00e9k szorosabb anyagb\u00f3l k\u00e9sz\u00fclt.  <\/p>\n<ul>\n<li>Magas\u00edtott der\u00e9kr\u00e9sz<\/li>\n<li>Varr\u00e1smentes anyag<\/li>\n<li>Kiemeli, form\u00e1lja, elrejti a probl\u00e9m\u00e1s r\u00e9szeket<\/li>\n<li>Der\u00e9kra simul\u00f3 bord\u00e1s k\u00f6t\u00e9s\u0171 der\u00e9ksz\u00edj<\/li>\n<li>Peachy hat\u00e1s<\/li>\n<li>Varr\u00e1s n\u00e9lk\u00fcli el\u00fcls\u0151 r\u00e9sz<\/li>\n<li>H\u0151pr\u00e9ssel r\u00f6gz\u00edtett Peach Pump log\u00f3 a leggings h\u00e1toldal\u00e1n<\/li>\n<li>Kiemelked\u0151 izzads\u00e1gelvezet\u0151 tulajdons\u00e1gokkal rendelkez\u0151 anyag<\/li>\n<\/ul>\n<p>  \u00d6sszet\u00e9tel: 80% poli\u00e9szter 20% spandex Az \u00e9k legfeljebb 30 fokon moshat\u00f3, k\u00e9rj\u00fck, ne feh\u00e9r\u00edtse vagy tiszt\u00edtsa sz\u00e1raz tiszt\u00edt\u00e1ssal. A k\u00e9pen l\u00e1that\u00f3 modell 178 cm magas, 54 kg s\u00faly\u00fa \u00e9s M-es m\u00e9retben p\u00f3zol (A leggings feszesebb anyagb\u00f3l k\u00e9sz\u00fclt). A pontos m\u00e9ret kiv\u00e1laszt\u00e1s\u00e1hoz, k\u00e9rj\u00fck haszn\u00e1lja a m\u00e9rett\u00e1bl\u00e1zatokat.<\/p>\n","protected":false},"excerpt":{"rendered":"<p>Babak\u00e9k varr\u00e1smentes leggings, amely t\u00f6k\u00e9letesen form\u00e1lja az alakot. Az \u00e9k l\u00e9legz\u0151 anyagb\u00f3l k\u00e9sz\u00fclt, oldal\u00e1n kiv\u00e1gott elemekkel, sz\u00e9les bord\u00e1s k\u00f6t\u00e9s\u0171 der\u00e9ksz\u00edjjal \u00e9s Peach Pump hat\u00e1ssal rendelkezik. Ezzel a modellel magabiztosnak \u00e9s szexinek fogja \u00e9rezni mag\u00e1t. Az \u00e9k szorosabb anyagb\u00f3l k\u00e9sz\u00fclt. Magas\u00edtott der\u00e9kr\u00e9sz Varr\u00e1smentes anyag Kiemeli, form\u00e1lja, elrejti a probl\u00e9m\u00e1s r\u00e9szeket Der\u00e9kra simul\u00f3 bord\u00e1s k\u00f6t\u00e9s\u0171 der\u00e9ksz\u00edj Peachy [&hellip;]<\/p>\n","protected":false},"featured_media":38221,"comment_status":"open","ping_status":"closed","template":"","meta":[],"product_brand":[],"product_cat":[142,304],"product_tag":[],"class_list":{"0":"post-61456","1":"product","2":"type-product","3":"status-publish","4":"has-post-thumbnail","6":"product_cat-noi-sport-leggings-fitnesz","7":"product_cat-noi-leggings-hosszu","8":"pa_cviat-kek","9":"pa_razmer-l-hu-2","10":"pa_razmer-m-hu","11":"pa_razmer-s-hu-2","12":"inventories-world","14":"first","15":"instock","16":"sale","17":"taxable","18":"shipping-taxable","19":"purchasable","20":"product-type-variable"},"_links":{"self":[{"href":"https:\/\/staging5.peach-pump.com\/hu\/wp-json\/wp\/v2\/product\/61456","targetHints":{"allow":["GET"]}}],"collection":[{"href":"https:\/\/staging5.peach-pump.com\/hu\/wp-json\/wp\/v2\/product"}],"about":[{"href":"https:\/\/staging5.peach-pump.com\/hu\/wp-json\/wp\/v2\/types\/product"}],"replies":[{"embeddable":true,"href":"https:\/\/staging5.peach-pump.com\/hu\/wp-json\/wp\/v2\/comments?post=61456"}],"version-history":[{"count":0,"href":"https:\/\/staging5.peach-pump.com\/hu\/wp-json\/wp\/v2\/product\/61456\/revisions"}],"wp:featuredmedia":[{"embeddable":true,"href":"https:\/\/staging5.peach-pump.com\/hu\/wp-json\/wp\/v2\/media\/38221"}],"wp:attachment":[{"href":"https:\/\/staging5.peach-pump.com\/hu\/wp-json\/wp\/v2\/media?parent=61456"}],"wp:term":[{"taxonomy":"product_brand","embeddable":true,"href":"https:\/\/staging5.peach-pump.com\/hu\/wp-json\/wp\/v2\/product_brand?post=61456"},{"taxonomy":"product_cat","embeddable":true,"href":"https:\/\/staging5.peach-pump.com\/hu\/wp-json\/wp\/v2\/product_cat?post=61456"},{"taxonomy":"product_tag","embeddable":true,"href":"https:\/\/staging5.peach-pump.com\/hu\/wp-json\/wp\/v2\/product_tag?post=61456"}],"curies":[{"name":"wp","href":"https:\/\/api.w.org\/{rel}","templated":true}]}}