{"id":60929,"date":"2022-06-19T09:01:06","date_gmt":"2022-06-19T07:01:06","guid":{"rendered":"https:\/\/staging5.peach-pump.com\/products\/rovid-feher-bordas-leggings-fitneszhez-es-futashoz\/"},"modified":"2025-07-31T10:14:06","modified_gmt":"2025-07-31T08:14:06","slug":"rovid-feher-bordas-leggings-fitneszhez-es-futashoz","status":"publish","type":"product","link":"https:\/\/staging5.peach-pump.com\/hu\/products\/rovid-feher-bordas-leggings-fitneszhez-es-futashoz\/","title":{"rendered":"R\u00f6vid feh\u00e9r bord\u00e1s leggings fitneszhez \u00e9s fut\u00e1shoz"},"content":{"rendered":"<p>R\u00f6vid feh\u00e9r bord\u00e1s leggings fitnesshez \u00e9s m\u00e1s sportokhoz. A leggings kiv\u00e1gott fazon\u00fa, t\u00f6m\u00f6rebb nem \u00e1tl\u00e1tszo anyag\u00fa \u00e9s nagyon sz\u00e9pen \u00e1ll. A modell magas der\u00e9kr\u00e9sszel rendelkezik, \u00e9s p\u00e1ros\u00edthat\u00f3 feh\u00e9r bl\u00fazzal vagy egy p\u00e1ntos melltart\u00f3val, amelyek ugyanabb\u00f3l az anyagb\u00f3l k\u00e9sz\u00fcltek, ezeket a bl\u00fazok \u00e9s melltart\u00f3k kateg\u00f3riaban l\u00e1thatja oldalunkon.<\/p>\n<ul>\n<li>Magas der\u00e9kr\u00e9sz<\/li>\n<li>Bord\u00e1s anyag<\/li>\n<li>Der\u00e9kra simul\u00f3 bord\u00e1s \u00f6v<\/li>\n<li>Varr\u00e1smentes el\u00f6l<\/li>\n<li>H\u0151pr\u00e9ssel r\u00f6gz\u00edtett Peach Pump log\u00f3 a leggings h\u00e1toldal\u00e1n<\/li>\n<\/ul>\n<p>Anyag\u00f6sszet\u00e9tel: 80% poli\u00e9szter, 20% elaszt\u00e1n<\/p>\n<p>A leggings k\u00edm\u00e9l\u0151 mos\u00e1ssal, legfeljebb 30 fokon moshat\u00f3. K\u00e9rj\u00fck, a tiszt\u00edt\u00e1s sor\u00e1n ne haszn\u00e1ljon feh\u00e9r\u00edt\u0151t vagy vegyi tiszt\u00edt\u00f3szereket.<\/p>\n<p>A k\u00e9pen l\u00e1that\u00f3 modell 178 cm magas, 54 kg s\u00faly\u00fa, \u00e9s S m\u00e9retben p\u00f3zol.<\/p>\n<p>A pontos m\u00e9ret kiv\u00e1laszt\u00e1s\u00e1hoz, k\u00e9rjuk haszn\u00e1lja a m\u00e9rett\u00e1bl\u00e1zatokat.<\/p>\n","protected":false},"excerpt":{"rendered":"<p>R\u00f6vid feh\u00e9r bord\u00e1s leggings fitnesshez \u00e9s m\u00e1s sportokhoz. A leggings kiv\u00e1gott fazon\u00fa, t\u00f6m\u00f6rebb nem \u00e1tl\u00e1tszo anyag\u00fa \u00e9s nagyon sz\u00e9pen \u00e1ll. A modell magas der\u00e9kr\u00e9sszel rendelkezik, \u00e9s p\u00e1ros\u00edthat\u00f3 feh\u00e9r bl\u00fazzal vagy egy p\u00e1ntos melltart\u00f3val, amelyek ugyanabb\u00f3l az anyagb\u00f3l k\u00e9sz\u00fcltek, ezeket a bl\u00fazok \u00e9s melltart\u00f3k kateg\u00f3riaban l\u00e1thatja oldalunkon. Magas der\u00e9kr\u00e9sz Bord\u00e1s anyag Der\u00e9kra simul\u00f3 bord\u00e1s \u00f6v Varr\u00e1smentes [&hellip;]<\/p>\n","protected":false},"featured_media":12938,"comment_status":"open","ping_status":"closed","template":"","meta":[],"product_brand":[],"product_cat":[142,200],"product_tag":[],"class_list":{"0":"post-60929","1":"product","2":"type-product","3":"status-publish","4":"has-post-thumbnail","6":"product_cat-noi-sport-leggings-fitnesz","7":"product_cat-rovid-noi-leggings","8":"pa_cviat-feher-hu","9":"pa_razmer-m-hu","10":"pa_razmer-s-hu-2","11":"inventories-world","13":"first","14":"instock","15":"sale","16":"taxable","17":"shipping-taxable","18":"purchasable","19":"product-type-variable"},"_links":{"self":[{"href":"https:\/\/staging5.peach-pump.com\/hu\/wp-json\/wp\/v2\/product\/60929","targetHints":{"allow":["GET"]}}],"collection":[{"href":"https:\/\/staging5.peach-pump.com\/hu\/wp-json\/wp\/v2\/product"}],"about":[{"href":"https:\/\/staging5.peach-pump.com\/hu\/wp-json\/wp\/v2\/types\/product"}],"replies":[{"embeddable":true,"href":"https:\/\/staging5.peach-pump.com\/hu\/wp-json\/wp\/v2\/comments?post=60929"}],"version-history":[{"count":0,"href":"https:\/\/staging5.peach-pump.com\/hu\/wp-json\/wp\/v2\/product\/60929\/revisions"}],"wp:featuredmedia":[{"embeddable":true,"href":"https:\/\/staging5.peach-pump.com\/hu\/wp-json\/wp\/v2\/media\/12938"}],"wp:attachment":[{"href":"https:\/\/staging5.peach-pump.com\/hu\/wp-json\/wp\/v2\/media?parent=60929"}],"wp:term":[{"taxonomy":"product_brand","embeddable":true,"href":"https:\/\/staging5.peach-pump.com\/hu\/wp-json\/wp\/v2\/product_brand?post=60929"},{"taxonomy":"product_cat","embeddable":true,"href":"https:\/\/staging5.peach-pump.com\/hu\/wp-json\/wp\/v2\/product_cat?post=60929"},{"taxonomy":"product_tag","embeddable":true,"href":"https:\/\/staging5.peach-pump.com\/hu\/wp-json\/wp\/v2\/product_tag?post=60929"}],"curies":[{"name":"wp","href":"https:\/\/api.w.org\/{rel}","templated":true}]}}