{"id":60757,"date":"2023-09-03T14:28:32","date_gmt":"2023-09-03T12:28:32","guid":{"rendered":"https:\/\/staging5.peach-pump.com\/products\/vilagoskek-varrasmentes-leggingsbol-es-bluzbol-allo-szett\/"},"modified":"2024-12-09T10:05:36","modified_gmt":"2024-12-09T08:05:36","slug":"vilagoskek-varrasmentes-szett-tomor-k","status":"publish","type":"product","link":"https:\/\/staging5.peach-pump.com\/hu\/products\/vilagoskek-varrasmentes-szett-tomor-k\/","title":{"rendered":"Vil\u00e1gosk\u00e9k varr\u00e1smentes leggingsb\u0151l \u00e9s bl\u00fazb\u00f3l \u00e1ll\u00f3 szett"},"content":{"rendered":"<p>Vil\u00e1gosk\u00e9k varr\u00e1smentes szett, t\u00f6m\u00f6r leggings \u00e9s hossz\u00faujj\u00fa torna p\u00f3l\u00f3. Ez az annyira m\u00fatatos modell ripsz anyagb\u00f3l k\u00e9sz\u00fclt, \u00e9s kiv\u00e1l\u00f3an illeszkedik a test form\u00e1j\u00e1hoz. A bl\u00faz nyakkiv\u00e1g\u00e1ssal rendelkezik, amely alkalmas a hidegebb \u0151szi\/t\u00e9li id\u0151j\u00e1r\u00e1si k\u00f6r\u00fclm\u00e9nyekhez, im\u00e1dni fogja a puhas\u00e1g\u00e1t \u00e9s azt, ahogyan simogatja a test\u00e9t. A leggings t\u00f6m\u00f6r, elasztikus anyagb\u00f3l k\u00e9sz\u00fclt, magas der\u00e9kr\u00e9sszel, kiemel\u0151 \u00e9s az annyira kedvenc alakform\u00e1l\u00f3 Peach Pump hat\u00e1ssal rendelkezik. Meg fog lep\u0151dni milyen puha \u00e9s meleg \u00e9s azon, ahogyan kiform\u00e1lja az alakj\u00e1t. T\u00f6bbfajta sz\u00ednben.<\/p>\n<p>A bl\u00fazr\u00f3l:<\/p>\n<ul>\n<li>Bord\u00e1s anyag<\/li>\n<li>H\u0151pr\u00e9ssel r\u00f6gz\u00edtett &#8220;Peach Pump&#8221; a v\u00e1llon<\/li>\n<li>Kiv\u00e1l\u00f3 rugalmass\u00e1g<\/li>\n<li> Varr\u00e1smentes ripsz anyag<\/li>\n<\/ul>\n<p>A leggingsr\u0151l:<\/p>\n<ul>\n<li> Megemeli, form\u00e1lja, el\u0171nteti a probl\u00e9m\u00e1s r\u00e9szeket<\/li>\n<li> T\u00f6m\u00f6rebb<\/li>\n<li> Der\u00e9kra simul\u00f3 ripsz anyagb\u00f3l k\u00e9sz\u00fclt \u00f6v<\/li>\n<li> Push Up effektus<\/li>\n<li> Varr\u00e1smentes el\u00f6l<\/li>\n<li> H\u0151pr\u00e9ssel r\u00f6gz\u00edtett Peach Pump log\u00f3 a leggings h\u00e1toldal\u00e1n<\/li>\n<li> Izzads\u00e1gelvezet\u0151 tulajdons\u00e1gokkal rendelkez\u0151 anyag<\/li>\n<li> K\u00fcl\u00f6nleges design<\/li>\n<li> Magas der\u00e9kr\u00e9sz<\/li>\n<\/ul>\n<p>Anyag\u00f6sszet\u00e9tel: 80% poli\u00e9szter, 20% elaszt\u00e1n A k\u00e9pen l\u00e1that\u00f3 modell 178 cm magas, 54 kg s\u00faly\u00fa \u00e9s M-es bl\u00faz \u00e9s leggingsbe p\u00f3zol<\/p>\n<p>A leggings k\u00edm\u00e9l\u0151 mos\u00e1ssal, legfeljebb 30 fokon moshat\u00f3. K\u00e9rj\u00fck, a tiszt\u00edt\u00e1s sor\u00e1n ne haszn\u00e1ljon feh\u00e9r\u00edt\u0151t vagy vegyi tiszt\u00edt\u00f3szereket.<\/p>\n","protected":false},"excerpt":{"rendered":"<p>Vil\u00e1gosk\u00e9k varr\u00e1smentes szett, t\u00f6m\u00f6r leggings \u00e9s hossz\u00faujj\u00fa torna p\u00f3l\u00f3. Ez az annyira m\u00fatatos modell ripsz anyagb\u00f3l k\u00e9sz\u00fclt, \u00e9s kiv\u00e1l\u00f3an illeszkedik a test form\u00e1j\u00e1hoz. A bl\u00faz nyakkiv\u00e1g\u00e1ssal rendelkezik, amely alkalmas a hidegebb \u0151szi\/t\u00e9li id\u0151j\u00e1r\u00e1si k\u00f6r\u00fclm\u00e9nyekhez, im\u00e1dni fogja a puhas\u00e1g\u00e1t \u00e9s azt, ahogyan simogatja a test\u00e9t. A leggings t\u00f6m\u00f6r, elasztikus anyagb\u00f3l k\u00e9sz\u00fclt, magas der\u00e9kr\u00e9sszel, kiemel\u0151 \u00e9s az [&hellip;]<\/p>\n","protected":false},"featured_media":50012,"comment_status":"open","ping_status":"closed","template":"","meta":[],"product_brand":[],"product_cat":[357,359],"product_tag":[],"class_list":{"0":"post-60757","1":"product","2":"type-product","3":"status-publish","4":"has-post-thumbnail","6":"product_cat-noi-sportruhazat","7":"product_cat-szett-leggings-s-portmelltart","8":"pa_cviat-kek","9":"pa_razmer-l-hu-2","10":"pa_razmer-m-hu","11":"pa_razmer-s-hu-2","12":"inventories-world","13":"inventories-uk","15":"first","16":"instock","17":"virtual","18":"taxable","19":"purchasable","20":"product-type-yith_bundle"},"_links":{"self":[{"href":"https:\/\/staging5.peach-pump.com\/hu\/wp-json\/wp\/v2\/product\/60757","targetHints":{"allow":["GET"]}}],"collection":[{"href":"https:\/\/staging5.peach-pump.com\/hu\/wp-json\/wp\/v2\/product"}],"about":[{"href":"https:\/\/staging5.peach-pump.com\/hu\/wp-json\/wp\/v2\/types\/product"}],"replies":[{"embeddable":true,"href":"https:\/\/staging5.peach-pump.com\/hu\/wp-json\/wp\/v2\/comments?post=60757"}],"version-history":[{"count":0,"href":"https:\/\/staging5.peach-pump.com\/hu\/wp-json\/wp\/v2\/product\/60757\/revisions"}],"wp:featuredmedia":[{"embeddable":true,"href":"https:\/\/staging5.peach-pump.com\/hu\/wp-json\/wp\/v2\/media\/50012"}],"wp:attachment":[{"href":"https:\/\/staging5.peach-pump.com\/hu\/wp-json\/wp\/v2\/media?parent=60757"}],"wp:term":[{"taxonomy":"product_brand","embeddable":true,"href":"https:\/\/staging5.peach-pump.com\/hu\/wp-json\/wp\/v2\/product_brand?post=60757"},{"taxonomy":"product_cat","embeddable":true,"href":"https:\/\/staging5.peach-pump.com\/hu\/wp-json\/wp\/v2\/product_cat?post=60757"},{"taxonomy":"product_tag","embeddable":true,"href":"https:\/\/staging5.peach-pump.com\/hu\/wp-json\/wp\/v2\/product_tag?post=60757"}],"curies":[{"name":"wp","href":"https:\/\/api.w.org\/{rel}","templated":true}]}}