{"id":69949,"date":"2022-09-21T07:39:42","date_gmt":"2022-09-21T05:39:42","guid":{"rendered":"https:\/\/staging5.peach-pump.com\/%d0\/"},"modified":"2025-02-09T18:54:00","modified_gmt":"2025-02-09T16:54:00","slug":"csere-es-visszakuldes","status":"publish","type":"page","link":"https:\/\/staging5.peach-pump.com\/hu\/csere-es-visszakuldes\/","title":{"rendered":"CSERE \u00c9S VISSZAK\u00dcLD\u00c9S"},"content":{"rendered":"\t\t<div data-elementor-type=\"wp-page\" data-elementor-id=\"69949\" class=\"elementor elementor-69949 elementor-20392\" data-elementor-post-type=\"page\">\n\t\t\t\t<div class=\"elementor-element elementor-element-0bdd6ac e-con-full e-flex e-con e-parent\" data-id=\"0bdd6ac\" data-element_type=\"container\">\n\t\t\t\t<div class=\"elementor-element elementor-element-3551429 elementor-widget elementor-widget-text-editor\" data-id=\"3551429\" data-element_type=\"widget\" data-widget_type=\"text-editor.default\">\n\t\t\t\t<div class=\"elementor-widget-container\">\n\t\t\t\t\t\t\t\t\t<h2 class=\"wp-block-heading\"><strong>CSERE \u00c9S VISSZAK\u00dcLD\u00c9S<\/strong><\/h2>\n\t\t\t\t\t\t\t\t<\/div>\n\t\t\t\t<\/div>\n\t\t\t\t<div class=\"elementor-element elementor-element-d330f9d elementor-widget__width-initial elementor-widget elementor-widget-shortcode\" data-id=\"d330f9d\" data-element_type=\"widget\" data-widget_type=\"shortcode.default\">\n\t\t\t\t<div class=\"elementor-widget-container\">\n\t\t\t\t\t\t\t<div class=\"elementor-shortcode\"><p class=\"wpcf7-contact-form-not-found\"><strong>Hiba:<\/strong> Kapcsolatfelv\u00e9teli \u0171rlap nem tal\u00e1lhat\u00f3.<\/p><\/div>\n\t\t\t\t\t\t<\/div>\n\t\t\t\t<\/div>\n\t\t\t\t<\/div>\n\t\t\t\t<\/div>\n\t\t","protected":false},"excerpt":{"rendered":"<p>CSERE \u00c9S VISSZAK\u00dcLD\u00c9S<\/p>\n","protected":false},"author":1,"featured_media":0,"parent":0,"menu_order":0,"comment_status":"closed","ping_status":"closed","template":"","meta":{"footnotes":""},"class_list":["post-69949","page","type-page","status-publish","hentry"],"_links":{"self":[{"href":"https:\/\/staging5.peach-pump.com\/hu\/wp-json\/wp\/v2\/pages\/69949","targetHints":{"allow":["GET"]}}],"collection":[{"href":"https:\/\/staging5.peach-pump.com\/hu\/wp-json\/wp\/v2\/pages"}],"about":[{"href":"https:\/\/staging5.peach-pump.com\/hu\/wp-json\/wp\/v2\/types\/page"}],"author":[{"embeddable":true,"href":"https:\/\/staging5.peach-pump.com\/hu\/wp-json\/wp\/v2\/users\/1"}],"replies":[{"embeddable":true,"href":"https:\/\/staging5.peach-pump.com\/hu\/wp-json\/wp\/v2\/comments?post=69949"}],"version-history":[{"count":17,"href":"https:\/\/staging5.peach-pump.com\/hu\/wp-json\/wp\/v2\/pages\/69949\/revisions"}],"predecessor-version":[{"id":105527,"href":"https:\/\/staging5.peach-pump.com\/hu\/wp-json\/wp\/v2\/pages\/69949\/revisions\/105527"}],"wp:attachment":[{"href":"https:\/\/staging5.peach-pump.com\/hu\/wp-json\/wp\/v2\/media?parent=69949"}],"curies":[{"name":"wp","href":"https:\/\/api.w.org\/{rel}","templated":true}]}}