{"id":69947,"date":"2022-06-23T07:25:12","date_gmt":"2022-06-23T05:25:12","guid":{"rendered":"https:\/\/staging5.peach-pump.com\/%d0\/"},"modified":"2025-02-09T18:59:34","modified_gmt":"2025-02-09T16:59:34","slug":"megrendeles-es-szallitas","status":"publish","type":"page","link":"https:\/\/staging5.peach-pump.com\/hu\/megrendeles-es-szallitas\/","title":{"rendered":"MEGRENDEL\u00c9S \u00c9S SZ\u00c1LL\u00cdT\u00c1S"},"content":{"rendered":"\t\t<div data-elementor-type=\"wp-page\" data-elementor-id=\"69947\" class=\"elementor elementor-69947 elementor-13\" data-elementor-post-type=\"page\">\n\t\t\t\t<div class=\"elementor-element elementor-element-1ced6ef1 e-flex e-con-boxed e-con e-parent\" data-id=\"1ced6ef1\" data-element_type=\"container\">\n\t\t\t\t\t<div class=\"e-con-inner\">\n\t\t\t\t<div class=\"elementor-element elementor-element-5c5a5799 elementor-widget elementor-widget-text-editor\" data-id=\"5c5a5799\" data-element_type=\"widget\" data-widget_type=\"text-editor.default\">\n\t\t\t\t<div class=\"elementor-widget-container\">\n\t\t\t\t\t\t\t\t\t\n<p> <\/p>\n\n<h2 class=\"wp-block-heading\"><strong>MEGRENDEL\u00c9S \u00c9S SZ\u00c1LL\u00cdT\u00c1S:<\/strong><\/h2>\n\n<p>H\u00e1zhozsz\u00e1ll\u00edt\u00e1st \u00e9s csomagautomata kisz\u00e1ll\u00edt\u00e1st k\u00edn\u00e1lunk a SPEEDY (DPD partner) fut\u00e1rszolg\u00e1lattal. <\/p>\n\n<figure class=\"wp-block-table\">\n<table>\n<tbody>\n<tr>\n<td>Orsz\u00e1g <\/td>\n<td>\u00c1r* <\/td>\n<td>Sz\u00e1ll\u00edt\u00e1si id\u0151: <\/td> \n<\/tr>\n<tr>\n<td>Rom\u00e1nia<\/td>\n<td>3\u20ac<\/td>\n<td>3-4 munkanap<\/td>\n<\/tr>\n<tr>\n<td>G\u00f6r\u00f6gorsz\u00e1g<\/td>\n<td>3\u20ac<\/td>\n<td>3-4 munkanap<\/td>\n<\/tr>\n<tr>\n<td>Lengyelorsz\u00e1g<\/td>\n<td>3\u20ac<\/td>\n<td>3-4 munkanap<\/td>\n<\/tr>\n<tr>\n<td>Szlov\u00e1kia<\/td>\n<td>3\u20ac<\/td>\n<td>3-4 munkanap<\/td>\n<\/tr>\n<tr>\n<td>Cseh K\u00f6zt\u00e1rsas\u00e1g<\/td>\n<td>3\u20ac<\/td>\n<td>3-4 munkanap<\/td>\n<\/tr>\n<tr>\n<td>Szlov\u00e9nia<\/td>\n<td>3\u20ac<\/td>\n<td>3-4 munkanap<\/td>\n<\/tr>\n<tr>\n<td>Magyarorsz\u00e1g<\/td>\n<td>3\u20ac<\/td>\n<td>3-4 munkanap<\/td>\n<\/tr>\n<tr>\n<td>Horv\u00e1torsz\u00e1g<\/td>\n<td>3\u20ac<\/td>\n<td>3-4 munkanap<\/td>\n<\/tr>\n<\/tbody>\n<\/table>\n<figcaption class=\"wp-element-caption\"><\/figcaption>\n<\/figure>\n\n<p>*A sz\u00e1ll\u00edt\u00e1si k\u00f6lts\u00e9g a V\u00e1s\u00e1rl\u00f3t terheli. A felsorolt k\u00f6lts\u00e9gek t\u00e1j\u00e9koztat\u00f3 jelleg\u0171ek a SPEEDY (DPD partner) CEE Economy szolg\u00e1ltat\u00e1sa alapj\u00e1n. A pontos sz\u00e1ll\u00edt\u00e1si k\u00f6lts\u00e9gek automatikusan kisz\u00e1m\u00edt\u00e1sra ker\u00fclnek az utols\u00f3 &#8220;Megrendel\u00e9s&#8221; l\u00e9p\u00e9sn\u00e9l a s\u00faly alapj\u00e1n, a sz\u00e1ll\u00edt\u00e1si m\u00f3d kiv\u00e1laszt\u00e1sa ut\u00e1n \u00e9s a fizet\u00e9s el\u0151tt.<\/p>\n\n<p><strong>FIZET\u00c9SI M\u00d3DOK<\/strong><\/p>\n\n<ul>\n<li>Hitelk\u00e1rty\u00e1val\/bet\u00e9ti k\u00e1rty\u00e1val &#8211; \u0430 Peach Pump weboldal a j\u00f3 h\u00edrnev\u0171 STRIPE-\u043e\u0442 haszn\u00e1lja a tranzakci\u00f3k lebonyol\u00edt\u00e1s\u00e1ra, amely gyors, biztons\u00e1gos \u00e9s egyszer\u0171 fizet\u00e9si folyamatot biztos\u00edt.<\/li>\n\n<li>Az ut\u00e1nv\u00e9tes fizet\u00e9s csak n\u00e9h\u00e1ny orsz\u00e1gban alkalmazhat\u00f3, ez az utols\u00f3 l\u00e9p\u00e9sben, a &#8220;Megrendel\u00e9s&#8221; pontn\u00e1l jelenik meg.<\/li>\n<\/ul>\n\n<h2 class=\"wp-block-heading\"><strong>RENDEL\u00c9S \u00c9S SZ\u00c1LL\u00cdT\u00c1S BULG\u00c1RI\u00c1BAN:<\/strong><\/h2>\n<p><\/p>\n<p>A megrendel\u00e9seket a feldolgoz\u00e1st\u00f3l sz\u00e1m\u00edtott k\u00e9t munkanapon bel\u00fcl teljes\u00edtj\u00fck. H\u00e1zhozsz\u00e1ll\u00edt\u00e1st \u00e9s csomagautomata kisz\u00e1ll\u00edt\u00e1st k\u00edn\u00e1lunk a SPEEDY (DPD partner) \u00e9s EKONT fut\u00e1rszolg\u00e1latokkal.<\/p>\n<p><\/p>\n<p><strong>SZ\u00c1LL\u00cdT\u00c1SI \u00c1R BULG\u00c1RI\u00c1BAN:<\/strong><\/p>\n<p><\/p>\n<p>A sz\u00e1ll\u00edt\u00e1si k\u00f6lts\u00e9gek a v\u00e1s\u00e1rl\u00f3t terhelik, \u00e9s a fut\u00e1rc\u00e9g \u00e9s a sz\u00e1ll\u00edt\u00e1si m\u00f3d kiv\u00e1laszt\u00e1sa ut\u00e1n a &#8220;Megrendel\u00e9s&#8221; utols\u00f3 l\u00e9p\u00e9s\u00e9n\u00e9l automatikusan kisz\u00e1m\u00edt\u00e1sra ker\u00fclnek a s\u00faly alapj\u00e1n.\nA keresked\u0151 fenntartja a jogot, hogy prom\u00f3ci\u00f3s felt\u00e9teleket biztos\u00edtson, amelyeken bel\u00fcl a sz\u00e1ll\u00edt\u00e1si k\u00f6lts\u00e9get saj\u00e1t k\u00f6lts\u00e9g\u00e9n v\u00e1llalja.\nA megrendelt \u00e1ru elk\u00fcld\u00e9se el\u0151tt a keresked\u0151 jogosult a felhaszn\u00e1l\u00f3 \u00e1ltal megadott telefonsz\u00e1mon kapcsolatba l\u00e9pni vele a megrendel\u00e9s \u00e9s\/vagy a sz\u00e1ll\u00edt\u00e1s r\u00e9szleteinek egyeztet\u00e9se \u00e9rdek\u00e9ben.  <\/p>\n<p><\/p>\n<p><strong>FIZET\u00c9SI M\u00d3DOK<\/strong><\/p>\n<p><\/p>\n<ul>\n<li>Ut\u00e1nv\u00e9teles fizet\u00e9s eset\u00e9n a fut\u00e1rszolg\u00e1lat \u00e1ltal el\u0151\u00edrt ut\u00e1nv\u00e9teli d\u00edjat is felsz\u00e1m\u00edtjuk \u00d6nnek, ha k\u00e9szp\u00e9nzben t\u00f6rt\u00e9nik a fizet\u00e9s.<\/li>\n\n<li>Hitelk\u00e1rty\u00e1val\/bet\u00e9ti k\u00e1rty\u00e1val &#8211; \u0430 Peach Pump weboldal a j\u00f3 h\u00edrnev\u0171 STRIPE-\u043e\u0442 haszn\u00e1lja a tranzakci\u00f3k lebonyol\u00edt\u00e1s\u00e1ra, amely gyors, biztons\u00e1gos \u00e9s egyszer\u0171 fizet\u00e9si folyamatot biztos\u00edt.<\/li>\n<\/ul>\n\n<p> <\/p>\n\t\t\t\t\t\t\t\t<\/div>\n\t\t\t\t<\/div>\n\t\t\t\t\t<\/div>\n\t\t\t\t<\/div>\n\t\t<div class=\"elementor-element elementor-element-4dcbfc5 e-grid e-con-boxed e-con e-parent\" data-id=\"4dcbfc5\" data-element_type=\"container\">\n\t\t\t\t\t<div class=\"e-con-inner\">\n\t\t\t\t\t<\/div>\n\t\t\t\t<\/div>\n\t\t\t\t<\/div>\n\t\t","protected":false},"excerpt":{"rendered":"<p>MEGRENDEL\u00c9S \u00c9S SZ\u00c1LL\u00cdT\u00c1S: H\u00e1zhozsz\u00e1ll\u00edt\u00e1st \u00e9s csomagautomata kisz\u00e1ll\u00edt\u00e1st k\u00edn\u00e1lunk a SPEEDY (DPD partner) fut\u00e1rszolg\u00e1lattal. Orsz\u00e1g \u00c1r* Sz\u00e1ll\u00edt\u00e1si id\u0151: Rom\u00e1nia 3\u20ac 3-4 munkanap G\u00f6r\u00f6gorsz\u00e1g 3\u20ac 3-4 munkanap Lengyelorsz\u00e1g 3\u20ac 3-4 munkanap Szlov\u00e1kia 3\u20ac 3-4 munkanap Cseh K\u00f6zt\u00e1rsas\u00e1g 3\u20ac 3-4 munkanap Szlov\u00e9nia 3\u20ac 3-4 munkanap Magyarorsz\u00e1g 3\u20ac 3-4 munkanap Horv\u00e1torsz\u00e1g 3\u20ac 3-4 munkanap *A sz\u00e1ll\u00edt\u00e1si k\u00f6lts\u00e9g a V\u00e1s\u00e1rl\u00f3t [&hellip;]<\/p>\n","protected":false},"author":1,"featured_media":0,"parent":0,"menu_order":0,"comment_status":"closed","ping_status":"closed","template":"","meta":{"footnotes":""},"class_list":["post-69947","page","type-page","status-publish","hentry"],"_links":{"self":[{"href":"https:\/\/staging5.peach-pump.com\/hu\/wp-json\/wp\/v2\/pages\/69947","targetHints":{"allow":["GET"]}}],"collection":[{"href":"https:\/\/staging5.peach-pump.com\/hu\/wp-json\/wp\/v2\/pages"}],"about":[{"href":"https:\/\/staging5.peach-pump.com\/hu\/wp-json\/wp\/v2\/types\/page"}],"author":[{"embeddable":true,"href":"https:\/\/staging5.peach-pump.com\/hu\/wp-json\/wp\/v2\/users\/1"}],"replies":[{"embeddable":true,"href":"https:\/\/staging5.peach-pump.com\/hu\/wp-json\/wp\/v2\/comments?post=69947"}],"version-history":[{"count":7,"href":"https:\/\/staging5.peach-pump.com\/hu\/wp-json\/wp\/v2\/pages\/69947\/revisions"}],"predecessor-version":[{"id":105660,"href":"https:\/\/staging5.peach-pump.com\/hu\/wp-json\/wp\/v2\/pages\/69947\/revisions\/105660"}],"wp:attachment":[{"href":"https:\/\/staging5.peach-pump.com\/hu\/wp-json\/wp\/v2\/media?parent=69947"}],"curies":[{"name":"wp","href":"https:\/\/api.w.org\/{rel}","templated":true}]}}