{"id":96344,"date":"2024-11-17T20:55:11","date_gmt":"2024-11-17T18:55:11","guid":{"rendered":"https:\/\/staging5.peach-pump.com\/products\/sportska-bluza-uz-tijelo-tamnoplava\/"},"modified":"2026-02-27T16:31:45","modified_gmt":"2026-02-27T14:31:45","slug":"sportska-bluza-uz-tijelo-tamnoplava","status":"publish","type":"product","link":"https:\/\/staging5.peach-pump.com\/hr\/products\/sportska-bluza-uz-tijelo-tamnoplava\/","title":{"rendered":"Tamnoplava sportska bluza uz tijelo s ovratnikom"},"content":{"rendered":"<p>Tamnoplava sportska bodi bluza s ovratnikom na patentni zatvara\u010d. Model ima duge rukave koji imaju mjesta za pal\u010deve, elasti\u010dan je i savr\u0161eno pristaje uz tijelo. Na ramenu ima toplinski zavaren logo &#8220;Peach Pump&#8221;. Pogodna je za fitness, tr\u010danje, aerobne vje\u017ebe ili \u0161etnju parkom, ne zadr\u017eava vlagu u tijelu. Kombinira se uz komplet s tajicama, mo\u017eete provjeriti u rubrici: &#8220;Sportski kompleti s tajicama&#8221;    <\/p>\n<ul>\n<li>Elasti\u010dna tkanina<\/li>\n<li>Ovratnik s patentnim zatvara\u010dem<\/li>\n<li>Toplinski zape\u010da\u0107en logo &#8220;Peach Pump&#8221; na ramenu<\/li>\n<li>Kratki kroj<\/li>\n<li>Mjesto za pal\u010deve<\/li>\n<li>Materijal koji ne zadr\u017eava vlagu u tijelu<\/li>\n<\/ul>\n<p>Bluza se mo\u017ee prati na temperaturi do 30 stupnjeva, nemojte je izbjeljivati, su\u0161iti u su\u0161ilici niti kemijski \u010distiti. Manekenka na slici je visoka 170 cm, te\u0161ka 54 kg i nosi veli\u010dinu S.<\/p>\n<p>Koristite tablice za odabir to\u010dne veli\u010dine.<\/p>\n","protected":false},"excerpt":{"rendered":"<p>Tamnoplava sportska bodi bluza s ovratnikom na patentni zatvara\u010d. Model ima duge rukave koji imaju mjesta za pal\u010deve, elasti\u010dan je i savr\u0161eno pristaje uz tijelo. Na ramenu ima toplinski zavaren logo &#8220;Peach Pump&#8221;. Pogodna je za fitness, tr\u010danje, aerobne vje\u017ebe ili \u0161etnju parkom, ne zadr\u017eava vlagu u tijelu. Kombinira se uz komplet s tajicama, mo\u017eete [&hellip;]<\/p>\n","protected":false},"featured_media":94923,"comment_status":"open","ping_status":"closed","template":"","meta":[],"product_brand":[],"product_cat":[340],"product_tag":[],"class_list":{"0":"post-96344","1":"product","2":"type-product","3":"status-publish","4":"has-post-thumbnail","6":"product_cat-zenske-bluze-sportske","7":"pa_cviat-tamno-plava","8":"pa_razmer-l-hr","9":"pa_razmer-m-hr","10":"pa_razmer-s-hr-2","11":"inventories-world","12":"inventories-pl","13":"inventories-uk","15":"first","16":"instock","17":"taxable","18":"shipping-taxable","19":"purchasable","20":"product-type-variable"},"_links":{"self":[{"href":"https:\/\/staging5.peach-pump.com\/hr\/wp-json\/wp\/v2\/product\/96344","targetHints":{"allow":["GET"]}}],"collection":[{"href":"https:\/\/staging5.peach-pump.com\/hr\/wp-json\/wp\/v2\/product"}],"about":[{"href":"https:\/\/staging5.peach-pump.com\/hr\/wp-json\/wp\/v2\/types\/product"}],"replies":[{"embeddable":true,"href":"https:\/\/staging5.peach-pump.com\/hr\/wp-json\/wp\/v2\/comments?post=96344"}],"version-history":[{"count":0,"href":"https:\/\/staging5.peach-pump.com\/hr\/wp-json\/wp\/v2\/product\/96344\/revisions"}],"wp:featuredmedia":[{"embeddable":true,"href":"https:\/\/staging5.peach-pump.com\/hr\/wp-json\/wp\/v2\/media\/94923"}],"wp:attachment":[{"href":"https:\/\/staging5.peach-pump.com\/hr\/wp-json\/wp\/v2\/media?parent=96344"}],"wp:term":[{"taxonomy":"product_brand","embeddable":true,"href":"https:\/\/staging5.peach-pump.com\/hr\/wp-json\/wp\/v2\/product_brand?post=96344"},{"taxonomy":"product_cat","embeddable":true,"href":"https:\/\/staging5.peach-pump.com\/hr\/wp-json\/wp\/v2\/product_cat?post=96344"},{"taxonomy":"product_tag","embeddable":true,"href":"https:\/\/staging5.peach-pump.com\/hr\/wp-json\/wp\/v2\/product_tag?post=96344"}],"curies":[{"name":"wp","href":"https:\/\/api.w.org\/{rel}","templated":true}]}}